{"id":133,"date":"2017-09-19T23:13:53","date_gmt":"2017-09-19T23:13:53","guid":{"rendered":"http:\/\/www.cerca.org.mx\/?page_id=133"},"modified":"2023-08-09T13:24:42","modified_gmt":"2023-08-09T17:24:42","slug":"transicion-energetica","status":"publish","type":"page","link":"https:\/\/cerca.org.mx\/en\/transicion-energetica\/","title":{"rendered":"Energy Transition"},"content":{"rendered":"<div id=\"pl-133\"  class=\"panel-layout\" ><div id=\"pg-133-0\"  class=\"panel-grid panel-has-style\" ><div class=\"siteorigin-panels-stretch panel-row-style panel-row-style-for-133-0\" data-stretch-type=\"full-stretched\" ><div id=\"pgc-133-0-0\"  class=\"panel-grid-cell\" ><div id=\"panel-133-0-0-0\" class=\"so-panel widget widget_sow-hero panel-first-child panel-last-child\" data-index=\"0\" ><div\n\t\t\t\n\t\t\tclass=\"so-widget-sow-hero so-widget-sow-hero-default-2c37bc93502e-133 so-widget-fittext-wrapper\"\n\t\t\t data-fit-text-compressor=\"0.85\"\n\t\t>\t\t\t\t<div class=\"sow-slider-base\" style=\"display: none\">\n\t\t\t\t\t<ul\n\t\t\t\t\tclass=\"sow-slider-images\"\n\t\t\t\t\tdata-settings=\"{&quot;pagination&quot;:true,&quot;speed&quot;:800,&quot;timeout&quot;:8000,&quot;paused&quot;:true,&quot;pause_on_hover&quot;:false,&quot;swipe&quot;:true,&quot;nav_always_show_desktop&quot;:&quot;&quot;,&quot;nav_always_show_mobile&quot;:&quot;&quot;,&quot;breakpoint&quot;:&quot;780px&quot;,&quot;unmute&quot;:false,&quot;anchor&quot;:null}\"\n\t\t\t\t\tstyle=\"min-height: 40%\"\t\t\t\t\tdata-anchor-id=\"\"\n\t\t\t\t>\t\t<li class=\"sow-slider-image  sow-slider-image-cover\" style=\"visibility: visible;;background-color: #333333;background-image: url(https:\/\/cerca.org.mx\/wp-content\/uploads\/2022\/08\/Nuestra-mision-scaled.jpg)\" >\n\t\t\t\t\t<div class=\"sow-slider-image-container\">\n\t\t\t<div class=\"sow-slider-image-wrapper\">\n\t\t\t\t<h1 style=\"text-align: center;color: ffffff;font-size: 150px\">Energy transition<\/h1>\t\t\t<\/div>\n\t\t<\/div>\n\t\t\t\t<\/li>\n\t\t<\/ul>\t\t\t\t<ol class=\"sow-slider-pagination\">\n\t\t\t\t\t\t\t\t\t\t\t<li><a href=\"#\" data-goto=\"0\" aria-label=\"display slide 1\"><\/a><\/li>\n\t\t\t\t\t\t\t\t\t<\/ol>\n\n\t\t\t\t<div class=\"sow-slide-nav sow-slide-nav-next\">\n\t\t\t\t\t<a href=\"#\" data-goto=\"next\" aria-label=\"next slide\" data-action=\"next\">\n\t\t\t\t\t\t<em class=\"sow-sld-icon-thin-right\"><\/em>\n\t\t\t\t\t<\/a>\n\t\t\t\t<\/div>\n\n\t\t\t\t<div class=\"sow-slide-nav sow-slide-nav-prev\">\n\t\t\t\t\t<a href=\"#\" data-goto=\"previous\" aria-label=\"previous slide\" data-action=\"prev\">\n\t\t\t\t\t\t<em class=\"sow-sld-icon-thin-left\"><\/em>\n\t\t\t\t\t<\/a>\n\t\t\t\t<\/div>\n\t\t\t\t<\/div><\/div><\/div><\/div><\/div><\/div><div id=\"pg-133-1\"  class=\"panel-grid panel-no-style\" ><div id=\"pgc-133-1-0\"  class=\"panel-grid-cell\" ><div id=\"panel-133-1-0-0\" class=\"widget_text so-panel widget widget_custom_html panel-first-child panel-last-child\" data-index=\"1\" ><div class=\"textwidget custom-html-widget\"><h1 style=\"text-align: left; color: #005bab;\"><strong>Thermal Power Plant<\/strong><\/h1>\n<p style=\"text-align: left;  font-size: 15px;\">In Baja California Sur, the main sources of power generation are thermoelectric plants and\ninternal combustion plants, one of which can be found in the municipality of Comond\u00fa, which\nis the General Agust\u00edn Olachea thermoelectric plant in the town of Puerto San Carlos. Which\nhas been operating since 1991, and the other is the Punta Prieta thermoelectric plant,\nlocated in La Paz, and has been operating since 1979.<\/p>\n\n<p style=\"text-align: left;  font-size: 15px;\">Thermoelectric power plants work with fuel oil and diesel to heat or boil water in a boiler,\nwhich generates saturated steam and superheated steam, this steam has high pressure and temperature, approximately up to 1400 C, and they move a series of blades or turbine at high speed, and all this passes to an electrical energy generator, which is what reaches the\nhomes. <\/p>\n\n<p style=\"text-align: left;  font-size: 15px;\">Also, there are internal combustion plants, which use fuel oil to work, but the main difference is that internal combustion plants use the gases produced from a combustion chamber, so they must be \"burning\" or consuming constantly a greater quantity of fuel in these \u201cengines.\u201d\nWhich implies greater contamination by the residues that they emit from combustion. <\/p><\/div><\/div><\/div><div id=\"pgc-133-1-1\"  class=\"panel-grid-cell\" ><div id=\"panel-133-1-1-0\" class=\"so-panel widget widget_media_image panel-first-child panel-last-child\" data-index=\"2\" ><img loading=\"lazy\" decoding=\"async\" width=\"2560\" height=\"1941\" src=\"https:\/\/cerca.org.mx\/wp-content\/uploads\/2022\/08\/Pluma-CCI-10-scaled.jpg\" class=\"image wp-image-4022  attachment-full size-full\" alt=\"\" style=\"max-width: 100%; height: auto;\" srcset=\"https:\/\/cerca.org.mx\/wp-content\/uploads\/2022\/08\/Pluma-CCI-10-scaled.jpg 2560w, https:\/\/cerca.org.mx\/wp-content\/uploads\/2022\/08\/Pluma-CCI-10-300x227.jpg 300w, https:\/\/cerca.org.mx\/wp-content\/uploads\/2022\/08\/Pluma-CCI-10-1024x776.jpg 1024w, https:\/\/cerca.org.mx\/wp-content\/uploads\/2022\/08\/Pluma-CCI-10-768x582.jpg 768w, https:\/\/cerca.org.mx\/wp-content\/uploads\/2022\/08\/Pluma-CCI-10-1536x1164.jpg 1536w, https:\/\/cerca.org.mx\/wp-content\/uploads\/2022\/08\/Pluma-CCI-10-2048x1552.jpg 2048w, https:\/\/cerca.org.mx\/wp-content\/uploads\/2022\/08\/Pluma-CCI-10-16x12.jpg 16w\" sizes=\"auto, (max-width: 2560px) 100vw, 2560px\" \/><\/div><\/div><\/div><div id=\"pg-133-2\"  class=\"panel-grid panel-has-style\" ><div class=\"panel-row-style panel-row-style-for-133-2\" ><div id=\"pgc-133-2-0\"  class=\"panel-grid-cell\" ><div id=\"panel-133-2-0-0\" class=\"so-panel widget widget_sow-headline panel-first-child\" data-index=\"3\" ><div class=\"panel-widget-style panel-widget-style-for-133-2-0-0\" ><div\n\t\t\t\n\t\t\tclass=\"so-widget-sow-headline so-widget-sow-headline-default-f9affa0582cb-133\"\n\t\t\t\n\t\t><div class=\"sow-headline-container\">\n\t<h2 class='sow-headline'>Did you know that in Baja California Sur we have one of the highest electricity rates in the\ncountry?<\/h2>\t\t\t\t\t<div class=\"decoration\">\n\t\t\t\t\t\t<div class=\"decoration-inside\"><\/div>\n\t\t\t\t\t<\/div>\n\t\t\t\t\t<\/div>\n<\/div><\/div><\/div><div id=\"panel-133-2-0-1\" class=\"so-panel widget widget_media_image panel-last-child\" data-index=\"4\" ><img loading=\"lazy\" decoding=\"async\" width=\"1820\" height=\"979\" src=\"https:\/\/cerca.org.mx\/wp-content\/uploads\/2022\/08\/tarifa-luz.jpg\" class=\"image wp-image-4021  attachment-full size-full\" alt=\"\" style=\"max-width: 100%; height: auto;\" srcset=\"https:\/\/cerca.org.mx\/wp-content\/uploads\/2022\/08\/tarifa-luz.jpg 1820w, https:\/\/cerca.org.mx\/wp-content\/uploads\/2022\/08\/tarifa-luz-300x161.jpg 300w, https:\/\/cerca.org.mx\/wp-content\/uploads\/2022\/08\/tarifa-luz-1024x551.jpg 1024w, https:\/\/cerca.org.mx\/wp-content\/uploads\/2022\/08\/tarifa-luz-768x413.jpg 768w, https:\/\/cerca.org.mx\/wp-content\/uploads\/2022\/08\/tarifa-luz-1536x826.jpg 1536w, https:\/\/cerca.org.mx\/wp-content\/uploads\/2022\/08\/tarifa-luz-18x10.jpg 18w\" sizes=\"auto, (max-width: 1820px) 100vw, 1820px\" \/><\/div><\/div><\/div><\/div><div id=\"pg-133-3\"  class=\"panel-grid panel-no-style\" ><div id=\"pgc-133-3-0\"  class=\"panel-grid-cell\" ><div id=\"panel-133-3-0-0\" class=\"so-panel widget widget_sow-headline panel-first-child panel-last-child\" data-index=\"5\" ><div class=\"panel-widget-style panel-widget-style-for-133-3-0-0\" ><div\n\t\t\t\n\t\t\tclass=\"so-widget-sow-headline so-widget-sow-headline-default-f9affa0582cb-133\"\n\t\t\t\n\t\t><div class=\"sow-headline-container\">\n\t<h2 class='sow-headline'>Why is electricity so expensive in Baja California Sur?<\/h2>\t\t\t\t\t<div class=\"decoration\">\n\t\t\t\t\t\t<div class=\"decoration-inside\"><\/div>\n\t\t\t\t\t<\/div>\n\t\t\t\t\t<\/div>\n<\/div><\/div><\/div><\/div><\/div><div id=\"pg-133-4\"  class=\"panel-grid panel-has-style\" ><div class=\"panel-row-style panel-row-style-for-133-4\" ><div id=\"pgc-133-4-0\"  class=\"panel-grid-cell\" ><div id=\"panel-133-4-0-0\" class=\"widget_text so-panel widget widget_custom_html panel-first-child\" data-index=\"6\" ><div class=\"textwidget custom-html-widget\"><h3 style=\"text-align: left; color: #61C6BF; margin-bottom:5px;\"><strong>Use fossil fuels:<\/strong><\/h3>\n<p style=\"text-align: left;  font-size: 15px;\">The generation of electricity in Baja California Sur depends on the burning of fuel oil, gas,\nand other fossil fuels, which are increasingly expensive and scarce.<\/p>\n\n<h3 style=\"text-align: left; color: #61C6BF;margin-bottom:5px;\"><strong>The central is obsolete:<\/strong><\/h3>\n<p style=\"text-align: left;  font-size: 15px;\">They use old and unhealthy generation methods.<\/p>\n\n<h3 style=\"text-align: left; color: #61C6BF;margin-bottom:5px;\"><strong>Lack of balance between consumption and generation:<\/strong><\/h3>\n<p style=\"text-align: left;  font-size: 15px;\">The energy that is needed throughout the state is produced in only 2 of the 5 municipalities,\nwhich generates high distribution costs.<\/p><\/div><\/div><div id=\"panel-133-4-0-1\" class=\"widget_text so-panel widget widget_custom_html panel-last-child\" data-index=\"7\" ><div class=\"textwidget custom-html-widget\"><h1 style=\"text-align: left; color: #005bab;\"><strong>Energy efficiency<\/strong><\/h1>\n<p style=\"text-align: left;  font-size: 15px;\">It is to improve the use we give to energy sources, that is, the way in which we use energy\nrationally and efficiently, to obtain some positive result by consuming what is necessary, not more.<\/p>\n\n<p style=\"text-align: left;  font-size: 15px;\">In the following sections you will find our calculator where, depending on the electrical\nappliances in your home, you can calculate your electricity expenses during high and low\nseasons, and even calculate your emission based on it.<\/p>\n<\/div><\/div><\/div><div id=\"pgc-133-4-1\"  class=\"panel-grid-cell\" ><div id=\"panel-133-4-1-0\" class=\"so-panel widget widget_media_image panel-first-child\" data-index=\"8\" ><img loading=\"lazy\" decoding=\"async\" width=\"703\" height=\"517\" src=\"https:\/\/cerca.org.mx\/wp-content\/uploads\/2022\/08\/Problematica.jpg\" class=\"image wp-image-3624  attachment-full size-full\" alt=\"\" style=\"max-width: 100%; height: auto;\" srcset=\"https:\/\/cerca.org.mx\/wp-content\/uploads\/2022\/08\/Problematica.jpg 703w, https:\/\/cerca.org.mx\/wp-content\/uploads\/2022\/08\/Problematica-300x221.jpg 300w, https:\/\/cerca.org.mx\/wp-content\/uploads\/2022\/08\/Problematica-16x12.jpg 16w\" sizes=\"auto, (max-width: 703px) 100vw, 703px\" \/><\/div><div id=\"panel-133-4-1-1\" class=\"so-panel widget widget_media_image panel-last-child\" data-index=\"9\" ><img loading=\"lazy\" decoding=\"async\" width=\"868\" height=\"301\" src=\"https:\/\/cerca.org.mx\/wp-content\/uploads\/2022\/08\/Icono-Energia.png\" class=\"image wp-image-4025  attachment-full size-full\" alt=\"\" style=\"max-width: 100%; height: auto;\" srcset=\"https:\/\/cerca.org.mx\/wp-content\/uploads\/2022\/08\/Icono-Energia.png 868w, https:\/\/cerca.org.mx\/wp-content\/uploads\/2022\/08\/Icono-Energia-300x104.png 300w, https:\/\/cerca.org.mx\/wp-content\/uploads\/2022\/08\/Icono-Energia-768x266.png 768w, https:\/\/cerca.org.mx\/wp-content\/uploads\/2022\/08\/Icono-Energia-18x6.png 18w\" sizes=\"auto, (max-width: 868px) 100vw, 868px\" \/><\/div><\/div><\/div><\/div><div id=\"pg-133-5\"  class=\"panel-grid panel-has-style\" ><div class=\"panel-row-style panel-row-style-for-133-5\" ><div id=\"pgc-133-5-0\"  class=\"panel-grid-cell\" ><div id=\"panel-133-5-0-0\" class=\"widget_text so-panel widget widget_custom_html panel-first-child panel-last-child\" data-index=\"10\" ><div class=\"textwidget custom-html-widget\"><html lang=\"es\">\n<head>\n\t<meta charset=\"utf-8\">\n\t<title>Cerca- Calculadora<\/title>\n\n\t<style>\n\t\tbody {\n\t\t\tmargin: 0;\n\t\t\tpadding: 0;\n\t\t\tfont-family: Helvetica, Arial, sans-serif;\n\t\t\tcolor: #666;\n\t\t\tbackground: white; \n\t\t\tfont-size: .9em;\n\t\t\tline-height: 1.4em;\n\t\t}\n\t\th1 {\n\t\t\tfont-size: 2.3em;\n\t\t\tline-height: 1.3em;\n\t\t\tmargin: 15px 0;\n\t\t\ttext-align: center;\n\t\t\tfont-weight: 300;\n\t\t}\n\t\tp {\n\t\t\tmargin: 0 0 1.5em 0;\n\t\t}\n\t\t \n\t\t table {\n\t\t    font-family: Helvetica, Arial, sans-serif;\n\t\t    border-collapse: collapse;\n\t\t    width: 80%;\n\t\t}\n\n\t\ttd, th {\n\t\t    border: 1px solid #dddddd;\n\t\t    text-align: left;\n\t\t    padding: .3em;\n\t\t}\n\n\t\ttr:nth-child(even) {\n\t\t    background-color: #aadbee;\n\t\t}\n\n\t\t#main-footer {\n\t\t\tbackground: white;\n\t\t\tcolor: black;\n\t\t\ttext-align: center;\n\t\t\tpadding: 20px;\n\t\t\tmargin-top: 40px;\n\t\t}\n\t\t\t#main-footer p {\n\t\t\t\tmargin: 0;\n\t\t\t}\n\t\t\t\n\t\t\t#main-footer a {\n\t\t\t\tcolor: black;\n\t\t\t}\n\t<\/style>\n\n\t<script>\n\t\tfunction init() \n            {\n\t\t\t\t\/\/ Get a reference to our touch-sensitive element\n\t\t\t\tvar touchzone = document.getElementById(\"touchzone\");\n\t\t\t\t\/\/ Add an event handler for the touchstart event\n\t\t\t\ttouchzone.addEventListener(\"touchstart\", touchHandler, false);\n\t\t\t}\n\n\t\tfunction touchHandler(event) {\n\t\t\tmyFunction();\n\t\t\t}\t\n\t\tfunction myFunction() {\n\t\t    document.getElementById(\"ConPc\").innerHTML = \"Consumo\";\n\t\t    var consumos = [5.7, 1.35, 68.4,18.41,13.68,59,17.89,2.05,0.03,90,150.8];\n\t\t    var cant= [document.getElementById('1A').value, document.getElementById('2A').value, document.getElementById('3A').value, document.getElementById('4A').value, document.getElementById('5A').value, document.getElementById('6A').value, document.getElementById('7A').value, document.getElementById('8A').value, document.getElementById('9A').value, document.getElementById('10A').value, document.getElementById('11A').value];\n\n\t\t\tdocument.getElementById(\"ConMicro\").innerHTML = (consumos[0] * cant[0]).toFixed(2);document.getElementById(\"ConFoco\").innerHTML = (consumos[1] * cant[1]).toFixed(2);\n\t\t\tdocument.getElementById(\"ConRefri\").innerHTML = (consumos[2] * cant[2]).toFixed(2);document.getElementById(\"ConTv\").innerHTML = (consumos[3] * cant[3]).toFixed(2);\n\t\t\tdocument.getElementById(\"ConAba\").innerHTML = (consumos[4] * cant[4]).toFixed(2);document.getElementById(\"ConPc\").innerHTML = (consumos[5] * cant[5]).toFixed(2);\n\t\t\tdocument.getElementById(\"ConLava\").innerHTML = (consumos[6] * cant[6]).toFixed(2);document.getElementById(\"ConLicua\").innerHTML = (consumos[7] * cant[7]).toFixed(2);\n\t\t\tdocument.getElementById(\"ConVideo\").innerHTML = (consumos[8] * cant[8]).toFixed(2);document.getElementById(\"ConBoi\").innerHTML = (consumos[9] * cant[9]).toFixed(2);\n\t\t\tdocument.getElementById(\"ConAC\").innerHTML = (consumos[10] * cant[10]).toFixed(2);\n\t\t\tvar total = 0 ;\n\t\t\tvar totalConsumo = 0;\n\t\t\tfor (i = 0; i < cant.length; i++) { \n    \t\ttotalConsumo += (cant[i] * consumos[i]);\n    \t\tif (!cant[i]) {\t\n    \t\t}\n    \t\telse\n    \t\t{\n    \t\t\ttotal += parseInt(cant[i]);\n    \t\t}\n\t\t\t}\t\n\t\t\tdocument.getElementById(\"Cant\").innerHTML = total;\n\t\t\tdocument.getElementById(\"ConTotal\").innerHTML = totalConsumo.toFixed(2);\n\t\t\t\/\/CALCULO DE GASTO\n\t\t\tvar basico = 0, inter = 0, inter2 = 0, excedente = 0;\n            var consumoMes2 = parseInt(totalConsumo);\n            \/\/TEMPORADA ALTA\n            if (consumoMes2 <= 600)\n                    {\n                        basico = consumoMes2;\n                    }\n                    else if (consumoMes2 <= 1500)\n                    {\n                        basico = 600;\n                        inter = consumoMes2 - 600;\n                    }\n                    else if (consumoMes2 <= 1800)\n                    {\n                        basico = 600;\n                        inter = 900;\n                        inter2 = consumoMes2 - 1500;\n                    }\n                    else\n                    {\n                        basico = 600;\n                        inter = 900;\n                        inter2 = 300;\n                        excedente = (consumoMes2 - 1800);\n                    }\n                    document.getElementById(\"SubAlta\").innerHTML = ((basico * 0.583) + (inter * 0.726) + (inter2 * 0.948) + (excedente * 2.802)).toFixed(2);\n                    document.getElementById(\"IvaAlta\").innerHTML = (((basico * 0.583) + (inter * 0.726) + (inter2 * 0.948) + (excedente * 2.802)) * .16).toFixed(2);\n                    document.getElementById(\"TotalAlta\").innerHTML = (((basico * 0.583) + (inter * 0.726) + (inter2 * 0.948) + (excedente * 2.802)) + (((basico * 0.583) + (inter * 0.726) + (inter2 * 0.948) + (excedente * 2.802)) * .16)).toFixed(2);\n             \/\/TEMPORADA BAJA\n             \tvar basico = 0, inter = 0, inter2 = 0, excedente = 0;\n            \tvar consumoMes2 = parseInt(totalConsumo);\n                    if (consumoMes2 <= 150)\n                    {\n                        basico = consumoMes2;\n                    }\n                    else if (consumoMes2 <= 400)\n                    {\n                        basico = 150;\n                        inter = consumoMes2 - 150;\n                    }\n                    else\n                    {\n                        basico = 150;\n                        inter = 250;\n                        inter2 = consumoMes2 - 400;\n                    }\n                    \/\/MessageBox.Show(basico + \"- \" + inter + \"- \" + inter2 + \"- \" + excedente);\n                    document.getElementById(\"SubBaja\").innerHTML = ((basico * 0.793) + (inter * 0.956) + (inter2 * 2.802)).toFixed(2);\n                    document.getElementById(\"IvaBaja\").innerHTML = (((basico * 0.793) + (inter * 0.956) + (inter2 * 2.802)) * .16).toFixed(2);\n                    document.getElementById(\"TotalBaja\").innerHTML = (((basico * 0.793) + (inter * 0.956) + (inter2 * 2.802)) + (((basico * 0.793) + (inter * 0.956) + (inter2 * 2.802)) * .16)).toFixed(2);\n                   \n\t\t\tif(document.getElementById(\"ConTotal\").innerText == 0){\n\t\t\t\tconsumo = document.getElementById(\"ConkWh\").value;\n\t\t\t\t\n\t\t\t}else{\n\t\t\t\tconsumo = document.getElementById(\"ConTotal\").innerText;\n\t\t\t}\n\t\t\tdocument.getElementById(\"EGEI\").innerHTML = (0.80275 * consumo).toFixed(2);\n\t\t\tdocument.getElementById(\"Criterio\").innerHTML = (20.4912 * consumo).toFixed(2);\n\n\t\t\t\/\/window.alert(document.getElementById(\"ConTotal\").innerText)\n\n\t\t}\n\t<\/script>\n\n<\/head>\n \n<body>\n\t\t\n\t<section id=\"main-content\">\n\t\n\t\t<article>\n\t\t\t<header>\n\t\t\t\t<h1 style=\"text-align: center; color: #005bab;\"><strong>Calculate your electricity consumption<\/strong><\/h1>\n\t\t\t<\/header>\n\n\n\t\t\t<div class=\"content\" style=\"overflow-x:auto; margin-left: 20%;\">\n\t\t\t\t<table>\n\t\t\t\t  <tr>\n\t\t\t\t    <th>DEVICE<\/th>\n\t\t\t\t    <th>QUANTITY<x>\n\t\t\t\t    <th>ENERGY\nCONSUMPTION (kWh)<\/th>\n\t\t\t\t    <th colspan=\"2\">PRICE (Mexican\npesos)<\/th>\n\t\t\t\t  <\/tr>\n\t\t\t\t  <tr>\n\t\t\t\t    <td>Microwave oven<\/td>\n\t\t\t\t    <td><input type=\"number\" id=\"1A\"><\/td>\n\t\t\t\t    <td id=\"ConMicro\">0<\/td>\n\t\t\t\t    <th colspan=\"2\">High season<\/th>\n\t\t\t\t  <\/tr>\n\t\t\t\t  <tr>\n\t\t\t\t    <td>Lightbulbs<\/td>\n\t\t\t\t    <td><input type=\"number\" id=\"2A\"><\/td>\n\t\t\t\t    <td id=\"ConFoco\">0<\/td>\n\t\t\t\t    <!--TEMPORADA ALTA -->\n\t\t\t\t    <td>Subtotal<\/td>\n\t\t\t\t    <td id=\"SubAlta\">0<\/td>\n\t\t\t\t  <\/tr>\n\t\t\t\t  <tr>\n\t\t\t\t    <td>Refrigerator<\/td>\n\t\t\t\t    <td><input type=\"number\" id=\"3A\"><\/td>\n\t\t\t\t    <td id=\"ConRefri\">0<\/td>\n\t\t\t\t    <td>VAT<\/td>\n\t\t\t\t    <td id=\"IvaAlta\">0<\/td>\n\t\t\t\t  <\/tr>\n\t\t\t\t  <tr>\n\t\t\t\t    <td>Television<\/td>\n\t\t\t\t    <td><input type=\"number\" id=\"4A\"><\/td>\n\t\t\t\t    <td id=\"ConTv\">0<\/td>\n\t\t\t\t    <td>Total:<\/td>\n\t\t\t\t    <td id=\"TotalAlta\">0<\/td>\n\t\t\t\t  <\/tr>\n\t\t\t\t  <tr>\n\t\t\t\t    <td>Fans<\/td>\n\t\t\t\t    <td><input type=\"number\" id=\"5A\"><\/td>\n\t\t\t\t    <td id=\"ConAba\">0<\/td>\n\t\t\t\t\t<th colspan=\"2\">Low season<\/th>\n\t\t\t\t  <\/tr>\n\t\t\t\t  <tr>\n\t\t\t\t    <td>PCs<\/td>\n\t\t\t\t    <td><input type=\"number\" id=\"6A\"><\/td>\n\t\t\t\t    <td id=\"ConPc\">0<\/td>\n\t\t\t\t    <td>Subtotal<\/td>\n\t\t\t\t    <td id=\"SubBaja\">0<\/td>\n\t\t\t\t  <\/tr>\n\t\t\t\t   <tr>\n\t\t\t\t    <td>Washing machine<\/td>\n\t\t\t\t    <td><input type=\"number\" id=\"7A\"><\/td>\n\t\t\t\t    <td id=\"ConLava\">0<\/td>\n\t\t\t\t    <td>VAT<\/td>\n\t\t\t\t    <td id=\"IvaBaja\">0<\/td>\n\t\t\t\t  <\/tr>\n\t\t\t\t   <tr>\n\t\t\t\t    <td>Blender<\/td>\n\t\t\t\t    <td><input type=\"number\" id=\"8A\"><\/td>\n\t\t\t\t    <td id=\"ConLicua\">0<\/td>\n\t\t\t\t    <td>Total:<\/td>\n\t\t\t\t    <td id=\"TotalBaja\">0<\/td>\n\t\t\t\t  <\/tr>\n\t\t\t\t   <tr>\n\t\t\t\t    <td>Phone charger<\/td>\n\t\t\t\t    <td><input type=\"number\" id=\"9A\"><\/td>\n\t\t\t\t    <td id=\"ConVideo\">0<\/td>\n\t\t\t\t    <th>Estimate your\nemissions <\/th>\n\t\t\t\t    <td><\/td>\n\t\t\t\t  <\/tr>\n\t\t\t\t   <tr>\n\t\t\t\t    <td>Boiler<\/td>\n\t\t\t\t    <td><input type=\"number\" id=\"10A\"><\/td>\n\t\t\t\t    <td id=\"ConBoi\">0<\/td>\n\t\t\t\t    <td>Consumption\nkWh<\/td>\n\t\t\t\t    <td><input type=\"number\" id=\"ConkWh\"><\/td>\n\t\t\t\t  <\/tr>\n\t\t\t\t  <tr>\n\t\t\t\t    <td>Air Conditioning<\/td>\n\t\t\t\t    <td><input type=\"number\" id=\"11A\"><\/td>\n\t\t\t\t    <td id=\"ConAC\">0<\/td>\n\t\t\t\t    <td>Emission of GHG\n(kgCO2e\/kWh)<\/td>\n\t\t\t\t    <td id=\"EGEI\">0<\/td>\n\t\t\t\t  <\/tr>\n\t\t\t\t  <tr>\n\t\t\t\t    <td>Total<\/td>\n\t\t\t\t    <td id=\"Cant\">0<\/td>\n\t\t\t\t    <td id=\"ConTotal\">0<\/td>\n\t\t\t\t    <td>Emission of\ncriteria pollutants<\/td>\n\t\t\t\t    <td id=\"Criterio\">0<\/td>\n\t\t\t\t  <\/tr>\n\t\t\t\t<\/table>\n\t\t\t\t<button type=\"button\" id=\"touchzone\" onclick=\"myFunction()\">Calculate<\/button>\n\t\t\t<\/div>\n\t\t\t\n\t\t<\/article> <!-- \/article -->\n\t\n\t<\/section> <!-- \/ #main-content -->\n\n\t<footer id=\"main-footer\">\n\t\t<p>\u00a9 2017, The consumption is calculated using the power and average consumption provided by the\nInstituto Nicaraguense de Energ\u00eda (INE), the emission factors are calculated with the estimations from La\nPaz emissions inventory (Berm\u00fadez et. al, 2013) for the power generation plants : CCI BCS and Punta\nPrieta.<\/p>\n\t<\/footer> <!-- \/ #main-footer -->\n \n\t\n<\/body>\n<\/html><\/div><\/div><\/div><\/div><\/div><\/div>","protected":false},"excerpt":{"rendered":"<p>Transici\u00f3n energ\u00e9tica Central Termoel\u00e9ctrica En Baja California Sur las principales fuentes para la generaci\u00f3n de energ\u00eda son las centrales termoel\u00e9ctricas y tambi\u00e9n centrales de combusti\u00f3n Interna, una de ellas la podemos encontrar en el municipio de Comond\u00fa, que es la central termoel\u00e9ctrica General Agust\u00edn Olachea en la localidad de Puerto San Carlos y opera desde &hellip;<\/p>\n<p class=\"read-more\"> <a class=\"\" href=\"https:\/\/cerca.org.mx\/en\/transicion-energetica\/\"> <span class=\"screen-reader-text\">Energy Transition<\/span> Read More &raquo;<\/a><\/p>","protected":false},"author":1,"featured_media":0,"parent":0,"menu_order":0,"comment_status":"closed","ping_status":"closed","template":"","meta":{"footnotes":""},"class_list":["post-133","page","type-page","status-publish","hentry"],"_links":{"self":[{"href":"https:\/\/cerca.org.mx\/en\/wp-json\/wp\/v2\/pages\/133","targetHints":{"allow":["GET"]}}],"collection":[{"href":"https:\/\/cerca.org.mx\/en\/wp-json\/wp\/v2\/pages"}],"about":[{"href":"https:\/\/cerca.org.mx\/en\/wp-json\/wp\/v2\/types\/page"}],"author":[{"embeddable":true,"href":"https:\/\/cerca.org.mx\/en\/wp-json\/wp\/v2\/users\/1"}],"replies":[{"embeddable":true,"href":"https:\/\/cerca.org.mx\/en\/wp-json\/wp\/v2\/comments?post=133"}],"version-history":[{"count":20,"href":"https:\/\/cerca.org.mx\/en\/wp-json\/wp\/v2\/pages\/133\/revisions"}],"predecessor-version":[{"id":5133,"href":"https:\/\/cerca.org.mx\/en\/wp-json\/wp\/v2\/pages\/133\/revisions\/5133"}],"wp:attachment":[{"href":"https:\/\/cerca.org.mx\/en\/wp-json\/wp\/v2\/media?parent=133"}],"curies":[{"name":"wp","href":"https:\/\/api.w.org\/{rel}","templated":true}]}}