{"id":138,"date":"2017-09-19T23:23:41","date_gmt":"2017-09-19T23:23:41","guid":{"rendered":"http:\/\/www.cerca.org.mx\/?page_id=138"},"modified":"2021-09-30T15:08:23","modified_gmt":"2021-09-30T19:08:23","slug":"salud","status":"publish","type":"page","link":"https:\/\/cerca.org.mx\/en\/salud\/","title":{"rendered":"Health"},"content":{"rendered":"<div id=\"pl-138\"  class=\"panel-layout\" ><div id=\"pg-138-0\"  class=\"panel-grid panel-has-style\" ><div class=\"panel-row-style panel-row-style-for-138-0\" ><div id=\"pgc-138-0-0\"  class=\"panel-grid-cell\" ><div id=\"panel-138-0-0-0\" class=\"so-panel widget widget_sow-editor panel-first-child panel-last-child\" data-index=\"0\" ><div\n\t\t\t\n\t\t\tclass=\"so-widget-sow-editor so-widget-sow-editor-base\"\n\t\t\t\n\t\t>\n<div class=\"siteorigin-widget-tinymce textwidget\">\n\t<hr \/>\n<h2 style=\"text-align: center;\"><span style=\"color: #2aa5d6;\">HEALTH<\/span><\/h2>\n<hr \/>\n<\/div>\n<\/div><\/div><\/div><\/div><\/div><div id=\"pg-138-1\"  class=\"panel-grid panel-has-style\" ><div class=\"panel-row-style panel-row-style-for-138-1\" ><div id=\"pgc-138-1-0\"  class=\"panel-grid-cell\" ><div id=\"panel-138-1-0-0\" class=\"so-panel widget widget_sow-editor panel-first-child panel-last-child\" data-index=\"1\" ><div\n\t\t\t\n\t\t\tclass=\"so-widget-sow-editor so-widget-sow-editor-base\"\n\t\t\t\n\t\t>\n<div class=\"siteorigin-widget-tinymce textwidget\">\n\t<p><strong>Which are the most important pollutants in contemporary urban environments?<\/strong><\/p>\n<p>In this century, the pollutants that we find in urban atmospheres are mainly emitted by the combustion\nof petroleum products, in the case of La Paz fuels such as fuel oil, diesel and gasoline are used; the two\npower generation plants located in this city (Punta Prieta and Central de Combusti\u00f3n Interna \u201cCCI\u201d Baja\nCalifornia Sur) burned significant amounts of fuel oil and diesel. Another contributing factor to\nenvironmental pollution of La Paz, are mobile sources, personal and public transportation vehicles, the\nvast majority of them, working with gasoline or diesel.<br \/>\nThe pollutants emitted into the atmosphere of La Paz by the described sources, include carbon\nmonoxide (CO), sulfur dioxide (SO<sub>2<\/sub>), nitrogen oxides (NO<sub>x<\/sub>), polyaromatic hydrocarbons and primary\nsuspended particles. Once they are emitted to the atmosphere, a series of atmospheric chemical\nreactions happen between some of the compounds forming ozone (O<sub>3<\/sub>) and secondary suspended\nparticles. Ozone and suspended particulate matter (PM), both primary and secondary, are the pollutants\nthat appear to have the greatest adverse health impacts. Furthermore, they also are indicators of the\ncomplex mix of pollutants found in urban and industrial atmospheres of the contemporary world. The\nnature of these mixtures is potentially carcinogenic to humans, due to the presence of acids,\nhydrocarbons, metals and other reactive substances.<\/p>\n<p><strong>Articles<\/strong><\/p>\n<div class=\"lcp_catlist\" id=\"lcp_instance_0\">\n<p><a href=\"https:\/\/cerca.org.mx\/en\/megacruceros-afectan-pesca-y-turismo\/\">Contaminaci\u00f3n de los megacruceros intoxica Isla Cerralvo y La Paz<\/a>  April 30, 2021<\/p>\n<p><a href=\"https:\/\/cerca.org.mx\/en\/deterioro-de-la-biodiversidad-origen-de-la-actual-pandemia\/\">Deterioro de la biodiversidad, origen de la actual pandemia<\/a>  November 1, 2020<\/p>\n<p><a href=\"https:\/\/cerca.org.mx\/en\/oms-no-cambia-guias-de-transmision-del-covid-19-pese-a-advertencia-de-riesgo-por-aire\/\">OMS no cambia gu\u00edas de transmisi\u00f3n del Covid-19 pese a advertencia de riesgo por aire<\/a>  November 1, 2020<\/p>\n<p><a href=\"https:\/\/cerca.org.mx\/en\/se-activaron-al-menos-23-comedores-comunitarios-en-los-cabos\/\">Se activaron al menos 23 comedores comunitarios en Los Cabos<\/a>  September 25, 2020<\/p>\n<p><a href=\"https:\/\/cerca.org.mx\/en\/transforman-botellas-de-plastico-en-caretas\/\">Transforman botellas de pl\u00e1stico en caretas<\/a>  August 26, 2020<\/p>\n<p><a href=\"https:\/\/cerca.org.mx\/en\/las-zonas-con-severos-danos-del-medio-ambiente-suman-78-de-las-muertes-por-covid-19-semarnat\/\">Las zonas con severos da\u00f1os del medio ambiente suman 78% de las muertes por COVID-19: SEMARNAT<\/a>  May 14, 2020<\/p>\n<p><a href=\"https:\/\/cerca.org.mx\/en\/contaminacion-ambiental-pone-en-mayor-vulnerabilidad-a-sudcalifornianos\/\">Contaminaci\u00f3n ambiental pone en mayor vulnerabilidad a sudcalifornianos<\/a>  May 9, 2020<\/p>\n<p><a href=\"https:\/\/cerca.org.mx\/en\/mision-salud-hacia-un-bienestar-integral-2\/\">Misi\u00f3n salud: Hacia un bienestar integral<\/a>  May 9, 2020<\/p>\n<p><a href=\"https:\/\/cerca.org.mx\/en\/aislamiento-no-disminuyo-la-contaminacion-en-la-paz-cerca\/\">Aislamiento no disminuy\u00f3 la contaminaci\u00f3n en La Paz: CERCA<\/a>  May 2, 2020<\/p>\n<p><a href=\"https:\/\/cerca.org.mx\/en\/la-contaminacion-es-el-gran-aliado-del-covid-19-maria-amparo-martinez\/\">&#8216;La contaminaci\u00f3n es el gran aliado del Covid-19&#8217;: Mar\u00eda Amparo Mart\u00ednez<\/a>  May 2, 2020<\/p>\n<p><a href=\"https:\/\/cerca.org.mx\/en\/una-mancha-toxica-cubre-diario-la-paz\/\">Una mancha t\u00f3xica cubre diario La Paz<\/a>  May 2, 2020<\/p>\n<p><a href=\"https:\/\/cerca.org.mx\/en\/el-ejercicio-puede-resultar-danino-por-contaminacion-de-cfe-en-la-paz-academicos\/\">El ejercicio puede resultar da\u00f1ino por contaminaci\u00f3n de CFE en La Paz: Acad\u00e9micos<\/a>  March 11, 2020<\/p>\n<p><a href=\"https:\/\/cerca.org.mx\/en\/negligencia-en-emisiones-de-cfe\/\">Negligencia en emisiones de CFE<\/a>  March 11, 2020<\/p>\n<p><a href=\"https:\/\/cerca.org.mx\/en\/reporte-anual-monitoreo\/\">Reporte Anual Monitoreo<\/a>  September 13, 2019<\/p>\n<p><a href=\"https:\/\/cerca.org.mx\/en\/calidad-del-aire-y-el-sector-industrial-en-bcs-por-karla-gasca\/\">Calidad del Aire y el Sector Industrial en BCS. Por Karla Gasca<\/a>  September 10, 2018<\/p>\n<p><a href=\"https:\/\/cerca.org.mx\/en\/avances-en-el-red-de-monitoreo-de-calidad-del-aire-en-la-paz-bcs\/\">Avances en el Red de Monitoreo de Calidad del Aire en La Paz, BCS<\/a>  July 17, 2018<\/p>\n<p><a href=\"https:\/\/cerca.org.mx\/en\/instalacion-del-primer-monitor-de-calidad-del-aire\/\">Instalaci\u00f3n del primer Monitor de Calidad del Aire<\/a>  July 17, 2018<\/p>\n<p><a href=\"https:\/\/cerca.org.mx\/en\/programa-de-gestion-para-mejorar-la-calidad-del-aire-proaire\/\">Programa de Gesti\u00f3n para Mejorar la Calidad del Aire (ProAire)<\/a>  July 10, 2018<\/p>\n<p><a href=\"https:\/\/cerca.org.mx\/en\/cambios-estructura-organizacional-de-cerca\/\">Cambios Estructura Organizacional de CERCA<\/a>  June 29, 2018<\/p>\n<\/div>\n<\/div>\n<\/div><\/div><\/div><\/div><\/div><\/div>","protected":false},"excerpt":{"rendered":"<p>SALUD \u00bfCu\u00e1les son los contaminantes m\u00e1s importantes en atm\u00f3sferas urbanas contempor\u00e1neas? En este siglo los contaminantes que encontramos en atm\u00f3sferas urbanas provienen de la combusti\u00f3n de productos derivados del petr\u00f3leo, en especial podemos mencionar por la importancia que tienen en La Paz, combustibles tales como el combust\u00f3leo, el diesel y la gasolina. Los dos primeros &hellip;<\/p>\n<p class=\"read-more\"> <a class=\"\" href=\"https:\/\/cerca.org.mx\/en\/salud\/\"> <span class=\"screen-reader-text\">Health<\/span> Read More &raquo;<\/a><\/p>","protected":false},"author":1,"featured_media":0,"parent":0,"menu_order":0,"comment_status":"closed","ping_status":"closed","template":"","meta":{"footnotes":""},"class_list":["post-138","page","type-page","status-publish","hentry"],"_links":{"self":[{"href":"https:\/\/cerca.org.mx\/en\/wp-json\/wp\/v2\/pages\/138","targetHints":{"allow":["GET"]}}],"collection":[{"href":"https:\/\/cerca.org.mx\/en\/wp-json\/wp\/v2\/pages"}],"about":[{"href":"https:\/\/cerca.org.mx\/en\/wp-json\/wp\/v2\/types\/page"}],"author":[{"embeddable":true,"href":"https:\/\/cerca.org.mx\/en\/wp-json\/wp\/v2\/users\/1"}],"replies":[{"embeddable":true,"href":"https:\/\/cerca.org.mx\/en\/wp-json\/wp\/v2\/comments?post=138"}],"version-history":[{"count":5,"href":"https:\/\/cerca.org.mx\/en\/wp-json\/wp\/v2\/pages\/138\/revisions"}],"predecessor-version":[{"id":3013,"href":"https:\/\/cerca.org.mx\/en\/wp-json\/wp\/v2\/pages\/138\/revisions\/3013"}],"wp:attachment":[{"href":"https:\/\/cerca.org.mx\/en\/wp-json\/wp\/v2\/media?parent=138"}],"curies":[{"name":"wp","href":"https:\/\/api.w.org\/{rel}","templated":true}]}}