{"id":1455,"date":"2020-05-02T17:31:13","date_gmt":"2020-05-02T17:31:13","guid":{"rendered":"http:\/\/www.cerca.org.mx\/?page_id=1455"},"modified":"2026-03-27T10:40:28","modified_gmt":"2026-03-27T14:40:28","slug":"estudios-cerca","status":"publish","type":"page","link":"https:\/\/cerca.org.mx\/en\/estudios-cerca\/","title":{"rendered":"Estudios internos"},"content":{"rendered":"<div id=\"pl-1455\"  class=\"panel-layout\" ><div id=\"pg-1455-0\"  class=\"panel-grid panel-has-style\" ><div class=\"panel-row-style panel-row-style-for-1455-0\" ><div id=\"pgc-1455-0-0\"  class=\"panel-grid-cell\" ><div id=\"panel-1455-0-0-0\" class=\"so-panel widget widget_sow-editor panel-first-child panel-last-child\" data-index=\"0\" ><div\n\t\t\t\n\t\t\tclass=\"so-widget-sow-editor so-widget-sow-editor-base\"\n\t\t\t\n\t\t>\n<div class=\"siteorigin-widget-tinymce textwidget\">\n\t<hr \/>\n<h2 style=\"text-align: center;\"><span style=\"color: #2aa5d6;\">Internal Research<\/span><\/h2>\n<hr \/>\n<\/div>\n<\/div><\/div><\/div><\/div><\/div><div id=\"pg-1455-1\"  class=\"panel-grid panel-has-style\" ><div class=\"panel-row-style panel-row-style-for-1455-1\" ><div id=\"pgc-1455-1-0\"  class=\"panel-grid-cell\" ><div id=\"panel-1455-1-0-0\" class=\"so-panel widget widget_sow-editor panel-first-child panel-last-child\" data-index=\"1\" ><div\n\t\t\t\n\t\t\tclass=\"so-widget-sow-editor so-widget-sow-editor-base\"\n\t\t\t\n\t\t>\n<div class=\"siteorigin-widget-tinymce textwidget\">\n\t<div class=\"su-spoiler su-spoiler-style-fancy su-spoiler-icon-plus su-spoiler-closed\" data-scroll-offset=\"0\" data-anchor-in-url=\"no\">\n<div class=\"su-spoiler-title\" tabindex=\"0\" role=\"button\"><span class=\"su-spoiler-icon\"><\/span>SPANISH<\/div>\n<div class=\"su-spoiler-content su-u-clearfix su-u-trim\">\n<h4>2018<\/h4>\n<ul>\n<li><a href=\"https:\/\/www.cerca.org.mx\/wp-content\/uploads\/2020\/08\/Memoria_2018_CERCA.pdf\" target=\"_blank\" rel=\"noopener noreferrer\">Memoria Anual 2018<\/a><\/li>\n<\/ul>\n<p>&nbsp;<\/p>\n<h4>2019<\/h4>\n<ul>\n<li><a href=\"https:\/\/www.cerca.org.mx\/wp-content\/uploads\/2020\/08\/Memoria-2019.pdf\" target=\"_blank\" rel=\"noopener noreferrer\">Memoria Anual 2019<\/a><\/li>\n<\/ul>\n<p>&nbsp;<\/p>\n<h4>2020<\/h4>\n<ul>\n<li><a href=\"https:\/\/drive.google.com\/file\/d\/1tbY6uUPjWABuusRvKwXWoMz1BJTTl95l\/view?usp=sharing\">Hoja de presentaci\u00f3n CERCA<\/a><\/li>\n<li><a href=\"http:\/\/www.cerca.org.mx\/wp-content\/uploads\/2020\/05\/REPORTE_CONTAMINACION_COVID19_13042020.pdf\" target=\"_blank\" rel=\"noopener noreferrer\">Reporte de comportamiento de la contaminaci\u00f3n por COVID-19<\/a><\/li>\n<li><a href=\"http:\/\/www.cerca.org.mx\/wp-content\/uploads\/2020\/05\/RESUMEN_EJECUTIVO_RED_MONITOREO_030919-.pdf\" target=\"_blank\" rel=\"noopener noreferrer\">Resumen Ejecutivo &#8211; Red de Monitoreo<\/a><\/li>\n<li><a href=\"http:\/\/www.cerca.org.mx\/wp-content\/uploads\/2020\/05\/Resumen-grafico-del-Reporte-anual-de-la-Red-de-Monitoreo.pdf\" target=\"_blank\" rel=\"noopener noreferrer\">Resumen Gr\u00e1fico &#8211; Reporte anual de la Red de Monitoreo<\/a><\/li>\n<li><a href=\"https:\/\/www.cerca.org.mx\/wp-content\/uploads\/2020\/08\/Graficas-horarios-al-dia.pdf\" target=\"_blank\" rel=\"noopener noreferrer\">Gr\u00e1ficas &#8211; Horarios al d\u00eda<\/a><\/li>\n<li><a href=\"https:\/\/www.cerca.org.mx\/wp-content\/uploads\/2020\/08\/MODELO_DISPERSION_LAPAZ_CERCA_27052020.pdf\" target=\"_blank\" rel=\"noopener noreferrer\">Modelo de Informaci\u00f3n para robustecer el proyecto de Monitoreo M\u00f3vil en La Paz, B.C.S. &#8211; CERCA<\/a><\/li>\n<li><a href=\"https:\/\/www.cerca.org.mx\/wp-content\/uploads\/2020\/08\/Datos-Casetas-CFE.zip\" target=\"_blank\" rel=\"noopener noreferrer\">Datos de casetas CFE (Archivo ZIP)<\/a><\/li>\n<li><a href=\"https:\/\/www.cerca.org.mx\/wp-content\/uploads\/2020\/08\/Reporte-de-Jornadas-de-Mantenimiento-a-Aires-Acondicionados.pdf\" target=\"_blank\" rel=\"noopener noreferrer\">Reporte de Jornadas de Mantenimiento a Aires Acondicionados<\/a><\/li>\n<li><a href=\"https:\/\/www.cerca.org.mx\/wp-content\/uploads\/2020\/09\/energia_apagones_sistemaBCS.pdf\" target=\"_blank\" rel=\"noopener noreferrer\">Situaci\u00f3n actual del sistema el\u00e9ctrico de Baja California Sur<\/a><\/li>\n<li><a href=\"https:\/\/www.cerca.org.mx\/wp-content\/uploads\/2020\/10\/Plantilla_Careta-COVID19.pdf\" target=\"_blank\" rel=\"noopener noreferrer\">Plantilla Careta COVID-19<\/a><\/li>\n<li><a href=\"https:\/\/www.cerca.org.mx\/wp-content\/uploads\/2021\/03\/Reporte-2020-calidad-del-aire_cerca-ACLIMA.docx.pdf\" target=\"_blank\" rel=\"noopener noreferrer\">Reporte 2020 Calidad del Aire CERCA-ACLIMA<\/a><\/li>\n<li><a href=\"https:\/\/cerca.org.mx\/wp-content\/uploads\/2023\/06\/Reporte-anual-2020-de-CALIDAD-DEL-AIRE.pdf\">Reporte Anual de Calidad del Aire 2020<\/a><\/li>\n<li><a href=\"https:\/\/www.cerca.org.mx\/wp-content\/uploads\/2020\/12\/Reporte_2020_ultima-version-1.pdf\" target=\"_blank\" rel=\"noopener noreferrer\">Reporte Anual 2020<\/a><\/li>\n<li><a href=\"https:\/\/www.cerca.org.mx\/wp-content\/uploads\/2020\/12\/MEMORIA-ANUAL-CERCA-2020.pdf\" target=\"_blank\" rel=\"noopener noreferrer\">Memoria Anual 2020<\/a><\/li>\n<\/ul>\n<p>&nbsp;<\/p>\n<h4>2021<\/h4>\n<ul>\n<li><a href=\"https:\/\/www.cerca.org.mx\/wp-content\/uploads\/2021\/01\/Reporte-2020-calidad-del-aire_cerca_01092020.pdf\" target=\"_blank\" rel=\"noopener noreferrer\">Reporte de Red de Monitoreo Ciudadana 2019-2020<\/a><\/li>\n<li><a href=\"https:\/\/www.cerca.org.mx\/wp-content\/uploads\/2021\/01\/Reporte-Legal-2020-casetas_CFE.docx.pdf\" target=\"_blank\" rel=\"noopener noreferrer\">Reporte T\u00e9cnico de monitoreo de Casetas CFE<\/a><\/li>\n<li><a href=\"https:\/\/www.cerca.org.mx\/wp-content\/uploads\/2021\/03\/bolet__n_de_prensa___pol__tica_energ__tica_nacional_condena_a_baja_california_sur_a_los_combustibles_f__siles_y_seguir_respirando_aire_contaminado__oscs.docx__1_.pdf\" target=\"_blank\" rel=\"noopener noreferrer\">Bolet\u00edn de Prensa: Pol\u00edtica energ\u00e9tica nacional condena a Baja California Sur a los combustibles f\u00f3siles y seguir respirando aire contaminado &#8211; OSCs<\/a><\/li>\n<li><a href=\"https:\/\/www.cerca.org.mx\/wp-content\/uploads\/2021\/06\/CERCA-2021-energia-calidad-del-aire-AE.pdf\">Diagn\u00f3stico de Energ\u00eda y Calidad del Aire en La Paz (2021)<\/a><\/li>\n<li><a href=\"https:\/\/www.cerca.org.mx\/wp-content\/uploads\/2021\/06\/Valenzuela-et-al-propuestas_energia_28052021.pdf\">Propuestas de Energ\u00eda para B.C.S.<\/a><\/li>\n<li><a href=\"https:\/\/www.cerca.org.mx\/wp-content\/uploads\/2021\/09\/CARTA%20AUTORIZACI%C3%93N%20USO%20DE%20IMAGEN.docx\">Carta &#8211; Autorizaci\u00f3n de Uso de Imagen<\/a><\/li>\n<li><a href=\"https:\/\/cerca.org.mx\/wp-content\/uploads\/2023\/07\/TOLEDO-SEBCS-2021.pdf\">Caracter\u00edsticas del Sistema El\u00e9ctrico en B.C.S.<\/a><\/li>\n<li><a href=\"https:\/\/cerca.org.mx\/wp-content\/uploads\/2023\/07\/Reporte-de-Generacion-y-Consumo-VERSION-FINAL.pdf\">Reporte de Generaci\u00f3n y Consumo<\/a><\/li>\n<li><a href=\"https:\/\/cerca.org.mx\/wp-content\/uploads\/2021\/12\/ITLP-ANTEPROYECTO-2021.pdf\">Diagn\u00f3stico &#8211; Pron\u00f3stico de Eficiencia Energ\u00e9tica en Edificios P\u00fablicos de La Paz, Baja California Sur<\/a><\/li>\n<li><a href=\"https:\/\/cerca.org.mx\/wp-content\/uploads\/2023\/06\/Reporte-Trimestral-de-monitoreo-de-calidad-del-aire-en-la-ciudad-de-La-Paz-B.C.S.-Enero-Marzo-2021.docx.pdf\">Reporte Trimestral de Calidad del Aire en La Paz. Enero a Marzo 2021<\/a><\/li>\n<li><a href=\"https:\/\/cerca.org.mx\/wp-content\/uploads\/2023\/06\/Reporte-Trimestral-de-monitoreo-de-calidad-del-aire-en-la-ciudad-de-La-Paz-B.C.S.-Abril-Junio-2021.docx.pdf\">Reporte Trimestral de Calidad del Aire en La Paz. Abril a Junio 2021<\/a><\/li>\n<li><a href=\"https:\/\/cerca.org.mx\/wp-content\/uploads\/2023\/06\/Reporte-Trimestral-de-monitoreo-de-calidad-del-aire-en-la-ciudad-de-La-Paz-B.C.S.-Julio-Sept-2021.docx.pdf\">Reporte Trimestral de Calidad del Aire en La Paz. Julio a Septiembre 2021<\/a><\/li>\n<li><a href=\"https:\/\/cerca.org.mx\/wp-content\/uploads\/2023\/06\/Reporte-Trimestral-de-monitoreo-de-calidad-del-aire-en-la-ciudad-de-La-Paz-B.C.S.-Oct-Dic-2021.docx.pdf\">Reporte Trimestral de Calidad del Aire en La Paz. Octubre a Diciembre 2021<\/a><\/li>\n<li><a href=\"https:\/\/cerca.org.mx\/wp-content\/uploads\/2023\/06\/Reporte-anual-2021-de-CALIDAD-DEL-AIRE.docx.pdf\">Reporte Anual de Calidad del Aire 2021<\/a><\/li>\n<li><a href=\"https:\/\/cerca.org.mx\/wp-content\/uploads\/2021\/12\/CERCA_Memoria-Anual-2021.pdf\">Memoria Anual 2021<\/a><\/li>\n<\/ul>\n<p>&nbsp;<\/p>\n<h4>2022<\/h4>\n<ul>\n<li><a href=\"https:\/\/cerca.org.mx\/wp-content\/uploads\/2022\/12\/ENE-Diagnostico-Comunidades-Rurales-Sustentables-SE.pdf\">Diagn\u00f3stico de comunidades en condiciones de vulnerabilidad energ\u00e9tica en B.C.S.<\/a><\/li>\n<li><a href=\"https:\/\/cerca.org.mx\/wp-content\/uploads\/2022\/03\/EL_AIRE-_QUE_RESPIRAS.pdf\">El aire que respiras<\/a><\/li>\n<li><a href=\"https:\/\/cerca.org.mx\/wp-content\/uploads\/2023\/06\/Reporte-de-calidad-del-aire-UABCS.docx.pdf\">Reporte de Calidad del Aire &#8211; UABCS<\/a><\/li>\n<li><a href=\"https:\/\/cerca.org.mx\/wp-content\/uploads\/2023\/06\/Reporte-Trimestral-de-monitoreo-de-calidad-del-aire-en-la-ciudad-de-La-Paz-B.C.S.-Ene-Mar-2022.docx.pdf\">Reporte Trimestral de Calidad del Aire en La Paz. Enero a Marzo 2022<\/a><\/li>\n<li><a href=\"https:\/\/cerca.org.mx\/wp-content\/uploads\/2023\/06\/Reporte-trimestral-de-calidad-del-aire-en-La-Paz-B.C.S.-Periodo-abril-junio-.docx.pdf\">Reporte Trimestral de Calidad del Aire en La Paz. Abril a Junio 2022<\/a><\/li>\n<li><a href=\"https:\/\/cerca.org.mx\/wp-content\/uploads\/2023\/06\/Reporte-trimestral-de-calidad-del-aire-en-La-Paz-B.C.S.-Periodo-julio-septiembre.docx.pdf\">Reporte Trimestral de Calidad del Aire en La Paz. Julio a Septiembre 2022<\/a><\/li>\n<li><a href=\"https:\/\/cerca.org.mx\/wp-content\/uploads\/2023\/06\/Reporte-trimestral-de-calidad-del-aire-en-La-Paz-B.C.S.-Periodo-octubre-diciembre.docx.pdf\">Reporte Trimestral de Calidad del Aire en La Paz. Octubre a Diciembre 2022<\/a><\/li>\n<li><a href=\"https:\/\/cerca.org.mx\/wp-content\/uploads\/2023\/06\/Reporte-anual-de-calidad-del-aire-en-La-Paz-B.C.S-2022-.docx-1-1_compressed.pdf\">Reporte Anual de Calidad del Aire 2022<\/a><\/li>\n<li><a href=\"https:\/\/cerca.org.mx\/wp-content\/uploads\/2022\/12\/Memoria-Anual-CERCA2022.pdf\">Memoria Anual 2022<\/a><\/li>\n<\/ul>\n<p>&nbsp;<\/p>\n<h4>2023<\/h4>\n<ul>\n<li><a href=\"https:\/\/cerca.org.mx\/wp-content\/uploads\/2023\/01\/Reporte-de-calidad-del-aire-UABCS-291222_TODOS.pdf\">Reporte t\u00e9cnico de calidad del aire &#8211; UABCS 2022<\/a><\/li>\n<li><a href=\"https:\/\/cerca.org.mx\/wp-content\/uploads\/2023\/02\/Comunidades-rurales-sustentables.pdf\">Comunidades Rurales Sustentables<\/a><\/li>\n<li><a href=\"https:\/\/cerca.org.mx\/wp-content\/uploads\/2023\/04\/REPORTE-FINAL-Crecimiento-poblacional-y-consumo.pdf\">Crecimiento Poblacional y Energ\u00e9tico de Baja California Sur<\/a><\/li>\n<li><a href=\"https:\/\/cerca.org.mx\/wp-content\/uploads\/2023\/05\/PPT-ENE-ELECTROMOVILIDAD_ICI.pdf\">Electromovilidad en Baja California Sur<\/a><\/li>\n<li><a href=\"https:\/\/cerca.org.mx\/wp-content\/uploads\/2023\/06\/Reporte-trimestral-de-calidad-del-aire-en-La-Paz-B.C.S.-Periodo-enero-marzo-2023.docx-2-1.pdf\">Reporte Trimestral de Calidad del Aire en La Paz. Enero a Marzo 2023<\/a><\/li>\n<li><a href=\"https:\/\/cerca.org.mx\/wp-content\/uploads\/2023\/06\/Experiencia-en-sitios-potencialmente-contaminados.-Caso-San-Carlos-Baja-California-Sur-Jaqueline-Valenzuela-Meza-Rodrigo-Rangel-Rodriguez.pdf\">Experiencia en sitios potencialmente contaminados &#8211; Caso San Carlos<\/a><\/li>\n<li><a href=\"https:\/\/cerca.org.mx\/wp-content\/uploads\/2023\/06\/La-electricidad-en-comunidades-rurales-en-Baja-California-Sur-Jaqueline-Valenzuela-Meza-Tanya-Martinez-Ovando_compressed.pdf\">La electricidad en comunidades rurales en Baja California Sur<\/a><\/li>\n<li><a href=\"https:\/\/cerca.org.mx\/wp-content\/uploads\/2023\/07\/Reporte-trimestral-de-monitoreo-visual-de-emisiones-en-La-Paz-B.C.S.-Ene-Mar2023.docx-1-1.pdf\"> <span lang=\"es\">Reporte Trimestral de Monitoreo Visual de Emisiones en La Paz B.C.S. Enero a Marzo 2023.<\/span><\/a><\/li>\n<li><a href=\"https:\/\/cerca.org.mx\/wp-content\/uploads\/2023\/12\/Reporte-trimestral-de-calidad-del-aire_-abril-junio-2023.docx-1.pdf\">Reporte Trimestral de Calidad del Aire en La Paz. Abril a Junio 2023.<\/a><\/li>\n<li><a href=\"https:\/\/cerca.org.mx\/wp-content\/uploads\/2023\/12\/Reporte-de-monitoreo-visual_-Abril-junio.docx.pdf\">Reporte Trimestral de Monitoreo Visual de Emisiones en La Paz B.C.S. Abril a Junio 2023.<\/a><\/li>\n<li><a href=\"https:\/\/cerca.org.mx\/wp-content\/uploads\/2023\/12\/Reporte-trimestral-de-calidad-del-aire_-julio-septiembre-2023.docx.pdf\">Reporte Trimestral de Calidad del Aire en La Paz. Julio a Septiembre 2023.<\/a><\/li>\n<li><a href=\"https:\/\/cerca.org.mx\/wp-content\/uploads\/2023\/12\/Reporte-de-monitoreo-visual_-julio-septiembre.docx.pdf\">Reporte Trimestral de Monitoreo Visual de Emisiones en La Paz B.C.S. Julio a Septiembre 2023.<\/a><\/li>\n<li><a href=\"https:\/\/cerca.org.mx\/wp-content\/uploads\/2023\/07\/catalogoUSAID_compressed.pdf\">Cat\u00e1logo y Retos.<\/a><\/li>\n<li><a href=\"https:\/\/cerca.org.mx\/wp-content\/uploads\/2024\/01\/MEMORIA-ANUAL-CERCA.pdf\">Memoria Anual 2023<\/a><\/li>\n<li><a href=\"https:\/\/cerca.org.mx\/wp-content\/uploads\/2024\/01\/Reporte_-Esterito-2023.pdf\">Reporte: Esterito 2023<\/a><\/li>\n<\/ul>\n<h4><\/h4>\n<p>&nbsp;<\/p>\n<h4>2024<\/h4>\n<ul>\n<li><a href=\"https:\/\/cerca.org.mx\/wp-content\/uploads\/2024\/07\/Listas-de-Buenas-Practicas.pdf\">Listas de Buenas Pra\u0301cticas- Resultado de nuestro Foro- Taller de intercambio de experiencias entre comunidades portuarias.<\/a><\/li>\n<li><a href=\"https:\/\/drive.google.com\/drive\/folders\/1Y2lV-uE1oKOefeqf9gtkdiqinCJB9P3-?usp=sharing\">Boletines 2024<\/a><\/li>\n<li><a href=\"https:\/\/drive.google.com\/file\/d\/1v-kVC-UL8ill3XirVcxD4sCmz24im2rw\/view\">Adopta un monitor<\/a><\/li>\n<li><a href=\"https:\/\/heyzine.com\/flip-book\/d69c928789.html#page\/1\">Memoria anual 2024<\/a><\/li>\n<\/ul>\n<p>&nbsp;<\/p>\n<h4><strong>2025<\/strong><\/h4>\n<ul>\n<li><a href=\"https:\/\/drive.google.com\/file\/d\/1nxAsUyk-IggImZg2Nbv9X9i07H6l9XtP\/view\">Bolet\u00edn Enero<\/a><\/li>\n<li><a href=\"https:\/\/drive.google.com\/file\/d\/136fvE8McuXixCAlzs43GmJ2nikSgXWxj\/view?usp=sharing\">Bolet\u00edn febrero<\/a><\/li>\n<li><a href=\"https:\/\/drive.google.com\/file\/d\/1nm-lIuVHw-QPkAWInFktmffvWuYFKE97\/view?usp=sharing\">Bolet\u00edn marzo<\/a><\/li>\n<li><a href=\"https:\/\/drive.google.com\/file\/d\/10A9lDsa3nV3W5yKStOrSu2qE4K_HY-St\/view?usp=sharing\">Reporte Anual de Red de Monitoreo CERCA 2024<\/a><\/li>\n<li><a href=\"https:\/\/drive.google.com\/file\/d\/1sbXigQAbB8B0cUWDK1ZcEbpclbGgwtBt\/view?usp=sharing\">Reporte anual de calidad del del aire en La Paz 2024<\/a><\/li>\n<li><a href=\"https:\/\/drive.google.com\/file\/d\/1i_7K987amWYxG7UhoBofGYCv0W44Itun\/view?usp=sharing\">Plan Municipal de desarrollo de Los Cabos<\/a><\/li>\n<li><a href=\"https:\/\/drive.google.com\/file\/d\/1G232FbGo8ZYNoHOqqTMUHdvstzZ5R3Pn\/view?usp=sharing\">Modelo CERCA- Energ\u00eda Social<\/a><\/li>\n<li><a href=\"https:\/\/drive.google.com\/file\/d\/1DFoo69yfXiDxALYgjwYUgGz3QKdNXNQi\/view?usp=drive_link\">Bolet\u00edn Junio<\/a><\/li>\n<li><a href=\"https:\/\/drive.google.com\/file\/d\/1wxs3xvgY__c_zu4eFRmR4wdRHFmE-1ZQ\/view?usp=sharing\">Energ\u00edas Renovables<\/a><\/li>\n<li><a href=\"https:\/\/drive.google.com\/file\/d\/1njqi7at-EJW3Cs3tDw78N0eL9Pkokn0j\/view?usp=sharing\">Estrategia Energ\u00e9tica<\/a><\/li>\n<li><a href=\"https:\/\/drive.google.com\/file\/d\/1HHld4kRv0HnAKnBVyBScc3QkE_3bW54i\/view?usp=sharing\">Modelo CERCA- Energ\u00eda social<\/a><\/li>\n<li><a href=\"https:\/\/cerca.org.mx\/wp-content\/uploads\/2026\/01\/Reporte-final-Quiosco-Solar-1.pdf\">Reporte Quiosco Solar La Candelaria, en el municipio de Los Cabos, y San Luis Gonzaga, en el municipio Comond\u00fa.\u00a0<\/a><\/li>\n<li><a href=\"https:\/\/cerca.org.mx\/wp-content\/uploads\/2026\/01\/Reporte-final-prefactibilidad-energia-social-comunidades-serranas-1512-1-1.pdf\">Reporte final prefactibilidad energ\u00eda social comunidades serranas<\/a><\/li>\n<li><a href=\"https:\/\/cerca.org.mx\/wp-content\/uploads\/2025\/12\/MEMORIA-ANUAL-CERCA-2025_1_compressed-1.pdf\">MEMORIA ANUAL CERCA 2025<\/a><\/li>\n<\/ul>\n<h3><\/h3>\n<h4>2026<\/h4>\n<ul>\n<li><a href=\"https:\/\/heyzine.com\/flip-book\/051037726f.html\">Revista conmemorativa 10 a\u00f1os CERCA<\/a><\/li>\n<li><a href=\"https:\/\/cerca.org.mx\/wp-content\/uploads\/2026\/03\/Informe-Beneficios-Salud-Incumplimiento-PM2.5-La-Paz-BCS-fin_1.pdf\">Evaluaci\u00f3n de los efectos en la salud p\u00fablica por la contaminaci\u00f3n de PM2.5 en la zona urbana de La Paz, BCS<\/a><\/li>\n<li><a href=\"https:\/\/cerca.org.mx\/wp-content\/uploads\/2026\/03\/BCS-Plan-de-Accion-Local-para-Fortalecer-la-Incidencia-de-Organizaciones-Sociales-sobre-la-Descarbonizacion-Maritima-en-Baja-California-Sur-Creditos_compressed.pdf\">Plan de Acci\u00f3n Local para Fortalecer la Incidencia de Organizaciones Sociales sobre la Descarbonizaci\u00f3n Mar\u00edtima en Baja California Sur<\/a><\/li>\n<li><a href=\"https:\/\/cerca.org.mx\/wp-content\/uploads\/2026\/03\/CONVOCATORIA-SEMINARIO-DE-INNOVACION-Y-EMPRENDIMIENTO.pdf\">CONVOCATORIA SEMINARIO DE INNOVACI\u00d3N Y EMPRENDIMIENTO<\/a><\/li>\n<\/ul>\n<p><div class=\"lcp_catlist\" id=\"lcp_instance_0\"><\/div>\n<\/p>\n<\/div>\n<\/div>\n<div class=\"su-spoiler su-spoiler-style-fancy su-spoiler-icon-plus su-spoiler-closed\" data-scroll-offset=\"0\" data-anchor-in-url=\"no\">\n<div class=\"su-spoiler-title\" tabindex=\"0\" role=\"button\"><span class=\"su-spoiler-icon\"><\/span>ENGLISH<\/div>\n<div class=\"su-spoiler-content su-u-clearfix su-u-trim\">\n<h4>2020<\/h4>\n<ul>\n<li><a href=\"http:\/\/www.cerca.org.mx\/wp-content\/uploads\/2020\/05\/POLLUTION_COVID19_LAPAZ.pdf\">Report of Contamination at the beginning of contigency by COVID-19 in the city of La Paz, B.C.S.<\/a><\/li>\n<\/ul>\n<p>&nbsp;<\/p>\n<h4>2021<\/h4>\n<ul>\n<li><a href=\"https:\/\/cerca.org.mx\/wp-content\/uploads\/2022\/01\/Annual-summary-2021.pdf\">Annual Summary 2021<\/a><\/li>\n<\/ul>\n<p>&nbsp;<\/p>\n<h4>2022<\/h4>\n<ul>\n<li><a href=\"https:\/\/cerca.org.mx\/wp-content\/uploads\/2023\/05\/memoria-anual-en-ingles.pdf\">Annual Memory 2022<\/a><\/li>\n<\/ul>\n<p>&nbsp;<\/p>\n<h4>2023<\/h4>\n<ul>\n<li><a href=\"https:\/\/cerca.org.mx\/wp-content\/uploads\/2023\/05\/Comunidades-rurales-sustentables-ingles.pdf\"><span dir=\"ltr\" role=\"presentation\">Sustainable Rural C<\/span><span dir=\"ltr\" role=\"presentation\">ommunities<\/span><\/a><\/li>\n<li><a href=\"https:\/\/cerca.org.mx\/wp-content\/uploads\/2024\/01\/Annual-Memory-CERCA-1.pdf\">Annual Memory 2023<\/a><\/li>\n<\/ul>\n<p>&nbsp;<\/p>\n<h4>2024<\/h4>\n<ul>\n<li style=\"list-style-type: none;\">\n<ul>\n<li><a href=\"https:\/\/cerca.org.mx\/wp-content\/uploads\/2024\/06\/ARTICULO_CIENTIFICO_BCS_CERCA.pdf\">Emissions to the atmosphere by power plants in Baja California Sur, Mexico<\/a><\/li>\n<li><a href=\"https:\/\/drive.google.com\/drive\/folders\/1dvhAd-7-hG3j9GLREaYpNr2i3_1746oU?hl=es\"><span class=\"OYPEnA font-feature-liga-off font-feature-clig-off font-feature-calt-off text-decoration-none text-strikethrough-none\">Monthly newsletter 2024<\/span><\/a><\/li>\n<li><a href=\"https:\/\/heyzine.com\/flip-book\/affcb83a2f.html\">Annual Report 2024<\/a><\/li>\n<\/ul>\n<\/li>\n<\/ul>\n<p>&nbsp;<\/p>\n<h4>2025<\/h4>\n<ul>\n<li style=\"list-style-type: none;\">\n<ul>\n<li><a class=\"c-link c-message_attachment__title_link\" href=\"https:\/\/link.springer.com\/article\/10.1007\/s10653-025-02918-7\" target=\"_blank\" rel=\"noopener noreferrer\" data-qa=\"message_attachment_title_link\"><span dir=\"auto\">Spatial distribution, contamination levels, and health risk of potentially toxic elements in surface soils of an industrial\u2014urban area in northwestern Mexico: a case study from La Paz, Baja California Sur<\/span><\/a><\/li>\n<li><a href=\"https:\/\/cerca.org.mx\/wp-content\/uploads\/2025\/12\/Schiavo_et_al._2025b-1.pdf\">Monitoring and Dispersion of SO2 Emissions from Power Plants Using UVCameraandAERMOD: A Case Study of Baja California Sur, Mexico<\/a><\/li>\n<li><a href=\"https:\/\/cerca.org.mx\/wp-content\/uploads\/2025\/12\/annual-report-CERCA-2025.pdf\">ANNUAL REPORT CERCA 2025<\/a><\/li>\n<\/ul>\n<\/li>\n<\/ul>\n<p>&nbsp;<\/p>\n<p><div class=\"lcp_catlist\" id=\"lcp_instance_0\"><\/div>\n<\/p>\n<\/div>\n<\/div>\n<p>&nbsp;<\/p>\n<p>&nbsp;<\/p>\n<p>&nbsp;<\/p>\n<\/div>\n<\/div><\/div><\/div><\/div><\/div><\/div>","protected":false},"excerpt":{"rendered":"<p>Internal Research &nbsp; &nbsp; &nbsp;<\/p>","protected":false},"author":1,"featured_media":0,"parent":0,"menu_order":0,"comment_status":"closed","ping_status":"closed","template":"","meta":{"footnotes":""},"class_list":["post-1455","page","type-page","status-publish","hentry"],"_links":{"self":[{"href":"https:\/\/cerca.org.mx\/en\/wp-json\/wp\/v2\/pages\/1455","targetHints":{"allow":["GET"]}}],"collection":[{"href":"https:\/\/cerca.org.mx\/en\/wp-json\/wp\/v2\/pages"}],"about":[{"href":"https:\/\/cerca.org.mx\/en\/wp-json\/wp\/v2\/types\/page"}],"author":[{"embeddable":true,"href":"https:\/\/cerca.org.mx\/en\/wp-json\/wp\/v2\/users\/1"}],"replies":[{"embeddable":true,"href":"https:\/\/cerca.org.mx\/en\/wp-json\/wp\/v2\/comments?post=1455"}],"version-history":[{"count":69,"href":"https:\/\/cerca.org.mx\/en\/wp-json\/wp\/v2\/pages\/1455\/revisions"}],"predecessor-version":[{"id":5685,"href":"https:\/\/cerca.org.mx\/en\/wp-json\/wp\/v2\/pages\/1455\/revisions\/5685"}],"wp:attachment":[{"href":"https:\/\/cerca.org.mx\/en\/wp-json\/wp\/v2\/media?parent=1455"}],"curies":[{"name":"wp","href":"https:\/\/api.w.org\/{rel}","templated":true}]}}