{"id":1517,"date":"2020-05-12T02:16:17","date_gmt":"2020-05-12T02:16:17","guid":{"rendered":"http:\/\/www.cerca.org.mx\/?page_id=1517"},"modified":"2022-02-28T15:07:05","modified_gmt":"2022-02-28T19:07:05","slug":"estudios-externos","status":"publish","type":"page","link":"https:\/\/cerca.org.mx\/en\/estudios-externos\/","title":{"rendered":"External research"},"content":{"rendered":"<div id=\"pl-1517\"  class=\"panel-layout\" ><div id=\"pg-1517-0\"  class=\"panel-grid panel-has-style\" ><div class=\"panel-row-style panel-row-style-for-1517-0\" ><div id=\"pgc-1517-0-0\"  class=\"panel-grid-cell\" ><div id=\"panel-1517-0-0-0\" class=\"so-panel widget widget_sow-editor panel-first-child panel-last-child\" data-index=\"0\" ><div\n\t\t\t\n\t\t\tclass=\"so-widget-sow-editor so-widget-sow-editor-base\"\n\t\t\t\n\t\t>\n<div class=\"siteorigin-widget-tinymce textwidget\">\n\t<hr \/>\n<h2 style=\"text-align: center;\"><span style=\"color: #2aa5d6;\">ESTUDIOS EXTERNOS<\/span><\/h2>\n<hr \/>\n<\/div>\n<\/div><\/div><\/div><\/div><\/div><div id=\"pg-1517-1\"  class=\"panel-grid panel-has-style\" ><div class=\"panel-row-style panel-row-style-for-1517-1\" ><div id=\"pgc-1517-1-0\"  class=\"panel-grid-cell\" ><div id=\"panel-1517-1-0-0\" class=\"so-panel widget widget_sow-editor panel-first-child panel-last-child\" data-index=\"1\" ><div\n\t\t\t\n\t\t\tclass=\"so-widget-sow-editor so-widget-sow-editor-base\"\n\t\t\t\n\t\t>\n<div class=\"siteorigin-widget-tinymce textwidget\">\n\t<div class=\"su-spoiler su-spoiler-style-fancy su-spoiler-icon-plus su-spoiler-closed\" data-scroll-offset=\"0\" data-anchor-in-url=\"no\">\n<div class=\"su-spoiler-title\" tabindex=\"0\" role=\"button\"><span class=\"su-spoiler-icon\"><\/span>SPANISH<\/div>\n<div class=\"su-spoiler-content su-u-clearfix su-u-trim\">\n<ul>\n<li><a href=\"https:\/\/www.cerca.org.mx\/wp-content\/uploads\/2020\/08\/Manifestaci\u00f3n-de-Impacto-Ambiental-del-proyecto-denominado-Instalacio\u0301n-de-Unidades-Mo\u0301viles-Ele\u0301ctricas-en-la-CCI-B.C.S..pdf\" target=\"_blank\" rel=\"noopener noreferrer\">Manifestaci\u00f3n de Impacto Ambiental del proyecto denominado Instalacio\u0301n de Unidades Mo\u0301viles Ele\u0301ctricas en la CCI B.C.S.<\/a><\/li>\n<li><a href=\"https:\/\/www.cerca.org.mx\/wp-content\/uploads\/2020\/08\/Programa-de-gesti\u00f3n-para-mejorar-la-calidad-del-aire-del-estado-de-Baja-California-Sur-2018-2027.pdf\" target=\"_blank\" rel=\"noopener noreferrer\">Programa de gesti\u00f3n para mejorar la calidad del aire del estado de Baja California Sur (2018-2027)<\/a><\/li>\n<li><a href=\"https:\/\/www.cerca.org.mx\/wp-content\/uploads\/2020\/08\/Datos-CENACE-01_07_2020.pdf\">Datos CENACE 01\/07\/2020<\/a><\/li>\n<li><a href=\"https:\/\/www.cerca.org.mx\/wp-content\/uploads\/2020\/08\/Monitoreo-de-la-calidad-del-aire-en-La-Paz-INECC-2010.pdf\">Monitoreo de la calidad del aire en La Paz INECC 2010<\/a><\/li>\n<li><a href=\"https:\/\/www.cerca.org.mx\/wp-content\/uploads\/2020\/08\/Monitoreo-de-la-Calidad-del-Aire-en-La-Paz-INECC-2014.pdf\">Monitoreo de la Calidad del Aire en La Paz INECC 2014<\/a><\/li>\n<li><a href=\"https:\/\/www.cerca.org.mx\/wp-content\/uploads\/2020\/08\/CoBeneficios-Espa\u00f1ol-200303.pdf\">Informe de estudio co-beneficios<\/a><\/li>\n<li><a href=\"https:\/\/www.cerca.org.mx\/wp-content\/uploads\/2020\/09\/Proyecto-Ballena-II-Resumen-Ejecutivo_VF.pdf\">Proyecto Ballena II Identificaci\u00f3n de zonas atractivas para almacenamiento hidr\u00e1ulico por bombeo en Baja California Sur<\/a><\/li>\n<li><a href=\"https:\/\/www.cerca.org.mx\/wp-content\/uploads\/2020\/09\/Programa-Sectorial-de-Energias-Alternativas-2015-2021-REVISION.pdf\">Programa Estatal De Energ\u00eda Del Estado De Baja California Sur<\/a><\/li>\n<li><a href=\"https:\/\/www.cerca.org.mx\/wp-content\/uploads\/2020\/09\/Hoja-de-ruta-para-implementar-la-enmienda-de-Kagali-en-Mexico.pdf\">Hoja de ruta para implementar la enmienda de Kagali en M\u00e9xico<\/a><\/li>\n<li><a href=\"https:\/\/www.cerca.org.mx\/wp-content\/uploads\/2020\/10\/Marco-juridico-de-energias-renovables-en-BCSfinal.pdf\">Marco Jur\u00eddico de energ\u00edas renovables en BCS<\/a><\/li>\n<li><a href=\"https:\/\/www.cerca.org.mx\/wp-content\/uploads\/2020\/10\/sem33.pdf\">Bolet\u00edn Epidemiol\u00f3gico<\/a><\/li>\n<li><a href=\"https:\/\/www.cerca.org.mx\/wp-content\/uploads\/2020\/10\/Coronavirus-posturaI_INSP_contaminacion.pdf\">Coronavirus SARS-CoV-2, contaminaci\u00f3n atmosf\u00e9rica y riesgos a la salud<\/a><\/li>\n<li><a href=\"https:\/\/www.cerca.org.mx\/wp-content\/uploads\/2021\/02\/BCS-Principales-causas-de-enfermedad.pdf\">Secretar\u00eda de Salud (2018). Veinte principales causas de enfermedad en Baja California Sur, por grupos de edad.<\/a><\/li>\n<li><a href=\"https:\/\/www.cerca.org.mx\/wp-content\/uploads\/2021\/02\/CFE-10-septiembre-2019.pdf\">CFE (2019). Bolet\u00edn de prensa: Reforzar\u00e1 la Comisi\u00f3n Federal de Electricidad la infraestructura de generaci\u00f3n en Baja California Sur. CFE-BP-70\/19vf<\/a><\/li>\n<li><a href=\"https:\/\/www.cerca.org.mx\/wp-content\/uploads\/2021\/06\/Impacto_Contaminacion_Aire_La_Paz_BC_DOC.pdf\">IMCO: Impactos de la contaminaci\u00f3n del aire en La Paz, B.C.S.<\/a><\/li>\n<li><a href=\"https:\/\/www.cerca.org.mx\/wp-content\/uploads\/2021\/06\/INECC-Campana-monitoreo-Informe-La-Paz-20140820.pdf\">INECC: Monitoreo de la Calidad del Aire en La Paz, B.C.S., del 1 al 30 de junio de 2014<\/a><\/li>\n<li><a href=\"https:\/\/cerca.org.mx\/wp-content\/uploads\/2021\/10\/NOM-Incumplimientos-en-materia-de-calidad-del-aire-por-omisiones-de-CFE-en-el-municipio-de-La-Paz-B.C.S.-Reporte-para-SEMARNAT-.pdf\">NOM Incumplimientos en materia de calidad del aire por omisiones de CFE en el municipio de La Paz, B.C.S. (Reporte para SEMARNAT)<\/a><\/li>\n<li><a href=\"https:\/\/cerca.org.mx\/wp-content\/uploads\/2021\/11\/Programa-Sectorial-de-Energias-Alternativas-2015-2021.pdf\">Programa Sectorial de Energ\u00edas Alternativas 2015-2021<\/a><\/li>\n<li><a href=\"https:\/\/cerca.org.mx\/wp-content\/uploads\/2021\/11\/25_proaire_baja_california_sur.pdf\">PROAIRE Baja California Sur 2018-2019<\/a><\/li>\n<li><a href=\"https:\/\/cerca.org.mx\/wp-content\/uploads\/2021\/12\/ENE-Guia-GIZ-2017-WasteToEnergy-SP.pdf\">Opciones para el aprovechamiento energ\u00e9tico de residuos en la gesti\u00f3n de residuos s\u00f3lidos urbanos<\/a><\/li>\n<li><a href=\"https:\/\/cerca.org.mx\/wp-content\/uploads\/2021\/12\/ENE-GIZ-La-Paz-Diagnostico-Final-Residuos-enero2016.pdf\">Diagn\u00f3stico de la Gesti\u00f3n Integral de los residuos s\u00f3lidos urbanos para el Municipio de La Paz, Baja California Sur, M\u00e9xico.<\/a><\/li>\n<li><a href=\"https:\/\/cerca.org.mx\/wp-content\/uploads\/2022\/01\/DIAGNOSTICO-PRONOSTICO-DE-EFICIENCIA-ENERGETICA-EN-EDIFICIOS.pdf\">DIAGN\u00d3STICO-PRON\u00d3STICO DE EFICIENCIA ENERG\u00c9TICA EN EDIFICIOS P\u00daBLICOS DE LA PAZ, BAJA CALIFORNIA SUR<\/a><\/li>\n<li><a href=\"https:\/\/cerca.org.mx\/wp-content\/uploads\/2022\/02\/Olvidados-por-la-Luz-EXPANSION-1288-V2.pdf\">Olvidados por la Luz <\/a><\/li>\n<\/ul>\n<p><div class=\"lcp_catlist\" id=\"lcp_instance_0\"><\/div>\n<\/p>\n<\/div>\n<\/div>\n<div class=\"su-spoiler su-spoiler-style-fancy su-spoiler-icon-plus su-spoiler-closed\" data-scroll-offset=\"0\" data-anchor-in-url=\"no\">\n<div class=\"su-spoiler-title\" tabindex=\"0\" role=\"button\"><span class=\"su-spoiler-icon\"><\/span>ENGLISH<\/div>\n<div class=\"su-spoiler-content su-u-clearfix su-u-trim\">\n<p><div class=\"lcp_catlist\" id=\"lcp_instance_0\"><\/div>\n<\/p>\n<\/div>\n<\/div>\n<\/div>\n<\/div><\/div><\/div><\/div><\/div><\/div>","protected":false},"excerpt":{"rendered":"<p>ESTUDIOS EXTERNOS<\/p>","protected":false},"author":1,"featured_media":0,"parent":0,"menu_order":0,"comment_status":"closed","ping_status":"closed","template":"","meta":{"footnotes":""},"class_list":["post-1517","page","type-page","status-publish","hentry"],"_links":{"self":[{"href":"https:\/\/cerca.org.mx\/en\/wp-json\/wp\/v2\/pages\/1517","targetHints":{"allow":["GET"]}}],"collection":[{"href":"https:\/\/cerca.org.mx\/en\/wp-json\/wp\/v2\/pages"}],"about":[{"href":"https:\/\/cerca.org.mx\/en\/wp-json\/wp\/v2\/types\/page"}],"author":[{"embeddable":true,"href":"https:\/\/cerca.org.mx\/en\/wp-json\/wp\/v2\/users\/1"}],"replies":[{"embeddable":true,"href":"https:\/\/cerca.org.mx\/en\/wp-json\/wp\/v2\/comments?post=1517"}],"version-history":[{"count":10,"href":"https:\/\/cerca.org.mx\/en\/wp-json\/wp\/v2\/pages\/1517\/revisions"}],"predecessor-version":[{"id":3255,"href":"https:\/\/cerca.org.mx\/en\/wp-json\/wp\/v2\/pages\/1517\/revisions\/3255"}],"wp:attachment":[{"href":"https:\/\/cerca.org.mx\/en\/wp-json\/wp\/v2\/media?parent=1517"}],"curies":[{"name":"wp","href":"https:\/\/api.w.org\/{rel}","templated":true}]}}