{"id":1716,"date":"2020-09-10T01:33:32","date_gmt":"2020-09-10T01:33:32","guid":{"rendered":"https:\/\/www.cerca.org.mx\/?page_id=1716"},"modified":"2021-12-14T21:18:56","modified_gmt":"2021-12-15T01:18:56","slug":"infografias","status":"publish","type":"page","link":"https:\/\/cerca.org.mx\/en\/infografias\/","title":{"rendered":"Infographics"},"content":{"rendered":"<div id=\"pl-1716\"  class=\"panel-layout\" ><div id=\"pg-1716-0\"  class=\"panel-grid panel-has-style\" ><div class=\"panel-row-style panel-row-style-for-1716-0\" ><div id=\"pgc-1716-0-0\"  class=\"panel-grid-cell\" ><div id=\"panel-1716-0-0-0\" class=\"so-panel widget widget_sow-editor panel-first-child panel-last-child\" data-index=\"0\" ><div\n\t\t\t\n\t\t\tclass=\"so-widget-sow-editor so-widget-sow-editor-base\"\n\t\t\t\n\t\t>\n<div class=\"siteorigin-widget-tinymce textwidget\">\n\t<hr \/>\n<h2 style=\"text-align: center;\"><span style=\"color: #2aa5d6;\">Infographics<\/span><\/h2>\n<hr \/>\n<\/div>\n<\/div><\/div><\/div><\/div><\/div><div id=\"pg-1716-1\"  class=\"panel-grid panel-has-style\" ><div class=\"panel-row-style panel-row-style-for-1716-1\" ><div id=\"pgc-1716-1-0\"  class=\"panel-grid-cell\" ><div id=\"panel-1716-1-0-0\" class=\"so-panel widget widget_sow-editor panel-first-child panel-last-child\" data-index=\"1\" ><div\n\t\t\t\n\t\t\tclass=\"so-widget-sow-editor so-widget-sow-editor-base\"\n\t\t\t\n\t\t>\n<div class=\"siteorigin-widget-tinymce textwidget\">\n\t<p><!-- wp:list --><\/p>\n<div class=\"lcp_catlist\" id=\"lcp_instance_0\">\n<p><a href=\"https:\/\/cerca.org.mx\/en\/problemas-de-salud-en-aumento\/\">Problemas de salud en aumento<\/a>  March 12, 2021<\/p>\n<p><a href=\"https:\/\/cerca.org.mx\/en\/que-esta-pasando-en-b-c-s\/\">\u00bfQu\u00e9 est\u00e1 pasando en B.C.S.?<\/a>  March 12, 2021<\/p>\n<p><a href=\"https:\/\/cerca.org.mx\/en\/dia-mundial-de-la-eficiencia-energetica\/\">D\u00eda mundial de la eficiencia energ\u00e9tica<\/a>  March 12, 2021<\/p>\n<p><a href=\"https:\/\/cerca.org.mx\/en\/principales-causas-de-muerte\/\">Principales causas de muerte<\/a>  March 12, 2021<\/p>\n<p><a href=\"https:\/\/cerca.org.mx\/en\/dia-mundial-de-la-vida-silvestre\/\">D\u00eda mundial de la vida silvestre<\/a>  March 12, 2021<\/p>\n<p><a href=\"https:\/\/cerca.org.mx\/en\/contaminacion-de-gases-de-efecto-invernadero\/\">Contaminaci\u00f3n de gases de efecto invernadero<\/a>  March 12, 2021<\/p>\n<p><a href=\"https:\/\/cerca.org.mx\/en\/monitoreo-movil\/\">Monitoreo m\u00f3vil<\/a>  March 12, 2021<\/p>\n<p><a href=\"https:\/\/cerca.org.mx\/en\/dia-mundial-de-los-humedales\/\">D\u00eda mundial de los humedales<\/a>  March 12, 2021<\/p>\n<p><a href=\"https:\/\/cerca.org.mx\/en\/dia-mundial-por-las-emisiones-de-co2\/\">D\u00eda mundial por las emisiones de CO2<\/a>  March 12, 2021<\/p>\n<p><a href=\"https:\/\/cerca.org.mx\/en\/dia-internacional-de-la-educacion-ambiental\/\">D\u00eda internacional de la educaci\u00f3n ambiental<\/a>  March 12, 2021<\/p>\n<p><a href=\"https:\/\/cerca.org.mx\/en\/red-de-monitoreo-de-cerca\/\">Red de monitoreo de CERCA<\/a>  March 12, 2021<\/p>\n<p><a href=\"https:\/\/cerca.org.mx\/en\/central-termoelectrica-punta-prieta\/\">Central Termoel\u00e9ctrica Punta Prieta<\/a>  March 12, 2021<\/p>\n<p><a href=\"https:\/\/cerca.org.mx\/en\/planta-geotermica-tres-virgenes\/\">Planta geot\u00e9rmica \u201cTres V\u00edrgenes\u201d<\/a>  March 12, 2021<\/p>\n<p><a href=\"https:\/\/cerca.org.mx\/en\/la-paz-b-c-s-con-problemas-de-contaminacion-del-aire\/\">La Paz, B.C.S., con problemas de contaminaci\u00f3n del aire<\/a>  December 18, 2020<\/p>\n<p><a href=\"https:\/\/cerca.org.mx\/en\/dia-de-la-conciencia-ambiental\/\">D\u00eda de la conciencia ambiental<\/a>  December 18, 2020<\/p>\n<p><a href=\"https:\/\/cerca.org.mx\/en\/evolucion-de-la-generacion-anual-de-energia-bruta-en-el-estado-de-b-c-s-desde-el-ano-2014-a-2018\/\">Evoluci\u00f3n de la generaci\u00f3n anual de energ\u00eda bruta en el estado de B.C.S. desde el a\u00f1o 2014 a 2018<\/a>  December 18, 2020<\/p>\n<p><a href=\"https:\/\/cerca.org.mx\/en\/central-puerto-san-carlos\/\">Central Puerto San Carlos<\/a>  December 18, 2020<\/p>\n<p><a href=\"https:\/\/cerca.org.mx\/en\/danos-a-la-salud-por-contaminacion-pms\/\">Da\u00f1os a la Salud por Contaminaci\u00f3n: PM\u00b4s<\/a>  November 17, 2020<\/p>\n<p><a href=\"https:\/\/cerca.org.mx\/en\/danos-a-la-salud-por-contaminacion-o3\/\">Da\u00f1os a la Salud por Contaminaci\u00f3n: O3<\/a>  November 17, 2020<\/p>\n<p><a href=\"https:\/\/cerca.org.mx\/en\/danos-a-la-salud-por-contaminacion-co\/\">Da\u00f1os a la Salud por Contaminaci\u00f3n: CO<\/a>  November 17, 2020<\/p>\n<p><a href=\"https:\/\/cerca.org.mx\/en\/danos-a-la-salud-por-contaminacion-no2\/\">Da\u00f1os a la Salud por Contaminaci\u00f3n: NO2<\/a>  November 17, 2020<\/p>\n<p><a href=\"https:\/\/cerca.org.mx\/en\/danos-a-la-salud-por-contaminacion-so2\/\">Da\u00f1os a la Salud por Contaminaci\u00f3n: SO2<\/a>  November 17, 2020<\/p>\n<p><a href=\"https:\/\/cerca.org.mx\/en\/dia-mundial-del-ahorro-de-energia\/\">D\u00eda Mundial del Ahorro de Energ\u00eda<\/a>  November 17, 2020<\/p>\n<p><a href=\"https:\/\/cerca.org.mx\/en\/contaminantes-emitidos-por-generacion-de-electricidad\/\">Contaminantes Emitidos por Generaci\u00f3n de Electricidad<\/a>  November 17, 2020<\/p>\n<p><a href=\"https:\/\/cerca.org.mx\/en\/dia-mundial-de-los-mares\/\">D\u00eda Mundial de los Mares<\/a>  November 17, 2020<\/p>\n<p><a href=\"https:\/\/cerca.org.mx\/en\/que-tiene-que-ver-la-calidad-del-aire-que-respiramos-con-la-covid-19\/\">\u00bfQu\u00e9 tiene que ver la calidad del aire que respiramos con la COVID-19?<\/a>  October 16, 2020<\/p>\n<p><a href=\"https:\/\/cerca.org.mx\/en\/correlacion-entre-contaminacion-y-covid-19-2\/\">Correlaci\u00f3n entre contaminaci\u00f3n y COVID-19<\/a>  October 16, 2020<\/p>\n<p><a href=\"https:\/\/cerca.org.mx\/en\/correlacion-entre-contaminacion-y-covid-19\/\">Correlaci\u00f3n entre contaminaci\u00f3n y COVID-19<\/a>  October 16, 2020<\/p>\n<p><a href=\"https:\/\/cerca.org.mx\/en\/covid-19-y-la-contaminacion-del-aire\/\">COVID-19 Y LA CONTAMINACI\u00d3N DEL AIRE<\/a>  October 8, 2020<\/p>\n<p><a href=\"https:\/\/cerca.org.mx\/en\/baja-california-sur-n-1-en-crecimiento-economico-en-mexico\/\">Baja California Sur N. 1 en Crecimiento Econ\u00f3mico en M\u00e9xico<\/a>  September 25, 2020<\/p>\n<p><a href=\"https:\/\/cerca.org.mx\/en\/apagones-en-el-sistema-electrico-de-b-c-s-en-2019\/\">Apagones en el sistema el\u00e9ctrico de B.C.S. en 2019<\/a>  September 25, 2020<\/p>\n<p><a href=\"https:\/\/cerca.org.mx\/en\/dia-internacional-de-la-preservacion-de-la-capa-de-ozono\/\">D\u00eda Internacional de la Preservaci\u00f3n de la Capa de Ozono<\/a>  September 25, 2020<\/p>\n<p><a href=\"https:\/\/cerca.org.mx\/en\/baja-california-sur-las-tarifas-mas-caras-del-pais\/\">Baja California Sur: Las tarifas m\u00e1s caras del pa\u00eds<\/a>  September 10, 2020<\/p>\n<p><a href=\"https:\/\/cerca.org.mx\/en\/dia-internacional-del-aire-limpio-por-un-cielo-azul\/\">D\u00eda internacional del aire limpio por un cielo azul<\/a>  September 10, 2020<\/p>\n<p><a href=\"https:\/\/cerca.org.mx\/en\/cci-baja-california-sur-vi\/\">CCI Baja California Sur VI<\/a>  September 10, 2020<\/p>\n<p><a href=\"https:\/\/cerca.org.mx\/en\/proyecto-eolico-el-coromuel-avances\/\">Proyecto E\u00f3lico El Coromuel &#8211; Avances<\/a>  September 10, 2020<\/p>\n<p><a href=\"https:\/\/cerca.org.mx\/en\/dia-interamericano-de-la-calidad-del-aire\/\">D\u00eda Interamericano de la Calidad del Aire<\/a>  September 10, 2020<\/p>\n<p><a href=\"https:\/\/cerca.org.mx\/en\/planes-de-cfe-en-2020-para-evitar-los-apagones-en-b-c-s\/\">Planes de CFE en 2020 para evitar los Apagones en B.C.S.<\/a>  September 10, 2020<\/p>\n<p><a href=\"https:\/\/cerca.org.mx\/en\/estrategia-de-cfe-para-asegurar-el-suministro-de-energia-electrica-en-el-estado-de-b-c-s\/\">Estrategia de CFE para asegurar el suministro de energ\u00eda el\u00e9ctrica en el estado de B.C.S.<\/a>  September 10, 2020<\/p>\n<p><a href=\"https:\/\/cerca.org.mx\/en\/los-planes-de-cfe-para-b-c-s-los-nuevos-proyectos-contaminantes-ii\/\">Los planes de CFE para B.C.S: Los nuevos proyectos contaminantes II<\/a>  September 10, 2020<\/p>\n<p><a href=\"https:\/\/cerca.org.mx\/en\/dia-nacional-del-arbol\/\">D\u00eda nacional del \u00e1rbol<\/a>  September 10, 2020<\/p>\n<p><a href=\"https:\/\/cerca.org.mx\/en\/los-planes-de-cfe-para-b-c-s-los-nuevos-proyectos-contaminantes\/\">Los planes de CFE para  B.C.S: Los nuevos proyectos contaminantes<\/a>  September 10, 2020<\/p>\n<p><a href=\"https:\/\/cerca.org.mx\/en\/rechaza-lo-que-no-puedes-reusar\/\">Rechaza lo que no puedes rehusar<\/a>  September 10, 2020<\/p>\n<p><a href=\"https:\/\/cerca.org.mx\/en\/energia_eolica\/\">Energ\u00eda E\u00f3lica<\/a>  September 10, 2020<\/p>\n<\/div>\n<ul>\n<li><a href=\"https:\/\/cerca.org.mx\/en\/infografias\/rechaza-lo-que-no-puedes-reusar\/\">Rechaza lo que no puedes reusar<\/a><\/li>\n<li><a href=\"https:\/\/cerca.org.mx\/en\/infografias\/los-planes-de-cfe-para-b-c-s-los-nuevos-proyectos-contaminantes\/\">Los planes de CFE para B.C.S: Los nuevos proyectos contaminantes<\/a><\/li>\n<li><a href=\"https:\/\/cerca.org.mx\/en\/infografias\/dia-nacional-del-arbol\/\">D\u00eda nacional del \u00e1rbol<\/a><\/li>\n<li><a href=\"https:\/\/cerca.org.mx\/en\/infografias\/los-planes-de-cfe-para-b-c-s-los-nuevos-proyectos-contaminantes-ii\/\">Los planes de CFE para B.C.S: Los nuevos proyectos contaminantes II<\/a><\/li>\n<li><a href=\"https:\/\/cerca.org.mx\/en\/infografias\/estrategia-de-cfe-para-asegurar-el-suministro-de-energia-electrica-en-el-estado-de-b-c-s\/\">Estrategia de CFE para asegurar el suministro de energ\u00eda el\u00e9ctrica en el estado de B.C.S.<\/a><\/li>\n<li><a href=\"https:\/\/cerca.org.mx\/en\/infografias\/planes-de-cfe-en-2020-para-evitar-los-apagones-en-b-c-s\/\">Planes de CFE en 2020 para evitar los Apagones en B.C.S.<\/a><\/li>\n<li><a href=\"https:\/\/cerca.org.mx\/en\/infografias\/dia-interamericano-de-la-calidad-del-aire\/\">D\u00eda Interamericano de la Calidad del Aire<\/a><\/li>\n<li><a href=\"https:\/\/cerca.org.mx\/en\/infografias\/proyecto-eolico-el-coromuel-avances\/\">Proyecto E\u00f3lico El Coromuel \u2013 Avances<\/a><\/li>\n<li><a href=\"https:\/\/cerca.org.mx\/en\/infografias\/cci-baja-california-sur-vi\/\">CCI Baja California Sur VI<\/a><\/li>\n<\/ul>\n<p><!-- \/wp:list --><\/p>\n<p><!-- wp:paragraph --><\/p>\n<p><!-- \/wp:paragraph --><\/p>\n<\/div>\n<\/div><\/div><\/div><\/div><\/div><div id=\"pg-1716-2\"  class=\"panel-grid panel-no-style\" ><div id=\"pgc-1716-2-0\"  class=\"panel-grid-cell\" ><div id=\"panel-1716-2-0-0\" class=\"so-panel widget widget_sow-editor panel-first-child panel-last-child\" data-index=\"2\" ><div\n\t\t\t\n\t\t\tclass=\"so-widget-sow-editor so-widget-sow-editor-base\"\n\t\t\t\n\t\t>\n<div class=\"siteorigin-widget-tinymce textwidget\">\n\t<h3 style=\"text-align: center;\">\u201cIf you found this information useful, please donate <a href=\"https:\/\/docs.google.com\/forms\/d\/e\/1FAIpQLSfOjF83HJ8ppnn3xUWIlIjCGKY2bcr3N09gh7ZO2YhFSYl-5g\/viewform\">Here<\/a> so we can continue our work\u201d<\/h3>\n<\/div>\n<\/div><\/div><\/div><\/div><\/div>","protected":false},"excerpt":{"rendered":"<p>INFOGRAF\u00cdAS Rechaza lo que no puedes reusar Los planes de CFE para B.C.S: Los nuevos proyectos contaminantes D\u00eda nacional del \u00e1rbol Los planes de CFE para B.C.S: Los nuevos proyectos contaminantes II Estrategia de CFE para asegurar el suministro de energ\u00eda el\u00e9ctrica en el estado de B.C.S. Planes de CFE en 2020 para evitar los &hellip;<\/p>\n<p class=\"read-more\"> <a class=\"\" href=\"https:\/\/cerca.org.mx\/en\/infografias\/\"> <span class=\"screen-reader-text\">Infographics<\/span> Read More &raquo;<\/a><\/p>","protected":false},"author":1,"featured_media":0,"parent":0,"menu_order":0,"comment_status":"closed","ping_status":"closed","template":"","meta":{"footnotes":""},"class_list":["post-1716","page","type-page","status-publish","hentry"],"_links":{"self":[{"href":"https:\/\/cerca.org.mx\/en\/wp-json\/wp\/v2\/pages\/1716","targetHints":{"allow":["GET"]}}],"collection":[{"href":"https:\/\/cerca.org.mx\/en\/wp-json\/wp\/v2\/pages"}],"about":[{"href":"https:\/\/cerca.org.mx\/en\/wp-json\/wp\/v2\/types\/page"}],"author":[{"embeddable":true,"href":"https:\/\/cerca.org.mx\/en\/wp-json\/wp\/v2\/users\/1"}],"replies":[{"embeddable":true,"href":"https:\/\/cerca.org.mx\/en\/wp-json\/wp\/v2\/comments?post=1716"}],"version-history":[{"count":8,"href":"https:\/\/cerca.org.mx\/en\/wp-json\/wp\/v2\/pages\/1716\/revisions"}],"predecessor-version":[{"id":2921,"href":"https:\/\/cerca.org.mx\/en\/wp-json\/wp\/v2\/pages\/1716\/revisions\/2921"}],"wp:attachment":[{"href":"https:\/\/cerca.org.mx\/en\/wp-json\/wp\/v2\/media?parent=1716"}],"curies":[{"name":"wp","href":"https:\/\/api.w.org\/{rel}","templated":true}]}}