{"id":1854,"date":"2020-10-14T22:55:51","date_gmt":"2020-10-14T22:55:51","guid":{"rendered":"https:\/\/www.cerca.org.mx\/?page_id=1854"},"modified":"2021-11-02T04:20:53","modified_gmt":"2021-11-02T08:20:53","slug":"solicitudes-de-transparencia-3","status":"publish","type":"page","link":"https:\/\/cerca.org.mx\/en\/solicitudes-de-transparencia-3\/","title":{"rendered":"Transparency requests"},"content":{"rendered":"<div id=\"pl-1854\"  class=\"panel-layout\" ><div id=\"pg-1854-0\"  class=\"panel-grid panel-has-style\" ><div class=\"panel-row-style panel-row-style-for-1854-0\" ><div id=\"pgc-1854-0-0\"  class=\"panel-grid-cell\" ><div id=\"panel-1854-0-0-0\" class=\"so-panel widget widget_sow-editor panel-first-child panel-last-child\" data-index=\"0\" ><div\n\t\t\t\n\t\t\tclass=\"so-widget-sow-editor so-widget-sow-editor-base\"\n\t\t\t\n\t\t>\n<div class=\"siteorigin-widget-tinymce textwidget\">\n\t<hr \/>\n<h2 style=\"text-align: center;\"><span style=\"color: #2aa5d6;\">Transparency Requests<\/span><\/h2>\n<hr \/>\n<\/div>\n<\/div><\/div><\/div><\/div><\/div><div id=\"pg-1854-1\"  class=\"panel-grid panel-has-style\" ><div class=\"panel-row-style panel-row-style-for-1854-1\" ><div id=\"pgc-1854-1-0\"  class=\"panel-grid-cell\" ><div id=\"panel-1854-1-0-0\" class=\"so-panel widget widget_sow-editor panel-first-child panel-last-child\" data-index=\"1\" ><div\n\t\t\t\n\t\t\tclass=\"so-widget-sow-editor so-widget-sow-editor-base\"\n\t\t\t\n\t\t>\n<div class=\"siteorigin-widget-tinymce textwidget\">\n\t<details>\n<summary style=\"background-color: #eeeeee; padding: 7px; border: none; box-shadow: 1px 1px 2px #bbbbbb; cursor: s-resize; font-weight: bold; margin-top: 10px; margin-bottom: 10px;\">- Centro Nacional de Control de Energ\u00eda (CENACE)<\/summary>\n<div style=\"background-color: #f9f9f9; padding: 4px; margin: 0; box-shadow: 1px 1px 2px #bbbbbb;\">\n<div class=\"wp-block-file\"><a href=\"https:\/\/www.cerca.org.mx\/wp-content\/uploads\/2021\/01\/Solicitud-de-informacio\u0301n-interconexio\u0301n-CENACE.pdf\">Respuesta CENACE (2020). No. Folio: 1120500018120. Interconexi\u00f3n de renovables al sistema BCS.\u00a0<\/a><\/div>\n<div class=\"wp-block-file\"><a href=\"https:\/\/www.cerca.org.mx\/wp-content\/uploads\/2021\/02\/Respuesta-CENACE2020-No.-de-Folio-1120500001121.-Numero-de-solicitudes-en-espera-de-interconexion-en-el-sistema-electrico-BCS..pdf\">Respuesta CENACE(2020) No. de Folio 1120500001121. N\u00famero de solicitudes en espera de interconexi\u00f3n en el sistema el\u00e9ctrico BCS.<\/a><\/div>\n<div class=\"wp-block-file\"><a href=\"https:\/\/www.cerca.org.mx\/wp-content\/uploads\/2021\/02\/1120500003221.pdf\">Respuesta CENACE (2021). No. de Folio: 1120500003221. Diagrama de flujos de potencia en el sistema el\u00e9ctrico BCS a\u00f1o 2020.<\/a><\/div>\n<div><\/div>\n<div>Informaci\u00f3n recopilada a trav\u00e9s de:<a href=\"https:\/\/www.plataformadetransparencia.org.mx\/\"> La Plataforma Nacional de Transparencia<\/a><\/div>\n<div><\/div>\n<\/div>\n<\/details>\n<div><\/div>\n<details>\n<summary style=\"background-color: #eeeeee; padding: 7px; border: none; box-shadow: 1px 1px 2px #bbbbbb; cursor: s-resize; font-weight: bold; margin-top: 10px; margin-bottom: 10px;\">- Secretar\u00eda del Medio Ambiente y Recursos Naturales (SEMARNAT)<\/summary>\n<div style=\"background-color: #f9f9f9; padding: 4px; margin: 0; box-shadow: 1px 1px 2px #bbbbbb;\">\n<div class=\"wp-block-file\"><a href=\"https:\/\/www.cerca.org.mx\/wp-content\/uploads\/2021\/02\/Respuesta-folio-0001600269520.rtf\">Respuesta SEMARNAT (2020). No. Folio: 0001600269520. Publicaci\u00f3n de CC BCS en peri\u00f3dico local.\u00a0<\/a><\/div>\n<div class=\"wp-block-file\"><a href=\"https:\/\/www.cerca.org.mx\/wp-content\/uploads\/2021\/02\/Respuesta-folio-0001600253820.rtf\">Respuesta SEMARNAT (2020). No. Folio: 0001600253820. Publicaci\u00f3n de Unidades M\u00f3viles en CCI BCS en peri\u00f3dico local. <\/a><\/div>\n<div class=\"wp-block-file\"><a href=\"https:\/\/www.cerca.org.mx\/wp-content\/uploads\/2021\/02\/Respuesta-folio-0001600253420.rtf\">Respuesta SEMARNAT (2020). No. Folio: 0001600253420. Publicaci\u00f3n de CCI BCS V en peri\u00f3dico local.<\/a><\/div>\n<div class=\"wp-block-file\"><a href=\"https:\/\/www.cerca.org.mx\/wp-content\/uploads\/2021\/02\/Respuesta-folio-0001600253620.rtf\">Respuesta SEMARNAT (2020). No. Folio: 0001600253620. Publicaci\u00f3n de CCI BCS VI en peri\u00f3dico local. <\/a><\/div>\n<div class=\"wp-block-file\"><a href=\"https:\/\/www.cerca.org.mx\/wp-content\/uploads\/2021\/02\/Respuesta-folio-0001600253720.rtf\"> Respuesta SEMARNAT (2020). No. Folio: 0001600253720. Publicaci\u00f3n de Unidades Aeroderivadas en CTPP en peri\u00f3dico local. <\/a><\/div>\n<div class=\"wp-block-file\"><a href=\"https:\/\/www.cerca.org.mx\/wp-content\/uploads\/2021\/02\/Respuesta-folio-0001600253320-1.rtf\">Respuesta SEMARNAT (2020). No. Folio: 0001600253320. Publicaci\u00f3n de CCI BCS IV en peri\u00f3dico local.<\/a><\/div>\n<div class=\"wp-block-file\"><a href=\"https:\/\/www.cerca.org.mx\/wp-content\/uploads\/2021\/02\/Respuesta-folio-0001600252820-1.rtf\">Respuesta SEMARNAT (2020). No. Folio: 0001600252820. Publicaci\u00f3n de CCI BCS I en peri\u00f3dico local<\/a><\/div>\n<div class=\"wp-block-file\"><a href=\"https:\/\/www.cerca.org.mx\/wp-content\/uploads\/2021\/02\/Respuesta-solicitud-folio-0001600253120.rtf\">Respuesta SEMARNAT (2020). No. Folio: 0001600253120. Publicaci\u00f3n de CCI BCS III en peri\u00f3dico local. <\/a><\/div>\n<div class=\"wp-block-file\"><a href=\"https:\/\/www.cerca.org.mx\/wp-content\/uploads\/2021\/02\/Respuesta-folio-0001600319720-1.rtf\">Respuesta SEMARNAT (2020). No. Folio: 0001600319720. Publicaci\u00f3n de 4 Unidades Aeroderivadas en CCI BCS en peri\u00f3dico local.<\/a><\/div>\n<div class=\"wp-block-file\"><a href=\"https:\/\/www.cerca.org.mx\/wp-content\/uploads\/2021\/02\/Respuesta-folio-0001600304020.pdf\">Respuesta SEMARNAT (2020). No. Folio: 0001600304020. Anexos de MIA Unidades M\u00f3viles en CCI BCS.<\/a><\/div>\n<div><\/div>\n<div>Informaci\u00f3n recopilada a trav\u00e9s de:<a href=\"https:\/\/www.plataformadetransparencia.org.mx\/\"> La Plataforma Nacional de Transparencia<\/a><\/div>\n<\/div>\n<\/details>\n<div><\/div>\n<details>\n<summary style=\"background-color: #eeeeee; padding: 7px; border: none; box-shadow: 1px 1px 2px #bbbbbb; cursor: s-resize; font-weight: bold; margin-top: 10px; margin-bottom: 10px;\">- Comisi\u00f3n Federal de Electricidad (CFE)<\/summary>\n<div style=\"background-color: #f9f9f9; padding: 4px; margin: 0; box-shadow: 1px 1px 2px #bbbbbb;\">\n<div class=\"wp-block-file\"><a href=\"https:\/\/www.cerca.org.mx\/wp-content\/uploads\/2021\/01\/Solicitud-de-informacio\u0301n-estaciones-monitoreo-CFE.pdf\">Respuesta CFE (2020). No. Folio: 1816400029820. Datos de las 3 casetas de CFE en La Paz.\u00a0<\/a><\/div>\n<div class=\"wp-block-file\"><a href=\"https:\/\/www.cerca.org.mx\/wp-content\/uploads\/2021\/01\/0968-OF.pdf\">Respuesta CFE (2020) No. de Folio:\u00a01816400096820. Apagones y usuarios afectados en el estado de BCS en el a\u00f1o 2019.<\/a><\/div>\n<div class=\"wp-block-file\"><a href=\"https:\/\/www.cerca.org.mx\/wp-content\/uploads\/2021\/01\/Respuesta-CFE-2020-No.-De-Folio-1816400040620.-Ce\u0301dula-de-Operacio\u0301n-Anual-COA-de-La-Central-de-Combustio\u0301n-Interna-BCS-CCI-2018..zip\">Respuesta-CFE-2020-No.-De-Folio-1816400040620.-Ce\u0301dula-de-Operacio\u0301n-Anual-COA-de-La-Central-de-Combustio\u0301n-Interna-BCS-CCI-2018.<\/a><\/div>\n<div class=\"wp-block-file\"><a href=\"https:\/\/www.cerca.org.mx\/wp-content\/uploads\/2021\/01\/Respuesta-CFE-2020-No.-De-Folio-1816400040720.-Ce\u0301dula-de-Operacio\u0301n-Anual-COA-de-La-Central-Termoele\u0301ctrica-Punta-Prieta-2018..zip\">Respuesta-CFE-2020-No.-De-Folio-1816400040720.-Ce\u0301dula-de-Operacio\u0301n-Anual-COA-de-La-Central-Termoele\u0301ctrica-Punta-Prieta-2018.<\/a><\/div>\n<div class=\"wp-block-file\"><a href=\"https:\/\/www.cerca.org.mx\/wp-content\/uploads\/2021\/01\/Respuesta-CFE-2020-No.-de-Folio-1816400095920.-Generacio\u0301n-de-energi\u0301a-ele\u0301ctrica-por-central-en-el-estado-de-BCS-an\u0303os-2014-2020.zip\">Respuesta-CFE-2020-No.-de-Folio-1816400095920.-Generacio\u0301n-de-energi\u0301a-ele\u0301ctrica-por-central-en-el-estado-de-BCS-an\u0303os-2014-2020<\/a><\/div>\n<div class=\"wp-block-file\"><a href=\"https:\/\/www.cerca.org.mx\/wp-content\/uploads\/2021\/01\/Respuesta-CFE-2020-No.-de-Folio-1816400381819.-Ana\u0301lisis-qui\u0301mico-de-Combusto\u0301leo-en-la-centrales-de-CFE-en-La-PazB.C.Sur_..zip\">Respuesta-CFE-2020-No.-de-Folio-1816400381819.-Ana\u0301lisis-qui\u0301mico-de-Combusto\u0301leo-en-la-centrales-de-CFE-en-La-PazB.C.Sur_.<\/a><\/div>\n<div class=\"wp-block-file\"><a href=\"https:\/\/www.cerca.org.mx\/wp-content\/uploads\/2021\/02\/Respuesta-CFE-2020-No.-De-Folio-1816400253320.-Cedula-de-Operacion-Anual-COA-de-La-Central-de-Combustion-Interna-BCS-CCI-2019..pdf\">Respuesta CFE (2020) No. De Folio 1816400253320. C\u00e9dula de Operaci\u00f3n Anual (COA) de La Central de Combusti\u00f3n Interna BCS (CCI) 2019.<\/a><\/div>\n<div class=\"wp-block-file\"><a href=\"https:\/\/www.cerca.org.mx\/wp-content\/uploads\/2021\/02\/Respuesta-CFE-2020-No.-De-Folio-1816400253420-Cedula-de-Operacion-Anual-COA-de-La-Central-Termoelectrica-Punta-Prieta-2019..pdf\">Respuesta CFE (2020) No. De Folio 1816400253420 C\u00e9dula de Operaci\u00f3n Anual (COA) de La Central Termoel\u00e9ctrica Punta Prieta 2019.<\/a><\/div>\n<div class=\"wp-block-file\"><a href=\"https:\/\/www.cerca.org.mx\/wp-content\/uploads\/2021\/02\/1816400033721.zip\">Respuesta CFE (2021). No. de Folio: 1816400033721. Ventas de energ\u00eda el\u00e9ctrica por municipio y por sector tarifario en el estado de BCS del a\u00f1o 2015 a 2020.<\/a><\/div>\n<div class=\"wp-block-file\"><a href=\"https:\/\/www.cerca.org.mx\/wp-content\/uploads\/2021\/02\/1816400034021.zip\">Respuesta CFE (2021). No. de Folio: 1816400034021. Facturaci\u00f3n de las ventas de energ\u00eda el\u00e9ctrica por municipio y por sector tarifario en el estado de BCS del a\u00f1o 2015 a 2020.<\/a><\/div>\n<div><\/div>\n<div>Informaci\u00f3n recopilada a trav\u00e9s de: <a href=\"https:\/\/www.plataformadetransparencia.org.mx\/\"> La Plataforma Nacional de Transparencia<\/a><\/div>\n<\/div>\n<\/details>\n<div><\/div>\n<details>\n<summary style=\"background-color: #eeeeee; padding: 7px; border: none; box-shadow: 1px 1px 2px #bbbbbb; cursor: s-resize; font-weight: bold; margin-top: 10px; margin-bottom: 10px;\">- Procuradur\u00eda Federal de Protecci\u00f3n al Ambiente (PROFEPA)<\/summary>\n<div style=\"background-color: #f9f9f9; padding: 4px; margin: 0; box-shadow: 1px 1px 2px #bbbbbb;\">\n<div>Informaci\u00f3n recopilada a trav\u00e9s de:<a href=\"https:\/\/www.plataformadetransparencia.org.mx\/\"> La Plataforma Nacional de Transparencia<\/a><\/div>\n<\/div>\n<\/details>\n<div><\/div>\n<details>\n<summary style=\"background-color: #eeeeee; padding: 7px; border: none; box-shadow: 1px 1px 2px #bbbbbb; cursor: s-resize; font-weight: bold; margin-top: 10px; margin-bottom: 10px;\">- Secretar\u00eda de Energ\u00eda (SENER)<\/summary>\n<div style=\"background-color: #f9f9f9; padding: 4px; margin: 0; box-shadow: 1px 1px 2px #bbbbbb;\">\n<div class=\"wp-block-file\"><a href=\"https:\/\/www.cerca.org.mx\/wp-content\/uploads\/2021\/02\/1816400033721.zip\">Respuesta CFE (2021). No. de Folio: 1816400033721. Ventas de energ\u00eda el\u00e9ctrica por municipio y por sector tarifario en el estado de BCS del a\u00f1o 2015 a 2020.<\/a><\/div>\n<div><\/div>\n<div>Informaci\u00f3n recopilada a trav\u00e9s de:<a href=\"https:\/\/www.plataformadetransparencia.org.mx\/\"> La Plataforma Nacional de Transparencia<\/a><\/div>\n<\/div>\n<\/details>\n<div><\/div>\n<details>\n<summary style=\"background-color: #eeeeee; padding: 7px; border: none; box-shadow: 1px 1px 2px #bbbbbb; cursor: s-resize; font-weight: bold; margin-top: 10px; margin-bottom: 10px;\">-Others<\/summary>\n<div style=\"background-color: #f9f9f9; padding: 4px; margin: 0; box-shadow: 1px 1px 2px #bbbbbb;\">\n<div><\/div>\n<div>Informaci\u00f3n recopilada a trav\u00e9s de:<a href=\"https:\/\/www.plataformadetransparencia.org.mx\/\"> La Plataforma Nacional de Transparencia<\/a><\/div>\n<\/div>\n<\/details>\n<\/div>\n<\/div><\/div><\/div><\/div><\/div><\/div>","protected":false},"excerpt":{"rendered":"<p>SOLICITUDES DE TRANSPARENCIA &#8211; Centro Nacional de Control de Energ\u00eda (CENACE) Respuesta CENACE (2020). No. Folio: 1120500018120. Interconexi\u00f3n de renovables al sistema BCS.\u00a0 Respuesta CENACE(2020) No. de Folio 1120500001121. N\u00famero de solicitudes en espera de interconexi\u00f3n en el sistema el\u00e9ctrico BCS. Respuesta CENACE (2021). No. de Folio: 1120500003221. Diagrama de flujos de potencia en el &hellip;<\/p>\n<p class=\"read-more\"> <a class=\"\" href=\"https:\/\/cerca.org.mx\/en\/solicitudes-de-transparencia-3\/\"> <span class=\"screen-reader-text\">Transparency requests<\/span> Read More &raquo;<\/a><\/p>","protected":false},"author":1,"featured_media":0,"parent":0,"menu_order":0,"comment_status":"closed","ping_status":"closed","template":"","meta":{"footnotes":""},"class_list":["post-1854","page","type-page","status-publish","hentry"],"_links":{"self":[{"href":"https:\/\/cerca.org.mx\/en\/wp-json\/wp\/v2\/pages\/1854","targetHints":{"allow":["GET"]}}],"collection":[{"href":"https:\/\/cerca.org.mx\/en\/wp-json\/wp\/v2\/pages"}],"about":[{"href":"https:\/\/cerca.org.mx\/en\/wp-json\/wp\/v2\/types\/page"}],"author":[{"embeddable":true,"href":"https:\/\/cerca.org.mx\/en\/wp-json\/wp\/v2\/users\/1"}],"replies":[{"embeddable":true,"href":"https:\/\/cerca.org.mx\/en\/wp-json\/wp\/v2\/comments?post=1854"}],"version-history":[{"count":4,"href":"https:\/\/cerca.org.mx\/en\/wp-json\/wp\/v2\/pages\/1854\/revisions"}],"predecessor-version":[{"id":2868,"href":"https:\/\/cerca.org.mx\/en\/wp-json\/wp\/v2\/pages\/1854\/revisions\/2868"}],"wp:attachment":[{"href":"https:\/\/cerca.org.mx\/en\/wp-json\/wp\/v2\/media?parent=1854"}],"curies":[{"name":"wp","href":"https:\/\/api.w.org\/{rel}","templated":true}]}}