{"id":2502,"date":"2021-09-14T15:30:57","date_gmt":"2021-09-14T15:30:57","guid":{"rendered":"https:\/\/cerca.org.mx\/?page_id=2502"},"modified":"2025-05-02T16:41:24","modified_gmt":"2025-05-02T20:41:24","slug":"home","status":"publish","type":"page","link":"https:\/\/cerca.org.mx\/en\/","title":{"rendered":"Home"},"content":{"rendered":"<div id=\"pl-2502\"  class=\"panel-layout\" ><div id=\"pg-2502-0\"  class=\"panel-grid panel-has-style\" ><div class=\"siteorigin-panels-stretch panel-row-style panel-row-style-for-2502-0\" data-stretch-type=\"full-stretched\" ><div id=\"pgc-2502-0-0\"  class=\"panel-grid-cell\" ><div id=\"panel-2502-0-0-0\" class=\"widget_text so-panel widget widget_custom_html panel-first-child panel-last-child\" data-index=\"0\" ><div class=\"widget_text panel-widget-style panel-widget-style-for-2502-0-0-0\" ><div class=\"textwidget custom-html-widget\"><div class=\"presentacion\" style=\"text-align:center;\">\n\t<img decoding=\"async\" src=\"https:\/\/cerca.org.mx\/wp-content\/uploads\/2023\/01\/banner-Ingles.jpg\" alt=\"0\">\n\t<button id='btnLeerMas'><a href=\"#NosInteresa\" style=\"text-decoration: none;\"><strong>Read more<\/strong><\/a><\/button>\n<\/div>\n<style>\n.presentacion{\nposition: relative;\n}\n\n.presentacion img{\nmax-width: 100%;\nheight: auto;\nopacity: .88;\n}\n\n#btnLeerMas{\n\t\tposition: absolute;\n\t\ttop: 55%;\n\t\tleft: 25%;\n\t\ttransform: translate(-50%, -50%);\n\t\tbackground-color: #ffdc00;\n\t\tfont-size: 20px;\n\t\tborder-radius: 12px;\n\t\twidth: 200px;\n\t\tborder: none;\n  \ttext-align: center;\n\t\tcolor: #0174a3;\n\t}\n\t\na {\n  color: #0174a3;\n}\n\t\n@media only screen and (max-width: 768px) {\n  #btnLeerMas{\n\t\tposition: absolute;\n\t\ttop: 60%;\n\t\tleft: 20%;\n\t\ttransform: translate(-50%, -50%);\n\t\tbackground-color: #ffdc00;\n\t\tfont-size: 80%;\n\t\tborder-radius: 10px;\n\t\twidth: 35%;\n\t\theight: 5%;\n\t\tborder: none;\n  \ttext-align: center;\n\t\tcolor: #0174a3;\n\t}\n}\n<\/style><\/div><\/div><\/div><\/div><\/div><\/div><div id=\"pg-2502-1\"  class=\"panel-grid panel-no-style\" ><div id=\"pgc-2502-1-0\"  class=\"panel-grid-cell\" ><div id=\"panel-2502-1-0-0\" class=\"so-panel widget widget_sow-editor panel-first-child panel-last-child\" data-index=\"1\" ><div\n\t\t\t\n\t\t\tclass=\"so-widget-sow-editor so-widget-sow-editor-base\"\n\t\t\t\n\t\t>\n<div class=\"siteorigin-widget-tinymce textwidget\">\n\t<p id=\"NosInteresa\" style=\"text-align: center;\">The environmental scientific citizen center, specializes in promoting<br \/>\nthe energy transition\nbased on respect for human rights<br \/>\nand environmental health in B.C.S.<\/p>\n<\/div>\n<\/div><\/div><\/div><\/div><div id=\"pg-2502-2\"  class=\"panel-grid panel-no-style\" ><div id=\"pgc-2502-2-0\"  class=\"panel-grid-cell\" ><div id=\"panel-2502-2-0-0\" class=\"so-panel widget widget_sow-editor panel-first-child panel-last-child\" data-index=\"2\" ><div\n\t\t\t\n\t\t\tclass=\"so-widget-sow-editor so-widget-sow-editor-base\"\n\t\t\t\n\t\t>\n<div class=\"siteorigin-widget-tinymce textwidget\">\n\t<h1 style=\"text-align: left; color: #005bab;\"><strong>We are interested<\/strong><\/h1>\n<p style=\"text-align: left;\">Seek and promote solutions that improve the quality of life of South Californians, focusing\nmainly on promoting a transition towards the use of cleaner and renewable energies and on\nimproving the quality of the environment in our cities and communities.<\/p>\n<\/div>\n<\/div><\/div><\/div><div id=\"pgc-2502-2-1\"  class=\"panel-grid-cell\" ><div id=\"panel-2502-2-1-0\" class=\"so-panel widget widget_media_image panel-first-child panel-last-child\" data-index=\"3\" ><img loading=\"lazy\" decoding=\"async\" width=\"500\" height=\"368\" src=\"https:\/\/cerca.org.mx\/wp-content\/uploads\/2022\/08\/Que-hacemos-.png\" class=\"image wp-image-3626  attachment-500x368 size-500x368\" alt=\"\" style=\"max-width: 100%; height: auto;\" srcset=\"https:\/\/cerca.org.mx\/wp-content\/uploads\/2022\/08\/Que-hacemos-.png 703w, https:\/\/cerca.org.mx\/wp-content\/uploads\/2022\/08\/Que-hacemos--300x221.png 300w, https:\/\/cerca.org.mx\/wp-content\/uploads\/2022\/08\/Que-hacemos--16x12.png 16w\" sizes=\"auto, (max-width: 500px) 100vw, 500px\" \/><\/div><\/div><\/div><div id=\"pg-2502-3\"  class=\"panel-grid panel-no-style\" ><div id=\"pgc-2502-3-0\"  class=\"panel-grid-cell\" ><div id=\"panel-2502-3-0-0\" class=\"so-panel widget widget_media_image panel-first-child panel-last-child\" data-index=\"4\" ><img loading=\"lazy\" decoding=\"async\" width=\"600\" height=\"441\" src=\"https:\/\/cerca.org.mx\/wp-content\/uploads\/2022\/08\/Problematica.jpg\" class=\"image wp-image-3624  attachment-600x441 size-600x441\" alt=\"\" style=\"max-width: 100%; height: auto;\" srcset=\"https:\/\/cerca.org.mx\/wp-content\/uploads\/2022\/08\/Problematica.jpg 703w, https:\/\/cerca.org.mx\/wp-content\/uploads\/2022\/08\/Problematica-300x221.jpg 300w, https:\/\/cerca.org.mx\/wp-content\/uploads\/2022\/08\/Problematica-16x12.jpg 16w\" sizes=\"auto, (max-width: 600px) 100vw, 600px\" \/><\/div><\/div><div id=\"pgc-2502-3-1\"  class=\"panel-grid-cell\" ><div id=\"panel-2502-3-1-0\" class=\"so-panel widget widget_sow-editor panel-first-child panel-last-child\" data-index=\"5\" ><div\n\t\t\t\n\t\t\tclass=\"so-widget-sow-editor so-widget-sow-editor-base\"\n\t\t\t\n\t\t>\n<div class=\"siteorigin-widget-tinymce textwidget\">\n\t<h1 style='color: #005BAB;'><strong>Problematic<\/strong><\/h1>\n<p style=\"text-align: left;\">Air pollution in the city of La Paz is a problem that has increased considerably in recent\nyears, mainly derived from economic development accompanied by population growth. This\ngrowth has been reflected in a continuous rise in electricity demand, in an isolated system\nsuch as the Baja California Sur System, electricity generation contributes considerably to the\nrelease of sulfur dioxide and nitrogen oxides in the state, mainly in the municipalities of La\nPaz and Comond\u00fa. Our air quality consistently exceeds the WHO-recommended standard,\nnegatively affecting the health of citizens and residents.<\/p>\n<\/div>\n<\/div><\/div><\/div><\/div><div id=\"pg-2502-4\"  class=\"panel-grid panel-has-style\" ><div class=\"siteorigin-panels-stretch panel-row-style panel-row-style-for-2502-4\" data-stretch-type=\"full-stretched\" ><div id=\"pgc-2502-4-0\"  class=\"panel-grid-cell\" ><div id=\"panel-2502-4-0-0\" class=\"widget_text so-panel widget widget_custom_html panel-first-child\" data-index=\"6\" ><div class=\"textwidget custom-html-widget\"><div >\n\t<button id='btnCampa\u00f1a'><a href=\"https:\/\/cerca.org.mx\/wp-content\/uploads\/2024\/08\/Disclaimer-CERCA.docx-1-1.pdf\" style=\"text-decoration: none;\"><strong>COMUNICADO CERCA<\/strong><\/a><\/button>\n<\/div>\n\n\n<style>\n\t\n#btnCampa\u00f1a{\n\t\tposition: absolute;\n\t\tleft: 50%;\n\t\ttransform: translate(-50%, -50%);\n\t\tbackground-color: #FFDC00;\n\t\tfont-size: 20px;\n\t\tborder-radius: 12px;\n\t\twidth: 400px;\n\t\tborder: none;\n  \ttext-align: center;\n\t\tcolor: #005BAB;\n\t}\n<\/style><\/div><\/div><div id=\"panel-2502-4-0-1\" class=\"so-panel widget widget_media_image\" data-index=\"7\" ><img loading=\"lazy\" decoding=\"async\" width=\"1366\" height=\"601\" src=\"https:\/\/cerca.org.mx\/wp-content\/uploads\/2025\/01\/UNETE-A-NUESTRO-APAGOMETRO-CERCA.png\" class=\"image wp-image-5466  attachment-full size-full\" alt=\"\" style=\"max-width: 100%; height: auto;\" srcset=\"https:\/\/cerca.org.mx\/wp-content\/uploads\/2025\/01\/UNETE-A-NUESTRO-APAGOMETRO-CERCA.png 1366w, https:\/\/cerca.org.mx\/wp-content\/uploads\/2025\/01\/UNETE-A-NUESTRO-APAGOMETRO-CERCA-300x132.png 300w, https:\/\/cerca.org.mx\/wp-content\/uploads\/2025\/01\/UNETE-A-NUESTRO-APAGOMETRO-CERCA-1024x451.png 1024w, https:\/\/cerca.org.mx\/wp-content\/uploads\/2025\/01\/UNETE-A-NUESTRO-APAGOMETRO-CERCA-768x338.png 768w, https:\/\/cerca.org.mx\/wp-content\/uploads\/2025\/01\/UNETE-A-NUESTRO-APAGOMETRO-CERCA-18x8.png 18w\" sizes=\"auto, (max-width: 1366px) 100vw, 1366px\" \/><\/div><div id=\"panel-2502-4-0-2\" class=\"widget_text so-panel widget widget_custom_html panel-last-child\" data-index=\"8\" ><div class=\"textwidget custom-html-widget\"><div class=\"presentacion\" style=\"text-align:center;\" id=\"ImgDonar\">\n\t<img decoding=\"async\" id=\"imgFondo\" src=\"https:\/\/cerca.org.mx\/wp-content\/uploads\/2022\/11\/Imagen-pagina-web_1.jpg\" alt=\"0\" width=\"2000\"  >\n\t<button id='btnDonarBanner'><a href=\"https:\/\/legacyworksgroup.com\/donate\" style=\"text-decoration: none;\" target=\"_blank\"><strong>DONATE<\/strong><\/a><\/button>\n\t<button id='btnFirmaBanner'><a href=\"https:\/\/www.change.org\/RenovablesParaBCS\" style=\"text-decoration: none;\" target=\"_blank\"><strong>SIGN HERE<\/strong><\/a><\/button>\n<\/div>\n<style>\n.presentacion2{\nposition: relative;\n}\n\n#imgFondo2{\nmax-width: 100%;\nheight: auto;\n}\n\t\n\n#btnDonarBanner{\n\t\tposition: absolute;\n\t\ttop: 53%;\n\t\tleft: 82%;\n\t\ttransform: translate(-50%, -50%);\n\t\tbackground-color: #FFDC00;\n\t\tfont-size: 20px;\n\t\tborder-radius: 12px;\n\t\twidth: 200px;\n\t\tborder: none;\n  \ttext-align: center;\n\t\tcolor: #005BAB;\n\t}\n\t#btnFirmaBanner{\n\t\tposition: absolute;\n\t\ttop: 53%;\n\t\tleft: 18%;\n\t\ttransform: translate(-50%, -50%);\n\t\tbackground-color: #FFDC00;\n\t\tfont-size: 20px;\n\t\tborder-radius: 12px;\n\t\twidth: 200px;\n\t\tborder: none;\n  \ttext-align: center;\n\t\tcolor: #005BAB;\n\t}\n\n\t@media only screen and (max-width: 499px) {\n\t\n\t\t#btnDonarBanner{\n\t\t\t\tposition: absolute;\n\t\t\t\ttop: 53%;\n\t\t\t\tleft: 82%;\n\t\t\t\ttransform: translate(-50%, -50%);\n\t\t\t\tbackground-color: #FFDC00;\n\t\t\t\tfont-size: 6px;\n\t\t\t\tborder-radius: 12px;\n\t\t\t\twidth: 75px;\n\t\t\t\tpadding-top:5px;\n\t\t\t\tpadding-bottom:5px;\n\t\t\t\tborder: none;\n\t\t\t\ttext-align: center;\n\t\t\t\tcolor: #005BAB;\n\t\t\t}\n\t\t\n\t#btnFirmaBanner{\n\t\tposition: absolute;\n\t\ttop: 53%;\n\t\tleft: 18%;\n\t\ttransform: translate(-50%, -50%);\n\t\tbackground-color: #FFDC00;\n\t\tfont-size: 5px;\n\t\tborder-radius: 12px;\n\t\twidth: 75px;\n\t\tpadding-top:3px;\n\t\tpadding-bottom:3px;\n\t\tpadding-left:0px;\n\t\tpadding-right:0px;\n\t\ttext-align: center;\n\t\tborder: none;\n\t\tcolor: #005BAB;\n\t}\n\t}\n<\/style><\/div><\/div><\/div><\/div><\/div><div id=\"pg-2502-5\"  class=\"panel-grid panel-no-style\" ><div id=\"pgc-2502-5-0\"  class=\"panel-grid-cell panel-grid-cell-empty\" ><\/div><div id=\"pgc-2502-5-1\"  class=\"panel-grid-cell panel-grid-cell-mobile-last\" ><div id=\"panel-2502-5-1-0\" class=\"widget_text so-panel widget widget_custom_html panel-first-child panel-last-child\" data-index=\"9\" ><div class=\"textwidget custom-html-widget\"><div >\n\t<button id='btnCampa\u00f1a'><a href=\"https:\/\/cerca.org.mx\/en\/participacion-ciudadana\/\" style=\"text-decoration: none;\"><strong>LEARN MORE ABOUT THIS CAMPAIGN<\/strong><\/a><\/button>\n<\/div>\n\n\n<style>\n\t\n#btnCampa\u00f1a{\n\t\tposition: absolute;\n\t\tleft: 50%;\n\t\ttransform: translate(-50%, -50%);\n\t\tbackground-color: #FFDC00;\n\t\tfont-size: 20px;\n\t\tborder-radius: 12px;\n\t\twidth: 400px;\n\t\tborder: none;\n  \ttext-align: center;\n\t\tcolor: #005BAB;\n\t}\n<\/style><\/div><\/div><\/div><div id=\"pgc-2502-5-2\"  class=\"panel-grid-cell panel-grid-cell-empty\" ><\/div><\/div><div id=\"pg-2502-6\"  class=\"panel-grid panel-no-style\" ><div id=\"pgc-2502-6-0\"  class=\"panel-grid-cell panel-grid-cell-empty\" ><\/div><div id=\"pgc-2502-6-1\"  class=\"panel-grid-cell panel-grid-cell-mobile-last\" ><div id=\"panel-2502-6-1-0\" class=\"widget_text so-panel widget widget_custom_html panel-first-child panel-last-child\" data-index=\"10\" ><div class=\"textwidget custom-html-widget\"><img decoding=\"async\" src=\"https:\/\/cerca.org.mx\/wp-content\/uploads\/2022\/08\/Jefazo.jpeg\" alt=\"0\" width=\"600\" ><\/div><\/div><\/div><div id=\"pgc-2502-6-2\"  class=\"panel-grid-cell panel-grid-cell-empty\" ><\/div><\/div><div id=\"pg-2502-7\"  class=\"panel-grid panel-has-style\" ><div class=\"panel-row-style panel-row-style-for-2502-7\" ><div id=\"pgc-2502-7-0\"  class=\"panel-grid-cell\" ><div id=\"panel-2502-7-0-0\" class=\"so-panel widget widget_sow-headline panel-first-child panel-last-child\" data-index=\"11\" ><div\n\t\t\t\n\t\t\tclass=\"so-widget-sow-headline so-widget-sow-headline-default-e78d9bfff373-2502 so-widget-fittext-wrapper\"\n\t\t\t data-fit-text-compressor=\"0.85\"\n\t\t><div class=\"sow-headline-container\">\n\t<h2 class='sow-headline'>Our programs<\/h2>\t\t\t\t\t<div class=\"decoration\">\n\t\t\t\t\t\t<div class=\"decoration-inside\"><\/div>\n\t\t\t\t\t<\/div>\n\t\t\t\t\t<h5 class='sow-sub-headline'>To achieve our goal, we focus on 3 aspects.<\/h5><\/div>\n<\/div><\/div><\/div><\/div><\/div><div id=\"pg-2502-8\"  class=\"panel-grid panel-no-style\" ><div id=\"pgc-2502-8-0\"  class=\"panel-grid-cell\" ><div id=\"panel-2502-8-0-0\" class=\"so-panel widget widget_sow-editor panel-first-child panel-last-child\" data-index=\"12\" ><div\n\t\t\t\n\t\t\tclass=\"so-widget-sow-editor so-widget-sow-editor-base\"\n\t\t\t\n\t\t>\n<div class=\"siteorigin-widget-tinymce textwidget\">\n\t<p style=\"text-align: center;\"><a href=\"https:\/\/cerca.org.mx\/wp-content\/uploads\/2025\/05\/logo1-2.png\"><img loading=\"lazy\" decoding=\"async\" class=\"wp-image-5535 aligncenter\" src=\"https:\/\/cerca.org.mx\/wp-content\/uploads\/2025\/05\/logo1-2.png\" alt=\"\" width=\"352\" height=\"352\" srcset=\"https:\/\/cerca.org.mx\/wp-content\/uploads\/2025\/05\/logo1-2.png 1080w, https:\/\/cerca.org.mx\/wp-content\/uploads\/2025\/05\/logo1-2-300x300.png 300w, https:\/\/cerca.org.mx\/wp-content\/uploads\/2025\/05\/logo1-2-1024x1024.png 1024w, https:\/\/cerca.org.mx\/wp-content\/uploads\/2025\/05\/logo1-2-150x150.png 150w, https:\/\/cerca.org.mx\/wp-content\/uploads\/2025\/05\/logo1-2-768x768.png 768w, https:\/\/cerca.org.mx\/wp-content\/uploads\/2025\/05\/logo1-2-12x12.png 12w\" sizes=\"auto, (max-width: 352px) 100vw, 352px\" \/><\/a>Air quality monitoring in order to detect the main public health and environmental problems in the state that are related to the use of fossil fuel-based energy.<\/p>\n<\/div>\n<\/div><\/div><\/div><div id=\"pgc-2502-8-1\"  class=\"panel-grid-cell\" ><div id=\"panel-2502-8-1-0\" class=\"so-panel widget widget_sow-editor panel-first-child panel-last-child\" data-index=\"13\" ><div\n\t\t\t\n\t\t\tclass=\"so-widget-sow-editor so-widget-sow-editor-base\"\n\t\t\t\n\t\t>\n<div class=\"siteorigin-widget-tinymce textwidget\">\n\t<p style=\"text-align: center;\"><a href=\"https:\/\/cerca.org.mx\/wp-content\/uploads\/2025\/05\/logo1-3.png\"><img loading=\"lazy\" decoding=\"async\" class=\"wp-image-5533 aligncenter\" src=\"https:\/\/cerca.org.mx\/wp-content\/uploads\/2025\/05\/logo1-3.png\" alt=\"\" width=\"359\" height=\"359\" \/><\/a>Identify, define and promote measurable, achievable, inclusive and sustainable energy transition steps for the state of Baja California Sur.<\/p>\n<\/div>\n<\/div><\/div><\/div><div id=\"pgc-2502-8-2\"  class=\"panel-grid-cell\" ><div id=\"panel-2502-8-2-0\" class=\"so-panel widget widget_sow-editor panel-first-child panel-last-child\" data-index=\"14\" ><div\n\t\t\t\n\t\t\tclass=\"so-widget-sow-editor so-widget-sow-editor-base\"\n\t\t\t\n\t\t>\n<div class=\"siteorigin-widget-tinymce textwidget\">\n\t<p style=\"text-align: center;\"><a href=\"https:\/\/cerca.org.mx\/wp-content\/uploads\/2025\/05\/logo1-1.png\"><img loading=\"lazy\" decoding=\"async\" class=\"wp-image-5534 aligncenter\" src=\"https:\/\/cerca.org.mx\/wp-content\/uploads\/2025\/05\/logo1-1.png\" alt=\"\" width=\"356\" height=\"356\" srcset=\"https:\/\/cerca.org.mx\/wp-content\/uploads\/2025\/05\/logo1-1.png 1080w, https:\/\/cerca.org.mx\/wp-content\/uploads\/2025\/05\/logo1-1-300x300.png 300w, https:\/\/cerca.org.mx\/wp-content\/uploads\/2025\/05\/logo1-1-1024x1024.png 1024w, https:\/\/cerca.org.mx\/wp-content\/uploads\/2025\/05\/logo1-1-150x150.png 150w, https:\/\/cerca.org.mx\/wp-content\/uploads\/2025\/05\/logo1-1-768x768.png 768w, https:\/\/cerca.org.mx\/wp-content\/uploads\/2025\/05\/logo1-1-12x12.png 12w\" sizes=\"auto, (max-width: 356px) 100vw, 356px\" \/><\/a>Identify, define and promote measurable, achievable, inclusive and sustainable energy transition steps for the state of Baja California Sur.<\/p>\n<\/div>\n<\/div><\/div><\/div><\/div><div id=\"pg-2502-9\"  class=\"panel-grid panel-no-style\" ><div id=\"pgc-2502-9-0\"  class=\"panel-grid-cell\" ><div id=\"panel-2502-9-0-0\" class=\"so-panel widget widget_sow-editor panel-first-child panel-last-child\" data-index=\"15\" ><div\n\t\t\t\n\t\t\tclass=\"so-widget-sow-editor so-widget-sow-editor-base\"\n\t\t\t\n\t\t>\n<div class=\"siteorigin-widget-tinymce textwidget\">\n\t<h1 style=\"text-align: left; color: #005bab;\"><strong>Air quality Monitoring Network<\/strong><\/h1>\n<p style=\"text-align: left;\">Residing within the territory of the bay of La Paz, we are mainly dedicated to monitoring air\nquality, through the first existing citizen monitoring network in the city, which informs citizens in real time about the state of air quality and environmental contingency states.<\/p>\n<\/div>\n<\/div><\/div><\/div><div id=\"pgc-2502-9-1\"  class=\"panel-grid-cell\" ><div id=\"panel-2502-9-1-0\" class=\"so-panel widget widget_media_image panel-first-child panel-last-child\" data-index=\"16\" ><img loading=\"lazy\" decoding=\"async\" width=\"300\" height=\"200\" src=\"https:\/\/cerca.org.mx\/wp-content\/uploads\/2022\/11\/Red-de-monitoreo.png\" class=\"image wp-image-3638  attachment-medium size-medium\" alt=\"\" style=\"max-width: 100%; height: auto;\" srcset=\"https:\/\/cerca.org.mx\/wp-content\/uploads\/2022\/11\/Red-de-monitoreo.png 2000w, https:\/\/cerca.org.mx\/wp-content\/uploads\/2022\/11\/Red-de-monitoreo-300x300.png 300w, https:\/\/cerca.org.mx\/wp-content\/uploads\/2022\/11\/Red-de-monitoreo-1024x1024.png 1024w, https:\/\/cerca.org.mx\/wp-content\/uploads\/2022\/11\/Red-de-monitoreo-150x150.png 150w, https:\/\/cerca.org.mx\/wp-content\/uploads\/2022\/11\/Red-de-monitoreo-768x768.png 768w, https:\/\/cerca.org.mx\/wp-content\/uploads\/2022\/11\/Red-de-monitoreo-1536x1536.png 1536w, https:\/\/cerca.org.mx\/wp-content\/uploads\/2022\/11\/Red-de-monitoreo-12x12.png 12w\" sizes=\"auto, (max-width: 300px) 100vw, 300px\" \/><\/div><\/div><\/div><div id=\"pg-2502-10\"  class=\"panel-grid panel-no-style\" ><div id=\"pgc-2502-10-0\"  class=\"panel-grid-cell panel-grid-cell-empty\" ><\/div><div id=\"pgc-2502-10-1\"  class=\"panel-grid-cell panel-grid-cell-mobile-last\" ><div id=\"panel-2502-10-1-0\" class=\"widget_text so-panel widget widget_custom_html panel-first-child panel-last-child\" data-index=\"17\" ><div class=\"textwidget custom-html-widget\"><a href=\"https:\/\/airelimpiobcs.org.mx\/\" target=\"_blank\" ><img loading=\"lazy\" decoding=\"async\" src=\"https:\/\/cerca.org.mx\/wp-content\/uploads\/2023\/01\/AireLimpioEne2023.png\" alt=\"0\" width=\"1500\" height=\"1000\" ><\/a><\/div><\/div><\/div><div id=\"pgc-2502-10-2\"  class=\"panel-grid-cell panel-grid-cell-empty\" ><\/div><\/div><div id=\"pg-2502-11\"  class=\"panel-grid panel-has-style\" ><div class=\"panel-row-style panel-row-style-for-2502-11\" ><div id=\"pgc-2502-11-0\"  class=\"panel-grid-cell\" ><div id=\"panel-2502-11-0-0\" class=\"so-panel widget widget_sow-headline panel-first-child\" data-index=\"18\" ><div\n\t\t\t\n\t\t\tclass=\"so-widget-sow-headline so-widget-sow-headline-default-21fac85e2513-2502 so-widget-fittext-wrapper\"\n\t\t\t data-fit-text-compressor=\"0.85\"\n\t\t><div class=\"sow-headline-container\">\n\t<h2 class='sow-headline'>Achievements<\/h2>\t\t\t\t\t<div class=\"decoration\">\n\t\t\t\t\t\t<div class=\"decoration-inside\"><\/div>\n\t\t\t\t\t<\/div>\n\t\t\t\t\t<\/div>\n<\/div><\/div><div id=\"panel-2502-11-0-1\" class=\"so-panel widget widget_media_image panel-last-child\" data-index=\"19\" ><img loading=\"lazy\" decoding=\"async\" width=\"2560\" height=\"1080\" src=\"https:\/\/cerca.org.mx\/wp-content\/uploads\/2022\/11\/Group-9.png\" class=\"image wp-image-3647  attachment-full size-full\" alt=\"\" style=\"max-width: 100%; height: auto;\" srcset=\"https:\/\/cerca.org.mx\/wp-content\/uploads\/2022\/11\/Group-9.png 1182w, https:\/\/cerca.org.mx\/wp-content\/uploads\/2022\/11\/Group-9-300x114.png 300w, https:\/\/cerca.org.mx\/wp-content\/uploads\/2022\/11\/Group-9-1024x388.png 1024w, https:\/\/cerca.org.mx\/wp-content\/uploads\/2022\/11\/Group-9-768x291.png 768w, https:\/\/cerca.org.mx\/wp-content\/uploads\/2022\/11\/Group-9-18x7.png 18w\" sizes=\"auto, (max-width: 2560px) 100vw, 2560px\" \/><\/div><\/div><\/div><\/div><div id=\"pg-2502-12\"  class=\"panel-grid panel-has-style\" ><div class=\"siteorigin-panels-stretch panel-row-style panel-row-style-for-2502-12\" data-stretch-type=\"full-stretched\" ><div id=\"pgc-2502-12-0\"  class=\"panel-grid-cell\" ><div id=\"panel-2502-12-0-0\" class=\"widget_text so-panel widget widget_custom_html panel-first-child panel-last-child\" data-index=\"20\" ><div class=\"textwidget custom-html-widget\"><div class=\"presentacion\" style=\"text-align:center;\" id=\"ImgDonar\">\n\t<img decoding=\"async\" src=\"https:\/\/cerca.org.mx\/wp-content\/uploads\/2022\/08\/dona.jpg\" alt=\"0\" width=\"1000\"  >\n\t<h2 id=\"msg-donar\">If you want to contribute to fulfilling the vision of CERCA<\/h2>\n\t<button id='btnDonar'><a href=\"https:\/\/legacyworksgroup.com\/donate\" style=\"text-decoration: none;\" target=\"_blank\"><strong>DONATE<\/strong><\/a><\/button>\n\t<button id='btnMetodosDonar'><a href=\"https:\/\/cerca.org.mx\/wp-content\/uploads\/2023\/04\/Donacion.pptx-1.pdf\" style=\"text-decoration: none;\"><strong>WAYS TO DONATE<\/strong><\/a><\/button>\n<\/div>\n<style>\n.presentacion{\nposition: relative;\n}\n\n.presentacion img{\nmax-width: 100%;\nheight: auto;\nopacity: .88;\n}\n\n.presentacion h2 {\nposition: absolute;\ntop: 45%;\nleft: 50%;\ntransform: translate(-50%, -50%);\nfont-size: 45px;\ncolor:#FFFFFF;\n\ttext-shadow: 2px 0 #01174a, -2px 0 #01174a, 0 2px #01174a, 0 -2px #01174a,\n               1px 1px #01174a, -1px -1px #01174a, 1px -1px #01174a, -1px 1px #01174a;\n}\n.presentacion button{\n\t\tposition: absolute;\n\t\ttop: 70%;\n\t\tleft: 50%;\n\t\ttransform: translate(-50%, -50%);\n\t\tbackground-color: #FFDC00;\n\t\tfont-size: 20px;\n\t\tborder-radius: 12px;\n\t\twidth: 200px;\n\t\tborder: none;\n  \ttext-align: center;\n\t\tcolor: #005BAB;\n\t}\n\t@media only screen and (max-width: 900px) {\n\t\t.presentacion h2 {\n\t\t\tposition: absolute;\n\t\t\ttop: 30%;\n\t\t\tleft: 50%;\n\t\t\ttransform: translate(-50%, -50%);\n\t\t\tfont-size: 15px;\n\t\t\tcolor:#FFFFFF;\n\t\t}\n\t\t.presentacion button{\n\t\t\t\tposition: absolute;\n\t\t\t\ttop: 70%;\n\t\t\t\tleft: 50%;\n\t\t\t\ttransform: translate(-50%, -50%);\n\t\t\t\tbackground-color: #FFDC00;\n\t\t\t\tfont-size: 10px;\n\t\t\t\tborder-radius: 12px;\n\t\t\t\twidth: 150px;\n\t\t\t\tborder: none;\n\t\t\t\ttext-align: center;\n\t\t\t\tcolor: #005BAB;\n\t\t\t}\n\t}\n\t#btnMetodosDonar\n\t{\n\t\ttop: 85%;\n\t  left: 50%;\n\t}\n<\/style><\/div><\/div><\/div><\/div><\/div><\/div>","protected":false},"excerpt":{"rendered":"<p>Centro ciudadano cient\u00edfico ambiental, especializado en impulsar la transici\u00f3n energ\u00e9tica basada en el respeto a los derechos humanos y la salud ambiental en B.C.S.<\/p>","protected":false},"author":1,"featured_media":0,"parent":0,"menu_order":0,"comment_status":"closed","ping_status":"closed","template":"","meta":{"footnotes":""},"class_list":["post-2502","page","type-page","status-publish","hentry"],"_links":{"self":[{"href":"https:\/\/cerca.org.mx\/en\/wp-json\/wp\/v2\/pages\/2502","targetHints":{"allow":["GET"]}}],"collection":[{"href":"https:\/\/cerca.org.mx\/en\/wp-json\/wp\/v2\/pages"}],"about":[{"href":"https:\/\/cerca.org.mx\/en\/wp-json\/wp\/v2\/types\/page"}],"author":[{"embeddable":true,"href":"https:\/\/cerca.org.mx\/en\/wp-json\/wp\/v2\/users\/1"}],"replies":[{"embeddable":true,"href":"https:\/\/cerca.org.mx\/en\/wp-json\/wp\/v2\/comments?post=2502"}],"version-history":[{"count":439,"href":"https:\/\/cerca.org.mx\/en\/wp-json\/wp\/v2\/pages\/2502\/revisions"}],"predecessor-version":[{"id":4857,"href":"https:\/\/cerca.org.mx\/en\/wp-json\/wp\/v2\/pages\/2502\/revisions\/4857"}],"wp:attachment":[{"href":"https:\/\/cerca.org.mx\/en\/wp-json\/wp\/v2\/media?parent=2502"}],"curies":[{"name":"wp","href":"https:\/\/api.w.org\/{rel}","templated":true}]}}