{"id":28,"date":"2017-09-19T01:25:31","date_gmt":"2017-09-19T01:25:31","guid":{"rendered":"http:\/\/www.cerca.org.mx\/?page_id=28"},"modified":"2024-10-03T20:20:15","modified_gmt":"2024-10-04T00:20:15","slug":"staff","status":"publish","type":"page","link":"https:\/\/cerca.org.mx\/en\/staff\/","title":{"rendered":"Staff"},"content":{"rendered":"<div id=\"pl-28\"  class=\"panel-layout\" ><div id=\"pg-28-0\"  class=\"panel-grid panel-has-style\" ><div class=\"panel-row-style panel-row-style-for-28-0\" ><div id=\"pgc-28-0-0\"  class=\"panel-grid-cell\" ><div id=\"panel-28-0-0-0\" class=\"so-panel widget widget_sow-editor panel-first-child panel-last-child\" data-index=\"0\" ><div\n\t\t\t\n\t\t\tclass=\"so-widget-sow-editor so-widget-sow-editor-base\"\n\t\t\t\n\t\t>\n<div class=\"siteorigin-widget-tinymce textwidget\">\n\t<hr \/>\n<h2 style=\"text-align: center;\"><span style=\"color: #2aa5d6;\">STAFF<\/span><\/h2>\n<hr \/>\n<\/div>\n<\/div><\/div><\/div><\/div><\/div><div id=\"pg-28-1\"  class=\"panel-grid panel-has-style\" ><div class=\"panel-row-style panel-row-style-for-28-1\" ><div id=\"pgc-28-1-0\"  class=\"panel-grid-cell panel-grid-cell-empty\" ><\/div><div id=\"pgc-28-1-1\"  class=\"panel-grid-cell panel-grid-cell-mobile-last\" ><div id=\"panel-28-1-1-0\" class=\"so-panel widget widget_sow-editor panel-first-child panel-last-child\" data-index=\"1\" ><div\n\t\t\t\n\t\t\tclass=\"so-widget-sow-editor so-widget-sow-editor-base\"\n\t\t\t\n\t\t>\n<div class=\"siteorigin-widget-tinymce textwidget\">\n\t<p style=\"text-align: left;\">\n<div class=\"su-box su-box-style-default\" id=\"\" style=\"border-color:#002181;border-radius:2px\">\n<div class=\"su-box-title\" style=\"background-color:#0454b4;color:#FFFFFF;border-top-left-radius:0px;border-top-right-radius:0px\">DIRECCI\u00d3N Y COORDINACI\u00d3N<\/div>\n<div class=\"su-box-content su-u-clearfix su-u-trim\" style=\"border-bottom-left-radius:0px;border-bottom-right-radius:0px\">\n<p style=\"text-align: left;\">\n<div class=\"su-spoiler su-spoiler-style-fancy su-spoiler-icon-plus su-spoiler-closed\" data-scroll-offset=\"0\" data-anchor-in-url=\"no\">\n<div class=\"su-spoiler-title\" tabindex=\"0\" role=\"button\"><span class=\"su-spoiler-icon\"><\/span>Jaqueline Valenzuela Meza<\/div>\n<div class=\"su-spoiler-content su-u-clearfix su-u-trim\">\n<p style=\"text-align: left;\"><img loading=\"lazy\" decoding=\"async\" class=\"alignleft wp-image-2949\" src=\"https:\/\/cerca.org.mx\/wp-content\/uploads\/2021\/09\/Jacky.jpg\" alt=\"\" width=\"200\" height=\"200\" srcset=\"https:\/\/cerca.org.mx\/wp-content\/uploads\/2021\/09\/Jacky.jpg 512w, https:\/\/cerca.org.mx\/wp-content\/uploads\/2021\/09\/Jacky-300x300.jpg 300w, https:\/\/cerca.org.mx\/wp-content\/uploads\/2021\/09\/Jacky-150x150.jpg 150w\" sizes=\"auto, (max-width: 200px) 100vw, 200px\" \/><a href=\"https:\/\/cerca.org.mx\/en\/jacqueline-valenzuela\/\"><span style=\"font-weight: 400;\"><strong>Executive Director<\/strong><\/span><\/a><\/p>\n<p style=\"text-align: left;\"><span style=\"font-weight: 400;\">D. in Sustainable Development and Globalization in 2016, she is currently a research professor at the Universidad Aut\u00f3noma de Baja California Sur (UABCS). She is currently a research professor at UABCS, and is a founding member and serves as Executive Director of CERCA A.C., a scientific-environmental citizen center specializing in energy and air quality issues in Baja California Sur. At the same time, she is a member of several technical committees and national and international participation.<\/span><\/p>\n<p style=\"text-align: left;\"><span style=\"font-size: 16px;\"> <\/div>\n<\/div>\n<p><\/span><\/p>\n<div class=\"su-spoiler su-spoiler-style-fancy su-spoiler-icon-plus su-spoiler-closed\" data-scroll-offset=\"0\" data-anchor-in-url=\"no\">\n<div class=\"su-spoiler-title\" tabindex=\"0\" role=\"button\"><span class=\"su-spoiler-icon\"><\/span>D\u00e1nae Fenton Bringas<\/div>\n<div class=\"su-spoiler-content su-u-clearfix su-u-trim\">\n<p>&nbsp;<\/p>\n<p><img loading=\"lazy\" decoding=\"async\" class=\"alignleft wp-image-4429\" src=\"https:\/\/cerca.org.mx\/wp-content\/uploads\/2023\/01\/WhatsApp-Image-2023-01-27-at-11.31.35-AM-Danae-Kerr-Fenton-Bringas-1-e1675105447406.jpeg\" alt=\"\" width=\"200\" height=\"200\" srcset=\"https:\/\/cerca.org.mx\/wp-content\/uploads\/2023\/01\/WhatsApp-Image-2023-01-27-at-11.31.35-AM-Danae-Kerr-Fenton-Bringas-1-e1675105447406.jpeg 633w, https:\/\/cerca.org.mx\/wp-content\/uploads\/2023\/01\/WhatsApp-Image-2023-01-27-at-11.31.35-AM-Danae-Kerr-Fenton-Bringas-1-e1675105447406-300x300.jpeg 300w, https:\/\/cerca.org.mx\/wp-content\/uploads\/2023\/01\/WhatsApp-Image-2023-01-27-at-11.31.35-AM-Danae-Kerr-Fenton-Bringas-1-e1675105447406-150x150.jpeg 150w, https:\/\/cerca.org.mx\/wp-content\/uploads\/2023\/01\/WhatsApp-Image-2023-01-27-at-11.31.35-AM-Danae-Kerr-Fenton-Bringas-1-e1675105447406-12x12.jpeg 12w\" sizes=\"auto, (max-width: 200px) 100vw, 200px\" \/><a href=\"https:\/\/cerca.org.mx\/en\/danae-fenton\/\"><strong>Direcci\u00f3n de Incidencia<\/strong><\/a><\/p>\n<p>Master in Social Sciences. With a happy heart and a wild spirit rooted in South California. With a professional preparation in plastic arts, I introduce myself to the social sciences to use the artistic experience as a tool to encourage deep reflection in people and the appropriation of knowledge in favor of ecosocial well-being.<\/p><\/div>\n<\/div>\n<div class=\"su-spoiler su-spoiler-style-fancy su-spoiler-icon-plus su-spoiler-closed\" data-scroll-offset=\"0\" data-anchor-in-url=\"no\">\n<div class=\"su-spoiler-title\" tabindex=\"0\" role=\"button\"><span class=\"su-spoiler-icon\"><\/span>Jesrrael S\u00e1nchez Flores<\/div>\n<div class=\"su-spoiler-content su-u-clearfix su-u-trim\">\n<p>&nbsp;<\/p>\n<p><a href=\"https:\/\/cerca.org.mx\/wp-content\/uploads\/2024\/05\/jess.jpg\"><img loading=\"lazy\" decoding=\"async\" class=\"alignleft wp-image-5423\" src=\"https:\/\/cerca.org.mx\/wp-content\/uploads\/2024\/05\/jess.jpg\" alt=\"\" width=\"201\" height=\"156\" srcset=\"https:\/\/cerca.org.mx\/wp-content\/uploads\/2024\/05\/jess.jpg 342w, https:\/\/cerca.org.mx\/wp-content\/uploads\/2024\/05\/jess-300x233.jpg 300w, https:\/\/cerca.org.mx\/wp-content\/uploads\/2024\/05\/jess-15x12.jpg 15w\" sizes=\"auto, (max-width: 201px) 100vw, 201px\" \/><\/a><span style=\"color: #3366ff;\"><strong>Asistente de direcci\u00f3n<\/strong><\/span><\/p>\n<p><span style=\"font-weight: 400;\">Su formaci\u00f3n abarca diversas \u00e1reas, desde Derecho hasta Educaci\u00f3n, con una maestr\u00eda y estudios de Doctorado en Pedagog\u00eda e Investigaci\u00f3n en curso, se ha desempe\u00f1ado como catedr\u00e1tico de diversas universidades, ha participado en proyectos nacionales de investigaci\u00f3n en la ense\u00f1anza del derecho\u00a0 y ha recibido reconocimientos por su labor, demostrando un compromiso constante con la actualizaci\u00f3n acad\u00e9mica a trav\u00e9s de diplomados y cursos en \u00e1reas como derechos humanos, mediaci\u00f3n\u00a0 y protecci\u00f3n ambiental.<\/span><\/div>\n<\/div>\n<p style=\"text-align: left;\"><\/div>\n<\/div>\n<div class=\"su-box su-box-style-default\" id=\"\" style=\"border-color:#002181;border-radius:2px\">\n<div class=\"su-box-title\" style=\"background-color:#0454b4;color:#FFFFFF;border-top-left-radius:0px;border-top-right-radius:0px\">RESEARCH DEPARTMENTS<\/div>\n<div class=\"su-box-content su-u-clearfix su-u-trim\" style=\"border-bottom-left-radius:0px;border-bottom-right-radius:0px\">\n<div class=\"su-spoiler su-spoiler-style-fancy su-spoiler-icon-plus su-spoiler-closed\" data-scroll-offset=\"0\" data-anchor-in-url=\"no\">\n<div class=\"su-spoiler-title\" tabindex=\"0\" role=\"button\"><span class=\"su-spoiler-icon\"><\/span>Mauricio Tellez Mendoza <\/div>\n<div class=\"su-spoiler-content su-u-clearfix su-u-trim\">\n<img loading=\"lazy\" decoding=\"async\" class=\"alignleft wp-image-5140\" src=\"https:\/\/cerca.org.mx\/wp-content\/uploads\/2023\/08\/foto-curriculum-Mauricio-Tellez-Mendoza-e1691770557171.jpg\" alt=\"\" width=\"158\" height=\"158\" srcset=\"https:\/\/cerca.org.mx\/wp-content\/uploads\/2023\/08\/foto-curriculum-Mauricio-Tellez-Mendoza-e1691770557171.jpg 1454w, https:\/\/cerca.org.mx\/wp-content\/uploads\/2023\/08\/foto-curriculum-Mauricio-Tellez-Mendoza-e1691770557171-300x300.jpg 300w, https:\/\/cerca.org.mx\/wp-content\/uploads\/2023\/08\/foto-curriculum-Mauricio-Tellez-Mendoza-e1691770557171-1024x1024.jpg 1024w, https:\/\/cerca.org.mx\/wp-content\/uploads\/2023\/08\/foto-curriculum-Mauricio-Tellez-Mendoza-e1691770557171-150x150.jpg 150w, https:\/\/cerca.org.mx\/wp-content\/uploads\/2023\/08\/foto-curriculum-Mauricio-Tellez-Mendoza-e1691770557171-768x768.jpg 768w, https:\/\/cerca.org.mx\/wp-content\/uploads\/2023\/08\/foto-curriculum-Mauricio-Tellez-Mendoza-e1691770557171-12x12.jpg 12w\" sizes=\"auto, (max-width: 158px) 100vw, 158px\" \/><a href=\"https:\/\/cerca.org.mx\/en\/mauricio-tellez\/\"><strong>L\u00edder del Departamento de Energ\u00eda<\/strong><\/a><\/p>\n<p>Graduated from TecNM Campus Morelia, cyclist, interested in the environment from an early age, I have participated in several projects related to the use of solar energy, as well as design and manufacturing projects with 3D printing.\n<\/div>\n<\/div>\n<p style=\"text-align: left;\"><\/div>\n<\/div>\n<div class=\"su-box su-box-style-default\" id=\"\" style=\"border-color:#002181;border-radius:2px\">\n<div class=\"su-box-title\" style=\"background-color:#0454b4;color:#FFFFFF;border-top-left-radius:0px;border-top-right-radius:0px\">PUBLIC PARTICIPATION AND STRATEGIC PLANNING<\/div>\n<div class=\"su-box-content su-u-clearfix su-u-trim\" style=\"border-bottom-left-radius:0px;border-bottom-right-radius:0px\">\n<div class=\"Ih4Dzb\"><\/div>\n<div class=\"su-spoiler su-spoiler-style-fancy su-spoiler-icon-plus su-spoiler-closed\" data-scroll-offset=\"0\" data-anchor-in-url=\"no\">\n<div class=\"su-spoiler-title\" tabindex=\"0\" role=\"button\"><span class=\"su-spoiler-icon\"><\/span>Iurh\u00ed Jaritzi Romero Guti\u00e9rrez<\/div>\n<div class=\"su-spoiler-content su-u-clearfix su-u-trim\">\n<p><a href=\"https:\/\/cerca.org.mx\/wp-content\/uploads\/2023\/02\/foto1-Jaritzi-Romero-e1675286104265.jpg\"><img loading=\"lazy\" decoding=\"async\" class=\"alignleft wp-image-4463\" src=\"https:\/\/cerca.org.mx\/wp-content\/uploads\/2023\/02\/foto1-Jaritzi-Romero-e1675286104265.jpg\" alt=\"\" width=\"200\" height=\"200\" srcset=\"https:\/\/cerca.org.mx\/wp-content\/uploads\/2023\/02\/foto1-Jaritzi-Romero-e1675286104265.jpg 1264w, https:\/\/cerca.org.mx\/wp-content\/uploads\/2023\/02\/foto1-Jaritzi-Romero-e1675286104265-300x300.jpg 300w, https:\/\/cerca.org.mx\/wp-content\/uploads\/2023\/02\/foto1-Jaritzi-Romero-e1675286104265-1024x1024.jpg 1024w, https:\/\/cerca.org.mx\/wp-content\/uploads\/2023\/02\/foto1-Jaritzi-Romero-e1675286104265-150x150.jpg 150w, https:\/\/cerca.org.mx\/wp-content\/uploads\/2023\/02\/foto1-Jaritzi-Romero-e1675286104265-768x768.jpg 768w, https:\/\/cerca.org.mx\/wp-content\/uploads\/2023\/02\/foto1-Jaritzi-Romero-e1675286104265-12x12.jpg 12w\" sizes=\"auto, (max-width: 200px) 100vw, 200px\" \/><\/a><a href=\"https:\/\/cerca.org.mx\/en\/jaritzi-romero\/\"><strong>Communication Liaison<\/strong><\/a><\/p>\n<p>Graduated from the Bachelor of Design, intern at the International Learning Network on Sustainability (LeNS), social and environmental activist and volunteer, interested in planning events, management and development of sustainable projects based on the design of tools and services within the framework of the Sustainable Development Goals.<\/p><\/div>\n<\/div>\n<\/div>\n<\/div>\n<p>&nbsp;<\/p>\n<\/div>\n<\/div><\/div><\/div><div id=\"pgc-28-1-2\"  class=\"panel-grid-cell panel-grid-cell-empty\" ><\/div><\/div><\/div><\/div>","protected":false},"excerpt":{"rendered":"<p>STAFF &nbsp;<\/p>","protected":false},"author":1,"featured_media":0,"parent":0,"menu_order":0,"comment_status":"closed","ping_status":"closed","template":"","meta":{"footnotes":""},"class_list":["post-28","page","type-page","status-publish","hentry"],"_links":{"self":[{"href":"https:\/\/cerca.org.mx\/en\/wp-json\/wp\/v2\/pages\/28","targetHints":{"allow":["GET"]}}],"collection":[{"href":"https:\/\/cerca.org.mx\/en\/wp-json\/wp\/v2\/pages"}],"about":[{"href":"https:\/\/cerca.org.mx\/en\/wp-json\/wp\/v2\/types\/page"}],"author":[{"embeddable":true,"href":"https:\/\/cerca.org.mx\/en\/wp-json\/wp\/v2\/users\/1"}],"replies":[{"embeddable":true,"href":"https:\/\/cerca.org.mx\/en\/wp-json\/wp\/v2\/comments?post=28"}],"version-history":[{"count":86,"href":"https:\/\/cerca.org.mx\/en\/wp-json\/wp\/v2\/pages\/28\/revisions"}],"predecessor-version":[{"id":5459,"href":"https:\/\/cerca.org.mx\/en\/wp-json\/wp\/v2\/pages\/28\/revisions\/5459"}],"wp:attachment":[{"href":"https:\/\/cerca.org.mx\/en\/wp-json\/wp\/v2\/media?parent=28"}],"curies":[{"name":"wp","href":"https:\/\/api.w.org\/{rel}","templated":true}]}}