{"id":32,"date":"2017-09-19T01:26:55","date_gmt":"2017-09-19T01:26:55","guid":{"rendered":"http:\/\/www.cerca.org.mx\/?page_id=32"},"modified":"2021-09-26T03:28:11","modified_gmt":"2021-09-26T03:28:11","slug":"socios","status":"publish","type":"page","link":"https:\/\/cerca.org.mx\/en\/socios\/","title":{"rendered":"Partners"},"content":{"rendered":"<div id=\"pl-32\"  class=\"panel-layout\" ><div id=\"pg-32-0\"  class=\"panel-grid panel-has-style\" ><div class=\"panel-row-style panel-row-style-for-32-0\" ><div id=\"pgc-32-0-0\"  class=\"panel-grid-cell\" ><div id=\"panel-32-0-0-0\" class=\"so-panel widget widget_sow-editor panel-first-child panel-last-child\" data-index=\"0\" ><div\n\t\t\t\n\t\t\tclass=\"so-widget-sow-editor so-widget-sow-editor-base\"\n\t\t\t\n\t\t>\n<div class=\"siteorigin-widget-tinymce textwidget\">\n\t<hr \/>\n<h2 style=\"text-align: center;\"><span style=\"color: #2aa5d6;\">SOCIOS<\/span><\/h2>\n<hr \/>\n<\/div>\n<\/div><\/div><\/div><\/div><\/div><div id=\"pg-32-1\"  class=\"panel-grid panel-has-style\" ><div class=\"panel-row-style panel-row-style-for-32-1\" ><div id=\"pgc-32-1-0\"  class=\"panel-grid-cell\" ><div id=\"panel-32-1-0-0\" class=\"so-panel widget widget_sow-editor panel-first-child panel-last-child\" data-index=\"1\" ><div class=\"panel-widget-style panel-widget-style-for-32-1-0-0\" ><div\n\t\t\t\n\t\t\tclass=\"so-widget-sow-editor so-widget-sow-editor-base\"\n\t\t\t\n\t\t>\n<div class=\"siteorigin-widget-tinymce textwidget\">\n\t<p class=\"som_tit\"><span style=\"color: #eded4e;\"><strong>ACADEMICS<\/strong><\/span><\/p>\n<p>Universidad Aut\u00f3noma de Baja California Sur UABCS<br \/> <a href=\"http:\/\/www.uabcs.mx\/inicio\" target=\"_blank\" rel=\"noopener noreferrer\">www.uabcs.mx<\/a><\/p>\n<p>Centro de Investigaciones Biol\u00f3gicas del Noroeste S.C. CIBNOR<br \/> <a href=\"http:\/\/www.cibnor.mx\/\" target=\"_blank\" rel=\"noopener noreferrer\">www.cibnor.mx<\/a><\/p>\n<p>El Centro Interdisciplinario de Ciencias Marinas CICIMAR \u2013 perteneciente al IPN<br \/> <a href=\"http:\/\/www.cicimar.ipn.mx\/Paginas\/Inicio.aspx\" target=\"_blank\" rel=\"noopener noreferrer\">www.cicimar.ipn.mx<\/a><\/p>\n<p>Escuela Preparatoria Jos\u00e9 Mar\u00eda Morelos y Pav\u00f3n<\/p>\n<\/div>\n<\/div><\/div><\/div><\/div><div id=\"pgc-32-1-1\"  class=\"panel-grid-cell\" ><div id=\"panel-32-1-1-0\" class=\"so-panel widget widget_sow-editor panel-first-child panel-last-child\" data-index=\"2\" ><div class=\"panel-widget-style panel-widget-style-for-32-1-1-0\" ><div\n\t\t\t\n\t\t\tclass=\"so-widget-sow-editor so-widget-sow-editor-base\"\n\t\t\t\n\t\t>\n<div class=\"siteorigin-widget-tinymce textwidget\">\n\t<p class=\"som_tit\"><span style=\"color: #eded4e;\"><strong>GOUVERNAMENTAL<\/strong><\/span><\/p>\n<p>Secretar\u00eda de Energ\u00eda (SENER)<br \/><a href=\"http:\/\/www.gob.mx\/sener\" target=\"_blank\" rel=\"noopener noreferrer\">www.energia.gob.mx<\/a><\/p>\n<p>Secretar\u00eda del Medio Ambiente y Recursos Naturales (SEMARNAT) Delegaci\u00f3n Baja California Sur<br \/><a href=\"http:\/\/www.semarnat.gob.mx\/conoce-la-semarnat\" target=\"_blank\" rel=\"noopener noreferrer\">www.semarnat.gob.mx\/conocenos<\/a><\/p>\n<p>Comisi\u00f3n Federal para la Protecci\u00f3n contra Riesgos Sanitarios<br \/>Delegaci\u00f3n Baja California Sur<br \/><a href=\"http:\/\/www.cofepris.gob.mx\/Paginas\/Inicio.aspx\" target=\"_blank\" rel=\"noopener noreferrer\">www.cofepris.gob.mx<\/a><\/p>\n<p>Secretar\u00eda de Salud de Baja California Sur<br \/><a href=\"http:\/\/www.saludbcs.gob.mx\/\" target=\"_blank\" rel=\"noopener noreferrer\">www.saludbcs.gob.mx<\/a><\/p>\n<p>Gobierno del Estado de Baja California Sur<br \/><a href=\"http:\/\/www.bcs.gob.mx\/\" target=\"_blank\" rel=\"noopener noreferrer\">www.bcs.gob.mx<\/a><\/p>\n<p>XIV Ayuntamiento de La Paz<br \/><a href=\"http:\/\/www.lapaz.gob.mx\/\" target=\"_blank\" rel=\"noopener noreferrer\">www.lapaz.gob.mx<\/a><\/p>\n<\/div>\n<\/div><\/div><\/div><\/div><div id=\"pgc-32-1-2\"  class=\"panel-grid-cell\" ><div id=\"panel-32-1-2-0\" class=\"so-panel widget widget_sow-editor panel-first-child panel-last-child\" data-index=\"3\" ><div class=\"panel-widget-style panel-widget-style-for-32-1-2-0\" ><div\n\t\t\t\n\t\t\tclass=\"so-widget-sow-editor so-widget-sow-editor-base\"\n\t\t\t\n\t\t>\n<div class=\"siteorigin-widget-tinymce textwidget\">\n\t<p class=\"som_tit\"><span style=\"color: #eded4e;\"><strong>NGO<\/strong><\/span><\/p>\n<p>C\u00f3mo Vamos La Paz<br \/>\n<a href=\"http:\/\/comovamoslapaz.com\/\" target=\"_blank\" rel=\"noopener noreferrer\">www.comovamoslapaz.com<\/a><\/p>\n<p>Ecology Project International (EPI)<br \/>\n<a href=\"https:\/\/www.ecologyproject.org\/\" target=\"_blank\" rel=\"noopener noreferrer\">www.ecologyproject.org<\/a><br \/>\n<a href=\"https:\/\/www.ecologyproject.org\/index.php\/programs\/mexico-islands\/epimexico.blogspot.com\" target=\"_blank\" rel=\"noopener noreferrer\">www.ecologyproject.org\/programs\/mexico-islands\/epimexico.blogspot.com<\/a><\/p>\n<p>Centro Mexicano de Derecho Ambiental (CEMDA)<br \/>\n<a href=\"http:\/\/www.cemda.org.mx\/\" target=\"_blank\" rel=\"noopener noreferrer\">www.cemda.org.mx<\/a><\/p>\n<p>CEMDA Noroeste<br \/>\n<a href=\"https:\/\/www.facebook.com\/CemdaNoroeste\" target=\"_blank\" rel=\"noopener noreferrer\">https:\/\/es-es.facebook.com\/CemdaNoroeste<\/a><\/p>\n<p>Instituto Mexicano para la Competitividad (IMCO)<br \/>\n<a href=\"https:\/\/www.imco.org.mx\/\" target=\"_blank\" rel=\"noopener noreferrer\">https:\/\/imco.org.mx<\/a><\/p>\n<p>Defensa Ambiental del Noroeste (DAN)<br \/>\n<a href=\"http:\/\/dan.org.mx\/index.php?lang=E\" target=\"_blank\" rel=\"noopener noreferrer\">http:\/\/dan.org.mx\/index.php?lang=E<\/a><\/p>\n<p>Los Cabos Children's Foundation<br \/>\n<a href=\"http:\/\/loscaboschildren.org\/es\/\" target=\"_blank\" rel=\"noopener noreferrer\">http:\/\/www.loscaboschildren.org<\/a><\/p>\n<p>Colegio de M\u00e9dicos Cirujanos de La Paz<br \/>\nAsociaci\u00f3n Civil BCScletos<\/p>\n<p>Centro Mario Molina (CMM)<br \/>\n<a href=\"http:\/\/centromariomolina.org\/es\/\" target=\"_blank\" rel=\"noopener noreferrer\">http:\/\/centromariomolina.org<\/a><\/p>\n<\/div>\n<\/div><\/div><\/div><\/div><div id=\"pgc-32-1-3\"  class=\"panel-grid-cell\" ><div id=\"panel-32-1-3-0\" class=\"so-panel widget widget_sow-editor panel-first-child panel-last-child\" data-index=\"4\" ><div class=\"panel-widget-style panel-widget-style-for-32-1-3-0\" ><div\n\t\t\t\n\t\t\tclass=\"so-widget-sow-editor so-widget-sow-editor-base\"\n\t\t\t\n\t\t>\n<div class=\"siteorigin-widget-tinymce textwidget\">\n\t<p class=\"som_tit\"><span style=\"color: #eded4e;\"><strong>INTERNATIONAL<\/strong><\/span><br \/><span style=\"color: #eded4e;\"><strong>ORGANISATIONS<\/strong><\/span><\/p>\n<p>Laboratorio Nacional de Energ\u00edas Renovables de los Estados Unidos (NREL)<br \/><a href=\"https:\/\/www.nrel.gov\/\" target=\"_blank\" rel=\"noopener\">www.nrel.gov<\/a><\/p>\n<p>Deutsche Gesellschaft f\u00fcr Internationale Zusammenarbeit GIZ<br \/><a href=\"https:\/\/www.giz.de\/en\/html\/index.html\" target=\"_blank\" rel=\"noopener\">www.giz.de\/en\/html\/index.html<\/a><\/p>\n<p>Iniciativa Clim\u00e1tica de M\u00e9xico(ICM)<br \/><a href=\"http:\/\/www.iniciativaclimatica.org\/\" target=\"_blank\" rel=\"noopener\">www.iniciativaclimatica.org<\/a><\/p>\n<p>Banco Interamericano de Desarrollo (BID)<br \/><a href=\"http:\/\/www.iadb.org\/es\/banco-interamericano-de-desarrollo,2837.html\" target=\"_blank\" rel=\"noopener\">www.iadb.org\/es\/banco-interamericano-de-desarrollo,2837.html<\/a><\/p>\n<p>International Community Foundation (ICF)<br \/><a href=\"http:\/\/www.icfdn.org\/index.php\" target=\"_blank\" rel=\"noopener\">www.icfdn.org\/index.php<\/a><\/p>\n<p>The Aspen Institute<br \/><a href=\"http:\/\/www.aspeninstitute.org\/\" target=\"_blank\" rel=\"noopener\">www.aspeninstitute.org<\/a><\/p>\n<\/div>\n<\/div><\/div><\/div><\/div><div id=\"pgc-32-1-4\"  class=\"panel-grid-cell\" ><div id=\"panel-32-1-4-0\" class=\"so-panel widget widget_sow-editor panel-first-child panel-last-child\" data-index=\"5\" ><div class=\"panel-widget-style panel-widget-style-for-32-1-4-0\" ><div\n\t\t\t\n\t\t\tclass=\"so-widget-sow-editor so-widget-sow-editor-base\"\n\t\t\t\n\t\t>\n<div class=\"siteorigin-widget-tinymce textwidget\">\n\t<p class=\"som_tit\"><span style=\"color: #eded4e;\"><strong>COLLABORATING COMPANIES<\/strong><\/span><\/p>\n<p>Total Power<br \/><a href=\"http:\/\/www.tpxtech.com\/\" target=\"_blank\" rel=\"noopener\">www.tpxtech.com<\/a><\/p>\n<p>Aclima<br \/><a href=\"https:\/\/aclima.io\/\" target=\"_blank\" rel=\"noopener\">www.aclimalabs.com<\/a><\/p>\n<p>IDOM<br \/><a href=\"http:\/\/www.idom.com\/\" target=\"_blank\" rel=\"noopener\">www.idom.com<\/a><\/p>\n<p>Energ\u00eda Veleta\u00a0<br \/><a href=\"https:\/\/youtu.be\/OBqZR86On_w\" target=\"_blank\" rel=\"noopener\">https:\/\/youtu.be\/energiaveleta<\/a><\/p>\n<p>Plantas solares\/Todo Solar\u00a0<\/p>\n<p>Invenergy\u00a0<\/p>\n<p>Galt Energy\u00a0<br \/><a href=\"http:\/\/galt.mx\/\" target=\"_blank\" rel=\"noopener\">www.galt.mx<\/a><\/p>\n<\/div>\n<\/div><\/div><\/div><\/div><\/div><\/div><\/div>","protected":false},"excerpt":{"rendered":"<p>SOCIOS ACAD\u00c9MICOS Universidad Aut\u00f3noma de Baja California Sur UABCS www.uabcs.mx Centro de Investigaciones Biol\u00f3gicas del Noroeste S.C. CIBNOR www.cibnor.mx El Centro Interdisciplinario de Ciencias Marinas CICIMAR \u2013 perteneciente al IPN www.cicimar.ipn.mx Escuela Preparatoria Jos\u00e9 Mar\u00eda Morelos y Pav\u00f3n GUBERNAMENTALES Secretar\u00eda de Energ\u00eda (SENER)www.energia.gob.mx Secretar\u00eda del Medio Ambiente y Recursos Naturales (SEMARNAT) Delegaci\u00f3n Baja California Surwww.semarnat.gob.mx\/conocenos &hellip;<\/p>\n<p class=\"read-more\"> <a class=\"\" href=\"https:\/\/cerca.org.mx\/en\/socios\/\"> <span class=\"screen-reader-text\">Partners<\/span> Read More &raquo;<\/a><\/p>","protected":false},"author":1,"featured_media":0,"parent":0,"menu_order":0,"comment_status":"closed","ping_status":"closed","template":"","meta":{"footnotes":""},"class_list":["post-32","page","type-page","status-publish","hentry"],"_links":{"self":[{"href":"https:\/\/cerca.org.mx\/en\/wp-json\/wp\/v2\/pages\/32","targetHints":{"allow":["GET"]}}],"collection":[{"href":"https:\/\/cerca.org.mx\/en\/wp-json\/wp\/v2\/pages"}],"about":[{"href":"https:\/\/cerca.org.mx\/en\/wp-json\/wp\/v2\/types\/page"}],"author":[{"embeddable":true,"href":"https:\/\/cerca.org.mx\/en\/wp-json\/wp\/v2\/users\/1"}],"replies":[{"embeddable":true,"href":"https:\/\/cerca.org.mx\/en\/wp-json\/wp\/v2\/comments?post=32"}],"version-history":[{"count":4,"href":"https:\/\/cerca.org.mx\/en\/wp-json\/wp\/v2\/pages\/32\/revisions"}],"predecessor-version":[{"id":2752,"href":"https:\/\/cerca.org.mx\/en\/wp-json\/wp\/v2\/pages\/32\/revisions\/2752"}],"wp:attachment":[{"href":"https:\/\/cerca.org.mx\/en\/wp-json\/wp\/v2\/media?parent=32"}],"curies":[{"name":"wp","href":"https:\/\/api.w.org\/{rel}","templated":true}]}}