{"id":3268,"date":"2022-05-31T16:56:18","date_gmt":"2022-05-31T20:56:18","guid":{"rendered":"https:\/\/cerca.org.mx\/?page_id=3268"},"modified":"2023-01-30T15:38:24","modified_gmt":"2023-01-30T19:38:24","slug":"jacqueline-valenzuela","status":"publish","type":"page","link":"https:\/\/cerca.org.mx\/en\/jacqueline-valenzuela\/","title":{"rendered":"Miembro STAFF Jacky"},"content":{"rendered":"<div id=\"pl-3268\"  class=\"panel-layout\" ><div id=\"pg-3268-0\"  class=\"panel-grid panel-has-style\" ><div class=\"panel-row-style panel-row-style-for-3268-0\" ><div id=\"pgc-3268-0-0\"  class=\"panel-grid-cell\" ><div class=\"panel-cell-style panel-cell-style-for-3268-0-0\" ><div id=\"panel-3268-0-0-0\" class=\"so-panel widget widget_sow-editor panel-first-child panel-last-child\" data-index=\"0\" ><div\n\t\t\t\n\t\t\tclass=\"so-widget-sow-editor so-widget-sow-editor-base\"\n\t\t\t\n\t\t>\n<div class=\"siteorigin-widget-tinymce textwidget\">\n\t<p><a href=\"https:\/\/cerca.org.mx\/wp-content\/uploads\/2021\/09\/Jacky.jpg\"><img loading=\"lazy\" decoding=\"async\" class=\"alignleft wp-image-2949\" style=\"border-radius: 50%;\" src=\"https:\/\/cerca.org.mx\/wp-content\/uploads\/2021\/09\/Jacky.jpg\" alt=\"\" width=\"485\" height=\"485\" srcset=\"https:\/\/cerca.org.mx\/wp-content\/uploads\/2021\/09\/Jacky.jpg 512w, https:\/\/cerca.org.mx\/wp-content\/uploads\/2021\/09\/Jacky-300x300.jpg 300w, https:\/\/cerca.org.mx\/wp-content\/uploads\/2021\/09\/Jacky-150x150.jpg 150w\" sizes=\"auto, (max-width: 485px) 100vw, 485px\" \/><\/a><\/p>\n<\/div>\n<\/div><\/div><\/div><\/div><div id=\"pgc-3268-0-1\"  class=\"panel-grid-cell\" ><div id=\"panel-3268-0-1-0\" class=\"so-panel widget widget_sow-editor panel-first-child\" data-index=\"1\" ><div\n\t\t\t\n\t\t\tclass=\"so-widget-sow-editor so-widget-sow-editor-base\"\n\t\t\t\n\t\t>\n<div class=\"siteorigin-widget-tinymce textwidget\">\n\t<hr \/>\n<h2 style=\"text-align: center;\"><span style=\"color: #2aa5d6;\">Jaqueline Valenzuela Meza<\/span><\/h2>\n<hr \/>\n<\/div>\n<\/div><\/div><div id=\"panel-3268-0-1-1\" class=\"so-panel widget widget_sow-editor panel-last-child\" data-index=\"2\" ><div\n\t\t\t\n\t\t\tclass=\"so-widget-sow-editor so-widget-sow-editor-base\"\n\t\t\t\n\t\t>\n<div class=\"siteorigin-widget-tinymce textwidget\">\n\t<h4>D. in Sustainable Development<\/h4>\n<p>D. in Sustainable Development and Globalization in 2016, she is currently a research professor at the Universidad Aut\u00f3noma de Baja California Sur (UABCS). She is currently a research professor at UABCS, and is a founding member and serves as <strong>Executive Director of CERCA A.C.<\/strong>, a scientific-environmental citizen center specializing in energy and air quality issues in Baja California Sur. At the same time, she is a member of several technical committees and national and international participation.<\/p>\n<h5 style=\"color: #2aa5d6;\">Executive Director of CERCA \/ 2018-Present<\/h5>\n<ul>\n<li><strong>Description:<\/strong> To carry out the mission and vision of the organization through the direction of three fundamental axes, research, management and community work through the leadership of three programs, environmental health, citizen participation and energy transition.<\/li>\n<li><strong>Activities performed:<\/strong> Project design, planning and implementation, personnel supervision, research design, financial resource management, collaboration for the design of environmental public policies.<\/li>\n<li><strong>Applied skills:<\/strong> Group management, training of young researchers, thesis direction, use of science and innovation technologies.<\/li>\n<\/ul>\n<\/div>\n<\/div><\/div><\/div><\/div><\/div><\/div>","protected":false},"excerpt":{"rendered":"<p>Jaqueline Valenzuela Meza Doctora en Desarrollo Sustentable Licenciada en Inform\u00e1tica de Formaci\u00f3n, en 2016 curs\u00f3 el doctorado en Desarrollo Sustentable y Globalizaci\u00f3n. Actualmente es profesora investigadora de la Universidad Aut\u00f3noma de Baja California Sur, es miembro fundador y se desempe\u00f1a como Directora Ejecutiva del Centro de Energ\u00eda Renovable y Calidad Ambiental AC, un centro ciudadano &hellip;<\/p>\n<p class=\"read-more\"> <a class=\"\" href=\"https:\/\/cerca.org.mx\/en\/jacqueline-valenzuela\/\"> <span class=\"screen-reader-text\">Miembro STAFF Jacky<\/span> Read More &raquo;<\/a><\/p>","protected":false},"author":1,"featured_media":0,"parent":0,"menu_order":0,"comment_status":"closed","ping_status":"closed","template":"","meta":{"footnotes":""},"class_list":["post-3268","page","type-page","status-publish","hentry"],"_links":{"self":[{"href":"https:\/\/cerca.org.mx\/en\/wp-json\/wp\/v2\/pages\/3268","targetHints":{"allow":["GET"]}}],"collection":[{"href":"https:\/\/cerca.org.mx\/en\/wp-json\/wp\/v2\/pages"}],"about":[{"href":"https:\/\/cerca.org.mx\/en\/wp-json\/wp\/v2\/types\/page"}],"author":[{"embeddable":true,"href":"https:\/\/cerca.org.mx\/en\/wp-json\/wp\/v2\/users\/1"}],"replies":[{"embeddable":true,"href":"https:\/\/cerca.org.mx\/en\/wp-json\/wp\/v2\/comments?post=3268"}],"version-history":[{"count":69,"href":"https:\/\/cerca.org.mx\/en\/wp-json\/wp\/v2\/pages\/3268\/revisions"}],"predecessor-version":[{"id":4439,"href":"https:\/\/cerca.org.mx\/en\/wp-json\/wp\/v2\/pages\/3268\/revisions\/4439"}],"wp:attachment":[{"href":"https:\/\/cerca.org.mx\/en\/wp-json\/wp\/v2\/media?parent=3268"}],"curies":[{"name":"wp","href":"https:\/\/api.w.org\/{rel}","templated":true}]}}