{"id":3476,"date":"2022-05-31T16:50:57","date_gmt":"2022-05-31T20:50:57","guid":{"rendered":"https:\/\/cerca.org.mx\/?page_id=3476"},"modified":"2022-05-31T18:49:48","modified_gmt":"2022-05-31T22:49:48","slug":"ximena-zamudio","status":"publish","type":"page","link":"https:\/\/cerca.org.mx\/en\/ximena-zamudio\/","title":{"rendered":"Miembro STAFF Ximena"},"content":{"rendered":"<div id=\"pl-3476\"  class=\"panel-layout\" ><div id=\"pg-3476-0\"  class=\"panel-grid panel-has-style\" ><div class=\"panel-row-style panel-row-style-for-3476-0\" ><div id=\"pgc-3476-0-0\"  class=\"panel-grid-cell\" ><div class=\"panel-cell-style panel-cell-style-for-3476-0-0\" ><div id=\"panel-3476-0-0-0\" class=\"so-panel widget widget_sow-editor panel-first-child panel-last-child\" data-index=\"0\" ><div\n\t\t\t\n\t\t\tclass=\"so-widget-sow-editor so-widget-sow-editor-base\"\n\t\t\t\n\t\t>\n<div class=\"siteorigin-widget-tinymce textwidget\">\n\t<p><a href=\"https:\/\/cerca.org.mx\/wp-content\/uploads\/2022\/05\/ximena-scaled.jpg\"><img loading=\"lazy\" decoding=\"async\" class=\"alignleft wp-image-3442 size-full\" style=\"border-radius: 50%;\" src=\"https:\/\/cerca.org.mx\/wp-content\/uploads\/2022\/05\/ximena-scaled.jpg\" alt=\"\" width=\"1920\" height=\"2560\" srcset=\"https:\/\/cerca.org.mx\/wp-content\/uploads\/2022\/05\/ximena-scaled.jpg 1920w, https:\/\/cerca.org.mx\/wp-content\/uploads\/2022\/05\/ximena-225x300.jpg 225w, https:\/\/cerca.org.mx\/wp-content\/uploads\/2022\/05\/ximena-768x1024.jpg 768w, https:\/\/cerca.org.mx\/wp-content\/uploads\/2022\/05\/ximena-1152x1536.jpg 1152w, https:\/\/cerca.org.mx\/wp-content\/uploads\/2022\/05\/ximena-1536x2048.jpg 1536w, https:\/\/cerca.org.mx\/wp-content\/uploads\/2022\/05\/ximena-9x12.jpg 9w\" sizes=\"auto, (max-width: 1920px) 100vw, 1920px\" \/><\/a><\/p>\n<\/div>\n<\/div><\/div><\/div><\/div><div id=\"pgc-3476-0-1\"  class=\"panel-grid-cell\" ><div id=\"panel-3476-0-1-0\" class=\"so-panel widget widget_sow-editor panel-first-child\" data-index=\"1\" ><div\n\t\t\t\n\t\t\tclass=\"so-widget-sow-editor so-widget-sow-editor-base\"\n\t\t\t\n\t\t>\n<div class=\"siteorigin-widget-tinymce textwidget\">\n\t<hr \/>\n<h2 style=\"text-align: center;\"><span style=\"color: #2aa5d6;\">Ximena Zamudio Tovar<\/span><\/h2>\n<hr \/>\n<\/div>\n<\/div><\/div><div id=\"panel-3476-0-1-1\" class=\"so-panel widget widget_sow-editor panel-last-child\" data-index=\"2\" ><div\n\t\t\t\n\t\t\tclass=\"so-widget-sow-editor so-widget-sow-editor-base\"\n\t\t\t\n\t\t>\n<div class=\"siteorigin-widget-tinymce textwidget\">\n\t<h4>Bachelor of Design<\/h4>\n<p>Egresada de la licenciatura de Dise\u00f1o por la Universidad Aut\u00f3noma Metropolitana. Trabaj\u00f3 en Hult Prize Foundation como becaria de motion graphics y dise\u00f1o por un a\u00f1o, tiene experiencia en manejo de redes sociales y creaci\u00f3n de contenido dada por trabajar de freelance para Skills for Industry. Ha trabajado para la Universidad Aut\u00f3noma Metropolitana como productora de contenidos como apoyo durante la emergencia sanitaria del covid-19.<\/p>\n<h5 style=\"color: #2aa5d6;\">Enlace de Comunicaci\u00f3n \/ 2022-Actualidad<\/h5>\n<ul>\n<li><strong>Description:<\/strong>Apoyar en la organizaci\u00f3n y comunicaci\u00f3n del objetivo de la organizaci\u00f3n para que llegue a la mayor cantidad de personas posibles usando como medio las redes sociales, al igual que apoyar en el buen desempe\u00f1o de comunicaci\u00f3n interna en los departamentos.<\/li>\n<li><strong>Activities performed:<\/strong>Crear, dise\u00f1ar, planear campa\u00f1as de comunicaci\u00f3n para conectar con segmentos deseados para la organizaci\u00f3n. <\/li>\n<li><strong>Applied skills:<\/strong> Planeaci\u00f3n de actividades, dise\u00f1o de estrategias y contenido, comunicaci\u00f3n activa con el equipo de trabajo, buena organizaci\u00f3n para la entrega en tiempo y forma de las actividades. <\/li>\n<\/ul>\n<\/div>\n<\/div><\/div><\/div><\/div><\/div><\/div>","protected":false},"excerpt":{"rendered":"<p>Ximena Zamudio Tovar Licenciada en Dise\u00f1o Egresada de la licenciatura de Dise\u00f1o por la Universidad Aut\u00f3noma Metropolitana. Trabaj\u00f3 en Hult Prize Foundation como becaria de motion graphics y dise\u00f1o por un a\u00f1o, tiene experiencia en manejo de redes sociales y creaci\u00f3n de contenido dada por trabajar de freelance para Skills for Industry. Ha trabajado para &hellip;<\/p>\n<p class=\"read-more\"> <a class=\"\" href=\"https:\/\/cerca.org.mx\/en\/ximena-zamudio\/\"> <span class=\"screen-reader-text\">Miembro STAFF Ximena<\/span> Read More &raquo;<\/a><\/p>","protected":false},"author":1,"featured_media":0,"parent":0,"menu_order":0,"comment_status":"closed","ping_status":"closed","template":"","meta":{"footnotes":""},"class_list":["post-3476","page","type-page","status-publish","hentry"],"_links":{"self":[{"href":"https:\/\/cerca.org.mx\/en\/wp-json\/wp\/v2\/pages\/3476","targetHints":{"allow":["GET"]}}],"collection":[{"href":"https:\/\/cerca.org.mx\/en\/wp-json\/wp\/v2\/pages"}],"about":[{"href":"https:\/\/cerca.org.mx\/en\/wp-json\/wp\/v2\/types\/page"}],"author":[{"embeddable":true,"href":"https:\/\/cerca.org.mx\/en\/wp-json\/wp\/v2\/users\/1"}],"replies":[{"embeddable":true,"href":"https:\/\/cerca.org.mx\/en\/wp-json\/wp\/v2\/comments?post=3476"}],"version-history":[{"count":4,"href":"https:\/\/cerca.org.mx\/en\/wp-json\/wp\/v2\/pages\/3476\/revisions"}],"predecessor-version":[{"id":3487,"href":"https:\/\/cerca.org.mx\/en\/wp-json\/wp\/v2\/pages\/3476\/revisions\/3487"}],"wp:attachment":[{"href":"https:\/\/cerca.org.mx\/en\/wp-json\/wp\/v2\/media?parent=3476"}],"curies":[{"name":"wp","href":"https:\/\/api.w.org\/{rel}","templated":true}]}}