{"id":3861,"date":"2022-08-22T00:29:23","date_gmt":"2022-08-22T04:29:23","guid":{"rendered":"https:\/\/cerca.org.mx\/?page_id=3861"},"modified":"2025-03-20T13:43:21","modified_gmt":"2025-03-20T17:43:21","slug":"biblioteca-cerca","status":"publish","type":"page","link":"https:\/\/cerca.org.mx\/en\/biblioteca-cerca\/","title":{"rendered":"Library"},"content":{"rendered":"<div id=\"pl-3861\"  class=\"panel-layout\" ><div id=\"pg-3861-0\"  class=\"panel-grid panel-has-style\" ><div class=\"siteorigin-panels-stretch panel-row-style panel-row-style-for-3861-0\" data-stretch-type=\"full-stretched\" ><div id=\"pgc-3861-0-0\"  class=\"panel-grid-cell\" ><div id=\"panel-3861-0-0-0\" class=\"so-panel widget widget_sow-hero panel-first-child panel-last-child\" data-index=\"0\" ><div\n\t\t\t\n\t\t\tclass=\"so-widget-sow-hero so-widget-sow-hero-default-d9a582961842-3861 so-widget-fittext-wrapper\"\n\t\t\t data-fit-text-compressor=\"0.85\"\n\t\t>\t\t\t\t<div class=\"sow-slider-base\" style=\"display: none\">\n\t\t\t\t\t<ul\n\t\t\t\t\tclass=\"sow-slider-images\"\n\t\t\t\t\tdata-settings=\"{&quot;pagination&quot;:true,&quot;speed&quot;:800,&quot;timeout&quot;:8000,&quot;paused&quot;:true,&quot;pause_on_hover&quot;:false,&quot;swipe&quot;:true,&quot;nav_always_show_desktop&quot;:&quot;&quot;,&quot;nav_always_show_mobile&quot;:&quot;&quot;,&quot;breakpoint&quot;:&quot;780px&quot;,&quot;unmute&quot;:false,&quot;anchor&quot;:null}\"\n\t\t\t\t\tstyle=\"min-height: 40%\"\t\t\t\t\tdata-anchor-id=\"\"\n\t\t\t\t>\t\t<li class=\"sow-slider-image  sow-slider-image-cover\" style=\"visibility: visible;;background-color: #333333;background-image: url(https:\/\/cerca.org.mx\/wp-content\/uploads\/2022\/08\/Biblioteca-scaled.jpg)\" >\n\t\t\t\t\t<div class=\"sow-slider-image-container\">\n\t\t\t<div class=\"sow-slider-image-wrapper\">\n\t\t\t\t<h1 style=\"text-align: center;color: ffffff;font-size: 150px\">Library<\/h1>\n<p style=\"text-align: center;color: ffffff;font-size: 20px\">To support the development of teaching-learning, research, and cultural dissemination\nprocesses, CERCA has a special section so that people can keep up to date with its news\nand other useful documentary information resources that we have collected over time.<\/p>\t\t\t<\/div>\n\t\t<\/div>\n\t\t\t\t<\/li>\n\t\t<\/ul>\t\t\t\t<ol class=\"sow-slider-pagination\">\n\t\t\t\t\t\t\t\t\t\t\t<li><a href=\"#\" data-goto=\"0\" aria-label=\"display slide 1\"><\/a><\/li>\n\t\t\t\t\t\t\t\t\t<\/ol>\n\n\t\t\t\t<div class=\"sow-slide-nav sow-slide-nav-next\">\n\t\t\t\t\t<a href=\"#\" data-goto=\"next\" aria-label=\"next slide\" data-action=\"next\">\n\t\t\t\t\t\t<em class=\"sow-sld-icon-thin-right\"><\/em>\n\t\t\t\t\t<\/a>\n\t\t\t\t<\/div>\n\n\t\t\t\t<div class=\"sow-slide-nav sow-slide-nav-prev\">\n\t\t\t\t\t<a href=\"#\" data-goto=\"previous\" aria-label=\"previous slide\" data-action=\"prev\">\n\t\t\t\t\t\t<em class=\"sow-sld-icon-thin-left\"><\/em>\n\t\t\t\t\t<\/a>\n\t\t\t\t<\/div>\n\t\t\t\t<\/div><\/div><\/div><\/div><\/div><\/div><div id=\"pg-3861-1\"  class=\"panel-grid panel-no-style\" ><div id=\"pgc-3861-1-0\"  class=\"panel-grid-cell\" ><div id=\"panel-3861-1-0-0\" class=\"so-panel widget widget_sow-headline panel-first-child panel-last-child\" data-index=\"1\" ><div\n\t\t\t\n\t\t\tclass=\"so-widget-sow-headline so-widget-sow-headline-default-f9affa0582cb-3861\"\n\t\t\t\n\t\t><div class=\"sow-headline-container\">\n\t<h2 class='sow-headline'>Bulletin<\/h2>\t\t\t\t\t<div class=\"decoration\">\n\t\t\t\t\t\t<div class=\"decoration-inside\"><\/div>\n\t\t\t\t\t<\/div>\n\t\t\t\t\t<\/div>\n<\/div><\/div><\/div><\/div><div id=\"pg-3861-2\"  class=\"panel-grid panel-no-style\" ><div id=\"pgc-3861-2-0\"  class=\"panel-grid-cell\" ><div id=\"panel-3861-2-0-0\" class=\"widget_text so-panel widget widget_custom_html panel-first-child panel-last-child\" data-index=\"2\" ><div class=\"textwidget custom-html-widget\"><div class='presentacion' style='position: relative; width:1000px;'>\n\t<p id='p1' style=''>If you want to be aware of all our events, news, collaborations, and calls subscribe to our\nnewsletter to be closer to us. <\/p>\n\t<button id='b1' style=''><a href=\"https:\/\/cerca.org.mx\/en\/registro\/\" style=\"text-decoration: none;\" target=\"_blank\" rel=\"noopener\"><strong>Subscribe<\/strong><\/a><\/button>\n\t<p id='p2' style=''>You can also check out our previous newsletters! They are available in the following\nlanguages, click on the one that is most comfortable for you to read.<\/p>\n\t<button id='b2' style=''><a href=\"https:\/\/cerca.org.mx\/en\/boletin\/\" style=\"text-decoration: none;\" target=\"_blank\" rel=\"noopener\"><strong>Spanish\/English<\/strong><\/a><\/button>\n<\/div>\n\n\n\n<style>\n\t.presentacion{\n\t\tposition: relative;\n\t\twidth:1000px;\n\t}\n\t\n\t#p1{\n\t\tmargin-top:10%; \n\t\tmargin-left:40%; \n\t\tposition: absolute; \n\t\ttransform: translate(-50%, -50%);\n\t\tborder: none;\n\t\tcolor: #000000;\n\t}\n\t#b1{\n\t\tmargin-top:20%;\n\t\tmargin-left:35%;\n\t\tposition: absolute;\n\t\ttransform: translate(-50%, -50%);\n\t\tbackground-color: #FFDC00;\n\t\tfont-size: 20px;\n\t\tborder-radius: 12px;\n\t\twidth: 200px;border: none;\n\t\ttext-align: center;\n\t\tcolor: #005BAB;\n\t}\n\t\n\t#p2{\n\t\tmargin-top:30%;\n\t\tmargin-left:40%;\n\t\tposition: absolute;\n\t\ttransform: translate(-50%, -50%);\n\t\tborder: none;\n\t\tcolor: #000000;\n\t}\n\t#b2{\n\t\tmargin-top:40%;\n\t\tmargin-left:35%;\n\t\tposition: absolute;\n\t\ttransform: translate(-50%, -50%);\n\t\tbackground-color: #FFDC00;\n\t\tfont-size: 20px;\n\t\tborder-radius: 12px;\n\t\twidth: 200px;\n\t\tborder: none;\n\t\ttext-align: center;\n\t\tcolor: #005BAB;\n\t}\n\t@media only screen and (max-width: 499px) {\n\t\t.presentacion{\n\t\t\tposition: relative;\n\t\t\twidth:499px;\n\t\t}\n\t\t#p1{\n\t\t\tmargin-top:2%; \n\t\t\tmargin-left:20%;\n\t\t\twidth:300px;\n\t\t\tposition: relative;\n\t\t\ttransform: translate(-50%, -50%);\n\t\t\tborder: none;\n\t\t\tcolor: #000000;\n\t\t}\n\t\t#b1{\n\t\t\tmargin-top:2%; \n\t\t\tmargin-left:20%;\n\t\t\tposition: relative;\n\t\t\ttransform: translate(-50%, -50%);\n\t\t\tbackground-color: #FFDC00;\n\t\t\tfont-size: 20px;\n\t\t\tborder-radius: 12px;\n\t\t\twidth: 200px;\n\t\t\tborder: none;\n\t\t\ttext-align: center;\n\t\t\tcolor: #005BAB;\n\t\t}\n\n\t\t#p2{\n\t\t\tmargin-top:10%;\n\t\t\tmargin-left:20%;\n\t\t\twidth:300px;\n\t\t\tposition: relative;\n\t\t\ttransform: translate(-50%, -50%);\n\t\t\tborder: none;\n\t\t\tcolor: #000000;\n\t\t}\n\t\t#b2{\n\t\t\tmargin-top:2%; \n\t\t\tmargin-left:20%;\n\t\t\tposition: relative;\n\t\t\ttransform: translate(-50%, -50%);\n\t\t\tbackground-color: #FFDC00;\n\t\t\tfont-size: 20px;\n\t\t\tborder-radius: 12px;\n\t\t\twidth: 200px;\n\t\t\tborder: none;\n\t\t\ttext-align: center;\n\t\t\tcolor: #005BAB;\n\t\t}\n\t}\n\t\n<\/style>\n<\/div><\/div><\/div><div id=\"pgc-3861-2-1\"  class=\"panel-grid-cell\" ><div id=\"panel-3861-2-1-0\" class=\"so-panel widget widget_media_image panel-first-child panel-last-child\" data-index=\"3\" ><img loading=\"lazy\" decoding=\"async\" width=\"2000\" height=\"2000\" src=\"https:\/\/cerca.org.mx\/wp-content\/uploads\/2022\/08\/Newsletter-cuate.png\" class=\"image wp-image-3863  attachment-full size-full\" alt=\"\" style=\"max-width: 100%; height: auto;\" srcset=\"https:\/\/cerca.org.mx\/wp-content\/uploads\/2022\/08\/Newsletter-cuate.png 2000w, https:\/\/cerca.org.mx\/wp-content\/uploads\/2022\/08\/Newsletter-cuate-300x300.png 300w, https:\/\/cerca.org.mx\/wp-content\/uploads\/2022\/08\/Newsletter-cuate-1024x1024.png 1024w, https:\/\/cerca.org.mx\/wp-content\/uploads\/2022\/08\/Newsletter-cuate-150x150.png 150w, https:\/\/cerca.org.mx\/wp-content\/uploads\/2022\/08\/Newsletter-cuate-768x768.png 768w, https:\/\/cerca.org.mx\/wp-content\/uploads\/2022\/08\/Newsletter-cuate-1536x1536.png 1536w, https:\/\/cerca.org.mx\/wp-content\/uploads\/2022\/08\/Newsletter-cuate-12x12.png 12w\" sizes=\"auto, (max-width: 2000px) 100vw, 2000px\" \/><\/div><\/div><\/div><div id=\"pg-3861-3\"  class=\"panel-grid panel-no-style\" ><div id=\"pgc-3861-3-0\"  class=\"panel-grid-cell\" ><div id=\"panel-3861-3-0-0\" class=\"so-panel widget widget_sow-headline panel-first-child panel-last-child\" data-index=\"4\" ><div\n\t\t\t\n\t\t\tclass=\"so-widget-sow-headline so-widget-sow-headline-default-f9affa0582cb-3861\"\n\t\t\t\n\t\t><div class=\"sow-headline-container\">\n\t<h2 class='sow-headline'>Studies<\/h2>\t\t\t\t\t<div class=\"decoration\">\n\t\t\t\t\t\t<div class=\"decoration-inside\"><\/div>\n\t\t\t\t\t<\/div>\n\t\t\t\t\t<\/div>\n<\/div><\/div><\/div><\/div><div id=\"pg-3861-4\"  class=\"panel-grid panel-no-style\" ><div id=\"pgc-3861-4-0\"  class=\"panel-grid-cell\" ><div id=\"panel-3861-4-0-0\" class=\"so-panel widget widget_media_image panel-first-child panel-last-child\" data-index=\"5\" ><img loading=\"lazy\" decoding=\"async\" width=\"1917\" height=\"1275\" src=\"https:\/\/cerca.org.mx\/wp-content\/uploads\/2022\/08\/estudios.jpg\" class=\"image wp-image-3955  attachment-full size-full\" alt=\"\" style=\"max-width: 100%; height: auto;\" srcset=\"https:\/\/cerca.org.mx\/wp-content\/uploads\/2022\/08\/estudios.jpg 1917w, https:\/\/cerca.org.mx\/wp-content\/uploads\/2022\/08\/estudios-300x200.jpg 300w, https:\/\/cerca.org.mx\/wp-content\/uploads\/2022\/08\/estudios-1024x681.jpg 1024w, https:\/\/cerca.org.mx\/wp-content\/uploads\/2022\/08\/estudios-768x511.jpg 768w, https:\/\/cerca.org.mx\/wp-content\/uploads\/2022\/08\/estudios-1536x1022.jpg 1536w, https:\/\/cerca.org.mx\/wp-content\/uploads\/2022\/08\/estudios-18x12.jpg 18w, https:\/\/cerca.org.mx\/wp-content\/uploads\/2022\/08\/estudios-272x182.jpg 272w\" sizes=\"auto, (max-width: 1917px) 100vw, 1917px\" \/><\/div><\/div><div id=\"pgc-3861-4-1\"  class=\"panel-grid-cell\" ><div id=\"panel-3861-4-1-0\" class=\"widget_text so-panel widget widget_custom_html panel-first-child panel-last-child\" data-index=\"6\" ><div class=\"textwidget custom-html-widget\"><div class='presentacion'>\n\t<p id='pp1'>The study is the development of attitudes and skills through the incorporation of new knowledge. CERCA, based on its programs and projects, gathers through reports and research the findings and conclusions that it has been able to access thanks to its workers and researchers.  \n\t<\/p>\n\t<button id='bb1'><a href=\"https:\/\/cerca.org.mx\/en\/estudios-cerca\/\" style=\"text-decoration: none;\" target=\"_blank\"><strong>Internal research<\/strong><\/a><\/button>\n<\/div>\n<style>\n\t.presentacion{\n\t\t\tposition: relative;\n\t\t\twidth:1000px;\n\t}\n\t\n\t#pp1{\n\t\tmargin-top:15%;\n\t\tmargin-left:35%;\n\t\tposition: absolute;\n\t\ttransform: translate(-50%, -50%);\n\t\tborder: none;\n\t\tcolor: #000000;\n\t}\n\t#bb1{\n\t\tmargin-top:25%;\n\t\tmargin-left:35%;\n\t\tposition: absolute;\n\t\ttransform: translate(-50%, -50%);\n\t\tbackground-color: #FFDC00;\n\t\tfont-size: 20px;\n\t\tborder-radius: 12px;\n\t\twidth: 400px;\n\t\tborder: none;\n  \ttext-align: center;\n\t\tcolor: #005BAB;\n\t}\n\t\n\t\n\t\n\t@media only screen and (max-width: 499px) {\n\t\t.presentacion{\n\t\t\tposition: relative;\n\t\t\twidth:499px;\n\t\t}\n\t\t#pp1{\n\t\t\tmargin-top:15%;\n\t\t\tmargin-left:40%;\n\t\t\twidth:300px;\n\t\t\tposition: relative;\n\t\t\ttransform: translate(-50%, -50%);\n\t\t\tborder: none;\n\t\t\tcolor: #000000;\n\t\t}\n\t\t#bb1{\n\t\t\tmargin-top:1%;\n\t\t\tmargin-left:40%;\n\t\t\tposition: relative;\n\t\t\ttransform: translate(-50%, -50%);\n\t\t\tbackground-color: #FFDC00;\n\t\t\tfont-size: 15px;\n\t\t\tborder-radius: 12px;\n\t\t\twidth: 300px;\n\t\t\tborder: none;\n\t\t\ttext-align: center;\n\t\t\tcolor: #005BAB;\n\t\t}\n\t}\n\t<\/style>\n<\/div><\/div><\/div><\/div><div id=\"pg-3861-5\"  class=\"panel-grid panel-no-style\" ><div id=\"pgc-3861-5-0\"  class=\"panel-grid-cell\" ><div id=\"panel-3861-5-0-0\" class=\"so-panel widget widget_sow-headline panel-first-child panel-last-child\" data-index=\"7\" ><div\n\t\t\t\n\t\t\tclass=\"so-widget-sow-headline so-widget-sow-headline-default-f9affa0582cb-3861\"\n\t\t\t\n\t\t><div class=\"sow-headline-container\">\n\t<h2 class='sow-headline'>Informaci\u00f3n externa<\/h2>\t\t\t\t\t<div class=\"decoration\">\n\t\t\t\t\t\t<div class=\"decoration-inside\"><\/div>\n\t\t\t\t\t<\/div>\n\t\t\t\t\t<\/div>\n<\/div><\/div><\/div><\/div><div id=\"pg-3861-6\"  class=\"panel-grid panel-no-style\" ><div id=\"pgc-3861-6-0\"  class=\"panel-grid-cell\" ><div id=\"panel-3861-6-0-0\" class=\"widget_text so-panel widget widget_custom_html panel-first-child panel-last-child\" data-index=\"8\" ><div class=\"textwidget custom-html-widget\"><div class='presentacion'>\n\t<p id='pp1'>There are other entities with similar objectives to ours which also carry out studies or reports that are relevant to our cause. The external information space is dedicated to compiling valuable and relevant documents from sources outside our organization that can support our goals and may be of interest to you.<\/p>\n\t<button id='bb1'><a href=\"https:\/\/cerca.org.mx\/en\/informacion-externa\/\" style=\"text-decoration: none;\" target=\"_blank\"><strong>External Documentation<\/strong><\/a><\/button>\n<\/div>\n<style>\n\t.presentacion{\n\t\t\tposition: relative;\n\t\t\twidth:1000px;\n\t}\n\t\n\t#pp1{\n\t\tmargin-top:15%;\n\t\tmargin-left:35%;\n\t\tposition: absolute;\n\t\ttransform: translate(-50%, -50%);\n\t\tborder: none;\n\t\tcolor: #000000;\n\t}\n\t#bb1{\n\t\tmargin-top:25%;\n\t\tmargin-left:35%;\n\t\tposition: absolute;\n\t\ttransform: translate(-50%, -50%);\n\t\tbackground-color: #FFDC00;\n\t\tfont-size: 20px;\n\t\tborder-radius: 12px;\n\t\twidth: 400px;\n\t\tborder: none;\n  \ttext-align: center;\n\t\tcolor: #005BAB;\n\t}\n\t\n\t\n\t\n\t@media only screen and (max-width: 499px) {\n\t\t.presentacion{\n\t\t\tposition: relative;\n\t\t\twidth:499px;\n\t\t}\n\t\t#pp1{\n\t\t\tmargin-top:15%;\n\t\t\tmargin-left:40%;\n\t\t\twidth:300px;\n\t\t\tposition: relative;\n\t\t\ttransform: translate(-50%, -50%);\n\t\t\tborder: none;\n\t\t\tcolor: #000000;\n\t\t}\n\t\t#bb1{\n\t\t\tmargin-top:1%;\n\t\t\tmargin-left:40%;\n\t\t\tposition: relative;\n\t\t\ttransform: translate(-50%, -50%);\n\t\t\tbackground-color: #FFDC00;\n\t\t\tfont-size: 15px;\n\t\t\tborder-radius: 12px;\n\t\t\twidth: 300px;\n\t\t\tborder: none;\n\t\t\ttext-align: center;\n\t\t\tcolor: #005BAB;\n\t\t}\n\t}\n\t<\/style>\n<\/div><\/div><\/div><div id=\"pgc-3861-6-1\"  class=\"panel-grid-cell\" ><div id=\"panel-3861-6-1-0\" class=\"so-panel widget widget_media_image panel-first-child panel-last-child\" data-index=\"9\" ><img loading=\"lazy\" decoding=\"async\" width=\"910\" height=\"605\" src=\"https:\/\/cerca.org.mx\/wp-content\/uploads\/2023\/05\/documents-files-records-file.jpg\" class=\"image wp-image-5018  attachment-full size-full\" alt=\"\" style=\"max-width: 100%; height: auto;\" srcset=\"https:\/\/cerca.org.mx\/wp-content\/uploads\/2023\/05\/documents-files-records-file.jpg 910w, https:\/\/cerca.org.mx\/wp-content\/uploads\/2023\/05\/documents-files-records-file-300x199.jpg 300w, https:\/\/cerca.org.mx\/wp-content\/uploads\/2023\/05\/documents-files-records-file-768x511.jpg 768w, https:\/\/cerca.org.mx\/wp-content\/uploads\/2023\/05\/documents-files-records-file-18x12.jpg 18w, https:\/\/cerca.org.mx\/wp-content\/uploads\/2023\/05\/documents-files-records-file-272x182.jpg 272w\" sizes=\"auto, (max-width: 910px) 100vw, 910px\" \/><\/div><\/div><\/div><div id=\"pg-3861-7\"  class=\"panel-grid panel-no-style\" ><div id=\"pgc-3861-7-0\"  class=\"panel-grid-cell panel-grid-cell-empty\" ><\/div><\/div><div id=\"pg-3861-8\"  class=\"panel-grid panel-no-style\" ><div id=\"pgc-3861-8-0\"  class=\"panel-grid-cell\" ><div id=\"panel-3861-8-0-0\" class=\"widget_text so-panel widget widget_custom_html panel-first-child\" data-index=\"10\" ><div class=\"widget_text panel-widget-style panel-widget-style-for-3861-8-0-0\" ><div class=\"textwidget custom-html-widget\"><h1 style=\"text-align: left; color: #005bab;\"><strong>Escucha \"Emisiones al aire\"<\/strong><\/h1>\n<p style=\"text-align: left;\">Sintoniza \"Emisiones al Aire\" en Altavoz Radio y \u00fanete a la conversaci\u00f3n sobre la calidad del aire y su impacto en nuestra salud y el planeta. Descubre c\u00f3mo, desde la ciencia y la acci\u00f3n ciudadana, podemos impulsar un aire m\u00e1s limpio y un futuro m\u00e1s sostenible. No te lo pierdas y s\u00e9 parte del cambio.<\/p><\/div><\/div><\/div><div id=\"panel-3861-8-0-1\" class=\"widget_text so-panel widget widget_custom_html panel-last-child\" data-index=\"11\" ><div class=\"widget_text panel-widget-style panel-widget-style-for-3861-8-0-1\" ><div class=\"textwidget custom-html-widget\"><iframe style=\"border-radius:12px\" src=\"https:\/\/altavozradio.mx\/#\/audioteca\/emisiones-al-aire\"autoplay; clipboard-write; encrypted-media; fullscreen; picture-in-picture\"><\/iframe><\/div><\/div><\/div><\/div><div id=\"pgc-3861-8-1\"  class=\"panel-grid-cell\" ><div id=\"panel-3861-8-1-0\" class=\"so-panel widget widget_media_image panel-first-child panel-last-child\" data-index=\"12\" ><a href=\"https:\/\/altavozradio.mx\/#\/audioteca\/emisiones-al-aire\/por-que-surge-cerca\"><img loading=\"lazy\" decoding=\"async\" width=\"2519\" height=\"1481\" src=\"https:\/\/cerca.org.mx\/wp-content\/uploads\/2025\/03\/Captura-de-pantalla-2025-03-20-112833.png\" class=\"image wp-image-5518  attachment-full size-full\" alt=\"\" style=\"max-width: 100%; height: auto;\" srcset=\"https:\/\/cerca.org.mx\/wp-content\/uploads\/2025\/03\/Captura-de-pantalla-2025-03-20-112833.png 2519w, https:\/\/cerca.org.mx\/wp-content\/uploads\/2025\/03\/Captura-de-pantalla-2025-03-20-112833-300x176.png 300w, https:\/\/cerca.org.mx\/wp-content\/uploads\/2025\/03\/Captura-de-pantalla-2025-03-20-112833-1024x602.png 1024w, https:\/\/cerca.org.mx\/wp-content\/uploads\/2025\/03\/Captura-de-pantalla-2025-03-20-112833-768x452.png 768w, https:\/\/cerca.org.mx\/wp-content\/uploads\/2025\/03\/Captura-de-pantalla-2025-03-20-112833-1536x903.png 1536w, https:\/\/cerca.org.mx\/wp-content\/uploads\/2025\/03\/Captura-de-pantalla-2025-03-20-112833-2048x1204.png 2048w, https:\/\/cerca.org.mx\/wp-content\/uploads\/2025\/03\/Captura-de-pantalla-2025-03-20-112833-18x12.png 18w\" sizes=\"auto, (max-width: 2519px) 100vw, 2519px\" \/><\/a><\/div><\/div><\/div><\/div>","protected":false},"excerpt":{"rendered":"<p>Biblioteca Para apoyar el desarrollo de los procesos de ense\u00f1anza aprendizaje, investigaci\u00f3n y difusi\u00f3n de la cultura, CERCA cuenta con un apartado especial para que las personas puedan estar al tanto de sus noticias y otros recursos \u00fatiles de informaci\u00f3n documental que hemos recolectado con el paso del tiempo. Bolet\u00edn Si quieres est\u00e1s al pendiente &hellip;<\/p>\n<p class=\"read-more\"> <a class=\"\" href=\"https:\/\/cerca.org.mx\/en\/biblioteca-cerca\/\"> <span class=\"screen-reader-text\">Library<\/span> Read More &raquo;<\/a><\/p>","protected":false},"author":1,"featured_media":0,"parent":0,"menu_order":0,"comment_status":"closed","ping_status":"closed","template":"","meta":{"footnotes":""},"class_list":["post-3861","page","type-page","status-publish","hentry"],"_links":{"self":[{"href":"https:\/\/cerca.org.mx\/en\/wp-json\/wp\/v2\/pages\/3861","targetHints":{"allow":["GET"]}}],"collection":[{"href":"https:\/\/cerca.org.mx\/en\/wp-json\/wp\/v2\/pages"}],"about":[{"href":"https:\/\/cerca.org.mx\/en\/wp-json\/wp\/v2\/types\/page"}],"author":[{"embeddable":true,"href":"https:\/\/cerca.org.mx\/en\/wp-json\/wp\/v2\/users\/1"}],"replies":[{"embeddable":true,"href":"https:\/\/cerca.org.mx\/en\/wp-json\/wp\/v2\/comments?post=3861"}],"version-history":[{"count":218,"href":"https:\/\/cerca.org.mx\/en\/wp-json\/wp\/v2\/pages\/3861\/revisions"}],"predecessor-version":[{"id":5520,"href":"https:\/\/cerca.org.mx\/en\/wp-json\/wp\/v2\/pages\/3861\/revisions\/5520"}],"wp:attachment":[{"href":"https:\/\/cerca.org.mx\/en\/wp-json\/wp\/v2\/media?parent=3861"}],"curies":[{"name":"wp","href":"https:\/\/api.w.org\/{rel}","templated":true}]}}