{"id":4448,"date":"2023-01-30T16:10:33","date_gmt":"2023-01-30T20:10:33","guid":{"rendered":"https:\/\/cerca.org.mx\/?page_id=4448"},"modified":"2023-05-03T18:00:21","modified_gmt":"2023-05-03T22:00:21","slug":"danae-fenton","status":"publish","type":"page","link":"https:\/\/cerca.org.mx\/en\/danae-fenton\/","title":{"rendered":"Miembro STAFF Danae"},"content":{"rendered":"<div id=\"pl-4448\"  class=\"panel-layout\" ><div id=\"pg-4448-0\"  class=\"panel-grid panel-has-style\" ><div class=\"panel-row-style panel-row-style-for-4448-0\" ><div id=\"pgc-4448-0-0\"  class=\"panel-grid-cell\" ><div class=\"panel-cell-style panel-cell-style-for-4448-0-0\" ><div id=\"panel-4448-0-0-0\" class=\"so-panel widget widget_sow-editor panel-first-child panel-last-child\" data-index=\"0\" ><div\n\t\t\t\n\t\t\tclass=\"so-widget-sow-editor so-widget-sow-editor-base\"\n\t\t\t\n\t\t>\n<div class=\"siteorigin-widget-tinymce textwidget\">\n\t<p><a href=\"https:\/\/cerca.org.mx\/wp-content\/uploads\/2023\/01\/WhatsApp-Image-2023-01-27-at-11.31.35-AM-Danae-Kerr-Fenton-Bringas-1-e1675105447406.jpeg\"><img loading=\"lazy\" decoding=\"async\" class=\"alignleft wp-image-4429\" style=\"border-radius: 50%;\" src=\"https:\/\/cerca.org.mx\/wp-content\/uploads\/2023\/01\/WhatsApp-Image-2023-01-27-at-11.31.35-AM-Danae-Kerr-Fenton-Bringas-1-e1675105447406.jpeg\" alt=\"\" width=\"485\" height=\"485\" srcset=\"https:\/\/cerca.org.mx\/wp-content\/uploads\/2023\/01\/WhatsApp-Image-2023-01-27-at-11.31.35-AM-Danae-Kerr-Fenton-Bringas-1-e1675105447406.jpeg 633w, https:\/\/cerca.org.mx\/wp-content\/uploads\/2023\/01\/WhatsApp-Image-2023-01-27-at-11.31.35-AM-Danae-Kerr-Fenton-Bringas-1-e1675105447406-300x300.jpeg 300w, https:\/\/cerca.org.mx\/wp-content\/uploads\/2023\/01\/WhatsApp-Image-2023-01-27-at-11.31.35-AM-Danae-Kerr-Fenton-Bringas-1-e1675105447406-150x150.jpeg 150w, https:\/\/cerca.org.mx\/wp-content\/uploads\/2023\/01\/WhatsApp-Image-2023-01-27-at-11.31.35-AM-Danae-Kerr-Fenton-Bringas-1-e1675105447406-12x12.jpeg 12w\" sizes=\"auto, (max-width: 485px) 100vw, 485px\" \/><\/a><\/p>\n<\/div>\n<\/div><\/div><\/div><\/div><div id=\"pgc-4448-0-1\"  class=\"panel-grid-cell\" ><div id=\"panel-4448-0-1-0\" class=\"so-panel widget widget_sow-editor panel-first-child\" data-index=\"1\" ><div\n\t\t\t\n\t\t\tclass=\"so-widget-sow-editor so-widget-sow-editor-base\"\n\t\t\t\n\t\t>\n<div class=\"siteorigin-widget-tinymce textwidget\">\n\t<hr \/>\n<h2 style=\"text-align: center;\"><span style=\"color: #2aa5d6;\">D\u00e1nae Kerr Fenton Bringas<\/span><\/h2>\n<hr \/>\n<\/div>\n<\/div><\/div><div id=\"panel-4448-0-1-1\" class=\"so-panel widget widget_sow-editor panel-last-child\" data-index=\"2\" ><div\n\t\t\t\n\t\t\tclass=\"so-widget-sow-editor so-widget-sow-editor-base\"\n\t\t\t\n\t\t>\n<div class=\"siteorigin-widget-tinymce textwidget\">\n\t<h4>Master in Social Sciences<\/h4>\n<p>Master in Social Sciences. With a happy heart and a wild spirit rooted in South California. With a professional preparation in plastic arts, I introduce myself to the social sciences to use the artistic experience as a tool to encourage deep reflection in people and the appropriation of knowledge in favor of ecosocial well-being.<\/p>\n<h5 style=\"color: #2aa5d6;\">Strategic Linkage and Citizen Participation Coordinator \/ 2023-Present<\/h5>\n<ul>\n<li><strong>Description:<\/strong> Coordinate projects and events with an environmental focus that allow the organization to link up with the social, academic, political and economic sectors, to raise awareness, raise awareness and raise funds that allow the sustainability of the organization as a non-profit.<\/li>\n<li><strong>Activities performed:<\/strong> Establish links with different sectors of the South Californian community through environmental awareness; in order to encourage participatory action to promote environmental quality.<br \/>\nEducaci\u00f3n ambiental, transici\u00f3n comunitaria y esquemas de participaci\u00f3n comunitaria. Fomento del pensamiento cr\u00edtico a trav\u00e9s de la experiencia.<\/li>\n<li><strong>Applied skills:<\/strong> Adaptability, calm decision-making, stress control, assertive communication, honesty, active listening, confidence and flexibility.<\/li>\n<\/ul>\n<\/div>\n<\/div><\/div><\/div><\/div><\/div><\/div>","protected":false},"excerpt":{"rendered":"<p>D\u00e1nae Kerr Fenton Bringas Maestra en Ciencias Sociales Maestra en Ciencias Sociales. De coraz\u00f3n alegre y esp\u00edritu salvaje arraigada a sudcalifornia. Con una preparaci\u00f3n profesional en artes pl\u00e1sticas, me introduzco a las ciencias sociales para emplear la experiencia art\u00edstica como herramienta para fomentar en las personas la reflexi\u00f3n profunda y la apropiaci\u00f3n del conocimiento en &hellip;<\/p>\n<p class=\"read-more\"> <a class=\"\" href=\"https:\/\/cerca.org.mx\/en\/danae-fenton\/\"> <span class=\"screen-reader-text\">Miembro STAFF Danae<\/span> Read More &raquo;<\/a><\/p>","protected":false},"author":1,"featured_media":0,"parent":0,"menu_order":0,"comment_status":"closed","ping_status":"closed","template":"","meta":{"footnotes":""},"class_list":["post-4448","page","type-page","status-publish","hentry"],"_links":{"self":[{"href":"https:\/\/cerca.org.mx\/en\/wp-json\/wp\/v2\/pages\/4448","targetHints":{"allow":["GET"]}}],"collection":[{"href":"https:\/\/cerca.org.mx\/en\/wp-json\/wp\/v2\/pages"}],"about":[{"href":"https:\/\/cerca.org.mx\/en\/wp-json\/wp\/v2\/types\/page"}],"author":[{"embeddable":true,"href":"https:\/\/cerca.org.mx\/en\/wp-json\/wp\/v2\/users\/1"}],"replies":[{"embeddable":true,"href":"https:\/\/cerca.org.mx\/en\/wp-json\/wp\/v2\/comments?post=4448"}],"version-history":[{"count":1,"href":"https:\/\/cerca.org.mx\/en\/wp-json\/wp\/v2\/pages\/4448\/revisions"}],"predecessor-version":[{"id":4449,"href":"https:\/\/cerca.org.mx\/en\/wp-json\/wp\/v2\/pages\/4448\/revisions\/4449"}],"wp:attachment":[{"href":"https:\/\/cerca.org.mx\/en\/wp-json\/wp\/v2\/media?parent=4448"}],"curies":[{"name":"wp","href":"https:\/\/api.w.org\/{rel}","templated":true}]}}