{"id":4464,"date":"2023-02-01T17:27:08","date_gmt":"2023-02-01T21:27:08","guid":{"rendered":"https:\/\/cerca.org.mx\/?page_id=4464"},"modified":"2023-02-01T17:27:45","modified_gmt":"2023-02-01T21:27:45","slug":"jaritzi-romero","status":"publish","type":"page","link":"https:\/\/cerca.org.mx\/en\/jaritzi-romero\/","title":{"rendered":"Miembro STAFF Jaritzi"},"content":{"rendered":"<div id=\"pl-4464\"  class=\"panel-layout\" ><div id=\"pg-4464-0\"  class=\"panel-grid panel-has-style\" ><div class=\"panel-row-style panel-row-style-for-4464-0\" ><div id=\"pgc-4464-0-0\"  class=\"panel-grid-cell\" ><div class=\"panel-cell-style panel-cell-style-for-4464-0-0\" ><div id=\"panel-4464-0-0-0\" class=\"so-panel widget widget_sow-editor panel-first-child panel-last-child\" data-index=\"0\" ><div\n\t\t\t\n\t\t\tclass=\"so-widget-sow-editor so-widget-sow-editor-base\"\n\t\t\t\n\t\t>\n<div class=\"siteorigin-widget-tinymce textwidget\">\n\t<p><a href=\"https:\/\/cerca.org.mx\/wp-content\/uploads\/2023\/02\/foto1-Jaritzi-Romero-e1675286104265.jpg\"><img loading=\"lazy\" decoding=\"async\" class=\"alignleft wp-image-4463\" style=\"border-radius: 50%;\" src=\"https:\/\/cerca.org.mx\/wp-content\/uploads\/2023\/02\/foto1-Jaritzi-Romero-e1675286104265.jpg\" alt=\"\" width=\"485\" height=\"485\" srcset=\"https:\/\/cerca.org.mx\/wp-content\/uploads\/2023\/02\/foto1-Jaritzi-Romero-e1675286104265.jpg 1264w, https:\/\/cerca.org.mx\/wp-content\/uploads\/2023\/02\/foto1-Jaritzi-Romero-e1675286104265-300x300.jpg 300w, https:\/\/cerca.org.mx\/wp-content\/uploads\/2023\/02\/foto1-Jaritzi-Romero-e1675286104265-1024x1024.jpg 1024w, https:\/\/cerca.org.mx\/wp-content\/uploads\/2023\/02\/foto1-Jaritzi-Romero-e1675286104265-150x150.jpg 150w, https:\/\/cerca.org.mx\/wp-content\/uploads\/2023\/02\/foto1-Jaritzi-Romero-e1675286104265-768x768.jpg 768w, https:\/\/cerca.org.mx\/wp-content\/uploads\/2023\/02\/foto1-Jaritzi-Romero-e1675286104265-12x12.jpg 12w\" sizes=\"auto, (max-width: 485px) 100vw, 485px\" \/><\/a><\/p>\n<\/div>\n<\/div><\/div><\/div><\/div><div id=\"pgc-4464-0-1\"  class=\"panel-grid-cell\" ><div id=\"panel-4464-0-1-0\" class=\"so-panel widget widget_sow-editor panel-first-child\" data-index=\"1\" ><div\n\t\t\t\n\t\t\tclass=\"so-widget-sow-editor so-widget-sow-editor-base\"\n\t\t\t\n\t\t>\n<div class=\"siteorigin-widget-tinymce textwidget\">\n\t<hr \/>\n\n<h2 style=\"text-align: center;\"><span style=\"color: #2aa5d6;\">Iurh\u00ed Jaritzi Romero Guti\u00e9rrez<\/span><\/h2>\n\n<hr \/><\/div>\n<\/div><\/div><div id=\"panel-4464-0-1-1\" class=\"so-panel widget widget_sow-editor panel-last-child\" data-index=\"2\" ><div\n\t\t\t\n\t\t\tclass=\"so-widget-sow-editor so-widget-sow-editor-base\"\n\t\t\t\n\t\t>\n<div class=\"siteorigin-widget-tinymce textwidget\">\n\t<h4>Bachelor of Design<\/h4>\n<p>Graduated from the Bachelor of Design, intern at the International Learning Network of networks on Sustainability (LeNS), social and environmental activist and volunteer, interested in planning events, management and development of sustainable projects based on the design of tools and services within the framework of the Sustainable Development Goals.<\/p>\n<h5 style=\"color: #2aa5d6;\">Communication Liaison<\/h5>\n<ul>\n<li><strong>Description:<\/strong> Support the departments in CERCA in the representation and visual synthesis of research information and citizen participation that involves the association, giving it a positive identity that educates and encourages society in the face of current social and environmental problems.<\/li>\n<li><strong>Activities performed:<\/strong> Management, synthesis and design of information for content on social networks and visual material to support the departments involved in the association.<\/li>\n<li><strong>Applied skills:<\/strong> Planning, management and management of design tools that help to visualize and inform society in an affordable way.<\/li>\n<\/ul>\n<\/div>\n<\/div><\/div><\/div><\/div><\/div><\/div>","protected":false},"excerpt":{"rendered":"<p>Iurh\u00ed Jaritzi Romero Guti\u00e9rrez Licenciada en Dise\u00f1o Egresada de la Licenciatura en Dise\u00f1o, becaria en International Learning Network of networks on Sustainability (LeNS), activista y voluntaria social y ambiental, interesada en eventos de planeaci\u00f3n, gesti\u00f3n y desarrollo de proyectos sostenibles a partir del dise\u00f1o de herramientas y servicios dentro del marco de los Objetivos de &hellip;<\/p>\n<p class=\"read-more\"> <a class=\"\" href=\"https:\/\/cerca.org.mx\/en\/jaritzi-romero\/\"> <span class=\"screen-reader-text\">Miembro STAFF Jaritzi<\/span> Read More &raquo;<\/a><\/p>","protected":false},"author":1,"featured_media":0,"parent":0,"menu_order":0,"comment_status":"closed","ping_status":"closed","template":"","meta":{"footnotes":""},"class_list":["post-4464","page","type-page","status-publish","hentry"],"_links":{"self":[{"href":"https:\/\/cerca.org.mx\/en\/wp-json\/wp\/v2\/pages\/4464","targetHints":{"allow":["GET"]}}],"collection":[{"href":"https:\/\/cerca.org.mx\/en\/wp-json\/wp\/v2\/pages"}],"about":[{"href":"https:\/\/cerca.org.mx\/en\/wp-json\/wp\/v2\/types\/page"}],"author":[{"embeddable":true,"href":"https:\/\/cerca.org.mx\/en\/wp-json\/wp\/v2\/users\/1"}],"replies":[{"embeddable":true,"href":"https:\/\/cerca.org.mx\/en\/wp-json\/wp\/v2\/comments?post=4464"}],"version-history":[{"count":1,"href":"https:\/\/cerca.org.mx\/en\/wp-json\/wp\/v2\/pages\/4464\/revisions"}],"predecessor-version":[{"id":4465,"href":"https:\/\/cerca.org.mx\/en\/wp-json\/wp\/v2\/pages\/4464\/revisions\/4465"}],"wp:attachment":[{"href":"https:\/\/cerca.org.mx\/en\/wp-json\/wp\/v2\/media?parent=4464"}],"curies":[{"name":"wp","href":"https:\/\/api.w.org\/{rel}","templated":true}]}}