{"id":4581,"date":"2023-02-21T14:00:13","date_gmt":"2023-02-21T18:00:13","guid":{"rendered":"https:\/\/cerca.org.mx\/?page_id=4581"},"modified":"2023-02-21T16:12:33","modified_gmt":"2023-02-21T20:12:33","slug":"alex-double","status":"publish","type":"page","link":"https:\/\/cerca.org.mx\/en\/alex-double\/","title":{"rendered":"Alex Double"},"content":{"rendered":"<div id=\"pl-4581\"  class=\"panel-layout\" ><div id=\"pg-4581-0\"  class=\"panel-grid panel-has-style\" ><div class=\"panel-row-style panel-row-style-for-4581-0\" ><div id=\"pgc-4581-0-0\"  class=\"panel-grid-cell\" ><div id=\"panel-4581-0-0-0\" class=\"so-panel widget widget_sow-editor panel-first-child\" data-index=\"0\" ><div\n\t\t\t\n\t\t\tclass=\"so-widget-sow-editor so-widget-sow-editor-base\"\n\t\t\t\n\t\t>\n<div class=\"siteorigin-widget-tinymce textwidget\">\n\t<p><img loading=\"lazy\" decoding=\"async\" class=\"aligncenter wp-image-4583\" style=\"border-radius: 50%;\" src=\"https:\/\/cerca.org.mx\/wp-content\/uploads\/2023\/02\/262399d2558e551a81f14bcac5e12d2f-thumb-e1677001481295.jpg\" alt=\"\" width=\"250\" height=\"250\" srcset=\"https:\/\/cerca.org.mx\/wp-content\/uploads\/2023\/02\/262399d2558e551a81f14bcac5e12d2f-thumb-e1677001481295.jpg 200w, https:\/\/cerca.org.mx\/wp-content\/uploads\/2023\/02\/262399d2558e551a81f14bcac5e12d2f-thumb-e1677001481295-150x150.jpg 150w, https:\/\/cerca.org.mx\/wp-content\/uploads\/2023\/02\/262399d2558e551a81f14bcac5e12d2f-thumb-e1677001481295-12x12.jpg 12w\" sizes=\"auto, (max-width: 250px) 100vw, 250px\" \/><\/p>\n<\/div>\n<\/div><\/div><div id=\"panel-4581-0-0-1\" class=\"so-panel widget widget_sow-editor\" data-index=\"1\" ><div\n\t\t\t\n\t\t\tclass=\"so-widget-sow-editor so-widget-sow-editor-base\"\n\t\t\t\n\t\t>\n<div class=\"siteorigin-widget-tinymce textwidget\">\n\t<hr \/>\n<h2 style=\"text-align: center;\"><span style=\"color: #2aa5d6;\">Alex Double<br \/>\n<\/span><\/h2>\n<hr \/>\n<\/div>\n<\/div><\/div><div id=\"panel-4581-0-0-2\" class=\"so-panel widget widget_sow-editor panel-last-child\" data-index=\"2\" ><div\n\t\t\t\n\t\t\tclass=\"so-widget-sow-editor so-widget-sow-editor-base\"\n\t\t\t\n\t\t>\n<div class=\"siteorigin-widget-tinymce textwidget\">\n\t<p>Alex \"Doubsie\" Double is an English photographer. He has been taking underwater photos for more than 50 years. His huge body of earlier work was photographed on 35mm slide film, mostly in the Red Sea, where he lived and worked at sea for 20 years. Many of his images have been printed in books and magazines or have won prizes in photographic competitions. His proudest achievement was winning First Prize in the category \u201cThe Underwater World\u201d in the highly acclaimed international competition, Wildlife Photographer of the Year.<\/p>\n<p>Since retiring and moving to La Paz in 2014, Alex has been producing digital underwater images with a difference. Moving away from traditional nature photography towards photo art, he now prefers to make a more powerful impact by digitally enhancing his own images, sometimes with subtle changes and other times by making dramatic colour statements and stylistic changes to the original image. In each case, his painstaking and time consuming work results in a unique work of art.<\/p>\n<\/div>\n<\/div><\/div><\/div><\/div><\/div><div id=\"pg-4581-1\"  class=\"panel-grid panel-has-style\" ><div class=\"panel-row-style panel-row-style-for-4581-1\" ><div id=\"pgc-4581-1-0\"  class=\"panel-grid-cell\" ><div id=\"panel-4581-1-0-0\" class=\"so-panel widget widget_sow-features panel-first-child panel-last-child\" data-index=\"3\" ><div\n\t\t\t\n\t\t\tclass=\"so-widget-sow-features so-widget-sow-features-default-6ea22e9017ca-4581\"\n\t\t\t\n\t\t>\n<div class=\"sow-features-list sow-features-responsive\">\n\n\t\t\t\t\t\t\t\t\t<div\n\t\t\t\tclass=\"sow-features-feature sow-icon-container-position-top sow-features-feature-last-row\"\n\t\t\t\tstyle=\"display: flex; flex-direction: column; width: 50%;\"\n\t\t\t>\n\t\t\t\n\t\t\t\t\t\t\t\t<div\n\t\t\t\t\tclass=\"sow-icon-container sow-container-round\"\n\t\t\t\t\tstyle=\"color: #ffffff; \"\n\t\t\t\t\t>\n\t\t\t\t\t<div class=\"sow-icon-image\" style=\"background-image: url(https:\/\/cerca.org.mx\/wp-content\/uploads\/2023\/02\/Instagram_logo_2016.svg_.png); font-size: 100px\"><\/div>\t\t\t\t<\/div>\n\t\t\t\t\n\t\t\t\t<div class=\"textwidget\">\n\t\t\t\t\t\n\t\t\t\t\t\n\t\t\t\t\t\t\t\t\t\t\t<p style=\"text-align: center; margin: 1px;\"><strong>Instagram<\/strong><\/p>\n<p style=\"text-align: center; margin: 1px;\"><a href=\"https:\/\/www.instagram.com\/alex.double.photography\/\">@alex.double.photography<\/a><\/p>\n\t\t\t\t\t\n\t\t\t\t\t\t\t\t\t<\/div>\n\t\t\t\t\t\t\t\t\n\t\t\t\t\t\t\t<\/div>\n\n\t\t\t\t\t\t\t\t<div\n\t\t\t\tclass=\"sow-features-feature sow-icon-container-position-top sow-features-feature-last-row\"\n\t\t\t\tstyle=\"display: flex; flex-direction: column; width: 50%;\"\n\t\t\t>\n\t\t\t\n\t\t\t\t\t\t\t\t<div\n\t\t\t\t\tclass=\"sow-icon-container sow-container-round\"\n\t\t\t\t\tstyle=\"color: #ffffff; \"\n\t\t\t\t\t>\n\t\t\t\t\t<div class=\"sow-icon-image\" style=\"background-image: url(https:\/\/cerca.org.mx\/wp-content\/uploads\/2023\/02\/fe27545c6779f2abe818cfbf2131735e0ec98ead.jpeg); font-size: 100px\"><\/div>\t\t\t\t<\/div>\n\t\t\t\t\n\t\t\t\t<div class=\"textwidget\">\n\t\t\t\t\t\n\t\t\t\t\t\n\t\t\t\t\t\t\t\t\t\t\t<p style=\"text-align: center; margin: 1px;\"><strong>Picfair<\/strong><\/p>\n<p style=\"text-align: center; margin: 1px;\"><a href=\"https:\/\/doubsie.picfair.com\/\">Alex Double<\/a><\/p>\n\t\t\t\t\t\n\t\t\t\t\t\t\t\t\t<\/div>\n\t\t\t\t\t\t\t\t\n\t\t\t\t\t\t\t<\/div>\n\n\t\t\t\n<\/div>\n<\/div><\/div><\/div><\/div><\/div><\/div>","protected":false},"excerpt":{"rendered":"<p>Alex Double Alex &#8220;Doubsie&#8221; Double es un fot\u00f3grafo ingl\u00e9s. Ha estado tomando fotos submarinas por m\u00e1s de 50 a\u00f1os. Su enorme cuerpo de trabajo anterior fue fotografiado en diapositivas de 35 mm, principalmente en el Mar Rojo, donde vivi\u00f3 y trabaj\u00f3 en el mar durante 20 a\u00f1os. Muchas de sus im\u00e1genes han sido impresas en &hellip;<\/p>\n<p class=\"read-more\"> <a class=\"\" href=\"https:\/\/cerca.org.mx\/en\/alex-double\/\"> <span class=\"screen-reader-text\">Alex Double<\/span> Read More &raquo;<\/a><\/p>","protected":false},"author":1,"featured_media":0,"parent":0,"menu_order":0,"comment_status":"closed","ping_status":"closed","template":"","meta":{"footnotes":""},"class_list":["post-4581","page","type-page","status-publish","hentry"],"_links":{"self":[{"href":"https:\/\/cerca.org.mx\/en\/wp-json\/wp\/v2\/pages\/4581","targetHints":{"allow":["GET"]}}],"collection":[{"href":"https:\/\/cerca.org.mx\/en\/wp-json\/wp\/v2\/pages"}],"about":[{"href":"https:\/\/cerca.org.mx\/en\/wp-json\/wp\/v2\/types\/page"}],"author":[{"embeddable":true,"href":"https:\/\/cerca.org.mx\/en\/wp-json\/wp\/v2\/users\/1"}],"replies":[{"embeddable":true,"href":"https:\/\/cerca.org.mx\/en\/wp-json\/wp\/v2\/comments?post=4581"}],"version-history":[{"count":20,"href":"https:\/\/cerca.org.mx\/en\/wp-json\/wp\/v2\/pages\/4581\/revisions"}],"predecessor-version":[{"id":4635,"href":"https:\/\/cerca.org.mx\/en\/wp-json\/wp\/v2\/pages\/4581\/revisions\/4635"}],"wp:attachment":[{"href":"https:\/\/cerca.org.mx\/en\/wp-json\/wp\/v2\/media?parent=4581"}],"curies":[{"name":"wp","href":"https:\/\/api.w.org\/{rel}","templated":true}]}}