{"id":4599,"date":"2023-02-21T14:36:56","date_gmt":"2023-02-21T18:36:56","guid":{"rendered":"https:\/\/cerca.org.mx\/?page_id=4599"},"modified":"2023-02-22T15:27:24","modified_gmt":"2023-02-22T19:27:24","slug":"orso-angulo","status":"publish","type":"page","link":"https:\/\/cerca.org.mx\/en\/orso-angulo\/","title":{"rendered":"Orso Angulo"},"content":{"rendered":"<div id=\"pl-4599\"  class=\"panel-layout\" ><div id=\"pg-4599-0\"  class=\"panel-grid panel-has-style\" ><div class=\"panel-row-style panel-row-style-for-4599-0\" ><div id=\"pgc-4599-0-0\"  class=\"panel-grid-cell\" ><div id=\"panel-4599-0-0-0\" class=\"so-panel widget widget_sow-editor panel-first-child\" data-index=\"0\" ><div\n\t\t\t\n\t\t\tclass=\"so-widget-sow-editor so-widget-sow-editor-base\"\n\t\t\t\n\t\t>\n<div class=\"siteorigin-widget-tinymce textwidget\">\n\t<p><img loading=\"lazy\" decoding=\"async\" class=\"aligncenter wp-image-4679\" style=\"border-radius: 50%;\" src=\"https:\/\/cerca.org.mx\/wp-content\/uploads\/2023\/02\/image1-9-e1677094025959.jpg\" alt=\"\" width=\"250\" height=\"250\" srcset=\"https:\/\/cerca.org.mx\/wp-content\/uploads\/2023\/02\/image1-9-e1677094025959.jpg 505w, https:\/\/cerca.org.mx\/wp-content\/uploads\/2023\/02\/image1-9-e1677094025959-300x300.jpg 300w, https:\/\/cerca.org.mx\/wp-content\/uploads\/2023\/02\/image1-9-e1677094025959-150x150.jpg 150w, https:\/\/cerca.org.mx\/wp-content\/uploads\/2023\/02\/image1-9-e1677094025959-12x12.jpg 12w\" sizes=\"auto, (max-width: 250px) 100vw, 250px\" \/><\/p>\n<\/div>\n<\/div><\/div><div id=\"panel-4599-0-0-1\" class=\"so-panel widget widget_sow-editor\" data-index=\"1\" ><div\n\t\t\t\n\t\t\tclass=\"so-widget-sow-editor so-widget-sow-editor-base\"\n\t\t\t\n\t\t>\n<div class=\"siteorigin-widget-tinymce textwidget\">\n\t<hr \/>\n<h2 style=\"text-align: center;\"><span style=\"color: #2aa5d6;\">Orso Angulo<br \/>\n<\/span><\/h2>\n<hr \/>\n<\/div>\n<\/div><\/div><div id=\"panel-4599-0-0-2\" class=\"so-panel widget widget_sow-editor panel-last-child\" data-index=\"2\" ><div\n\t\t\t\n\t\t\tclass=\"so-widget-sow-editor so-widget-sow-editor-base\"\n\t\t\t\n\t\t>\n<div class=\"siteorigin-widget-tinymce textwidget\">\n\t<p>Orso Juan Angulo Campillo is a visual artist from Mexico City. In 1992 he began his studies in Marine Biology at the University of Baja California Sur, later obtaining the degrees of Master in Science (2003) and Doctor in Science (2009) at the IPN-CICIMAR. Derived from his work, he has written 14 publications in national and international journals and the description of four new species of marine mollusks from Mexico.<\/p>\n<p>He has participated as the person in charge of cutting and installing 6 metal sculptural murals authored by Anibal Angulo, which are located at the \n University of Baja California Sur. In 2017 he joined the Morfos collective and in 2018 they created the commemorative mural for the 55th anniversary of INAPESCA, at the Regional Center for Fisheries and Aquaculture Research in La Paz, B.C.S., in 2019 they presented \"BallenoMorfas\", made up of 9 Gray whale sculptures.<\/p>\n<p>Collectively, he has collaborated in 15 exhibitions, such as; Eighth Sudcalifornian Biennial of Visual Arts (2017), Fotosensible (2018), Mexico: Arte de punta a punta (CDMX, 2019), Las Orillas del Sue\u00f1o (2021).<\/p>\n<p>His permanent contact with the different marine species and his artistic activity motivated him to investigate the technique of the Japanese art GYOTAKU and while on the small research vessels he undertook the task of capturing the different organisms that are captured in the fishing nets. This activity led him to hold his first exhibition in 2015 entitled \"El alma de los peces\", at the Carlos Olachea State Gallery. Subsequently \"Estampas en el tiempo\" (2016) and \"Confalones\" (2017) in the City of La Paz, in 2018 he presented \"IctioSudarium\" at the UNAM Institute of Biology and \"Ictiografias\" in La Paz (2019).<\/p>\n<\/div>\n<\/div><\/div><\/div><\/div><\/div><div id=\"pg-4599-1\"  class=\"panel-grid panel-has-style\" ><div class=\"panel-row-style panel-row-style-for-4599-1\" ><div id=\"pgc-4599-1-0\"  class=\"panel-grid-cell\" ><div id=\"panel-4599-1-0-0\" class=\"so-panel widget widget_sow-features panel-first-child panel-last-child\" data-index=\"3\" ><div\n\t\t\t\n\t\t\tclass=\"so-widget-sow-features so-widget-sow-features-default-6ea22e9017ca-4599\"\n\t\t\t\n\t\t>\n<div class=\"sow-features-list sow-features-responsive\">\n\n\t\t\t\t\t\t\t\t\t<div\n\t\t\t\tclass=\"sow-features-feature sow-icon-container-position-top sow-features-feature-last-row\"\n\t\t\t\tstyle=\"display: flex; flex-direction: column; width: 50%;\"\n\t\t\t>\n\t\t\t\n\t\t\t\t\t\t\t\t<div\n\t\t\t\t\tclass=\"sow-icon-container sow-container-round\"\n\t\t\t\t\tstyle=\"color: #ffffff; \"\n\t\t\t\t\t>\n\t\t\t\t\t<div class=\"sow-icon-image\" style=\"background-image: url(https:\/\/cerca.org.mx\/wp-content\/uploads\/2023\/02\/Facebook_f_logo_2019.svg_.png); font-size: 100px\"><\/div>\t\t\t\t<\/div>\n\t\t\t\t\n\t\t\t\t<div class=\"textwidget\">\n\t\t\t\t\t\n\t\t\t\t\t\n\t\t\t\t\t\t\t\t\t\t\t<p style=\"text-align: center; margin: 1px;\"><strong>Facebook<\/strong><\/p>\n<p style=\"text-align: center; margin: 1px;\"><a href=\"https:\/\/www.facebook.com\/orsarte\">Orsarte Dise\u00f1o<\/a><\/p>\n\t\t\t\t\t\n\t\t\t\t\t\t\t\t\t<\/div>\n\t\t\t\t\t\t\t\t\n\t\t\t\t\t\t\t<\/div>\n\n\t\t\t\t\t\t\t\t<div\n\t\t\t\tclass=\"sow-features-feature sow-icon-container-position-top sow-features-feature-last-row\"\n\t\t\t\tstyle=\"display: flex; flex-direction: column; width: 50%;\"\n\t\t\t>\n\t\t\t\n\t\t\t\t\t\t\t\t<div\n\t\t\t\t\tclass=\"sow-icon-container sow-container-round\"\n\t\t\t\t\tstyle=\"color: #ffffff; \"\n\t\t\t\t\t>\n\t\t\t\t\t<div class=\"sow-icon-image\" style=\"background-image: url(https:\/\/cerca.org.mx\/wp-content\/uploads\/2023\/02\/Instagram_logo_2016.svg_.png); font-size: 100px\"><\/div>\t\t\t\t<\/div>\n\t\t\t\t\n\t\t\t\t<div class=\"textwidget\">\n\t\t\t\t\t\n\t\t\t\t\t\n\t\t\t\t\t\t\t\t\t\t\t<p style=\"text-align: center; margin: 1px;\"><strong>Instagram<\/strong><\/p>\n<p style=\"text-align: center; margin: 1px;\"><a href=\"https:\/\/www.instagram.com\/orsoangulo\/\">@orsoangulo<\/a><\/p>\n\t\t\t\t\t\n\t\t\t\t\t\t\t\t\t<\/div>\n\t\t\t\t\t\t\t\t\n\t\t\t\t\t\t\t<\/div>\n\n\t\t\t\n<\/div>\n<\/div><\/div><\/div><\/div><\/div><\/div>","protected":false},"excerpt":{"rendered":"<p>Orso Angulo Orso Juan Angulo Campillo es un artista pl\u00e1stico proveniente de Ciudad de M\u00e9xico. En 1992 inici\u00f3 sus estudios en Biolog\u00eda marina\u00a0 en la Universidad Aut\u00f3noma de Baja California Sur,\u00a0 posteriormente obtuvo los grados de Maestro en Ciencias\u00a0 (2003) y\u00a0 Doctor en Ciencias\u00a0 (2009) en el IPN-CICIMAR. Derivado de su trabajo ha escrito 14 &hellip;<\/p>\n<p class=\"read-more\"> <a class=\"\" href=\"https:\/\/cerca.org.mx\/en\/orso-angulo\/\"> <span class=\"screen-reader-text\">Orso Angulo<\/span> Read More &raquo;<\/a><\/p>","protected":false},"author":1,"featured_media":0,"parent":0,"menu_order":0,"comment_status":"closed","ping_status":"closed","template":"","meta":{"footnotes":""},"class_list":["post-4599","page","type-page","status-publish","hentry"],"_links":{"self":[{"href":"https:\/\/cerca.org.mx\/en\/wp-json\/wp\/v2\/pages\/4599","targetHints":{"allow":["GET"]}}],"collection":[{"href":"https:\/\/cerca.org.mx\/en\/wp-json\/wp\/v2\/pages"}],"about":[{"href":"https:\/\/cerca.org.mx\/en\/wp-json\/wp\/v2\/types\/page"}],"author":[{"embeddable":true,"href":"https:\/\/cerca.org.mx\/en\/wp-json\/wp\/v2\/users\/1"}],"replies":[{"embeddable":true,"href":"https:\/\/cerca.org.mx\/en\/wp-json\/wp\/v2\/comments?post=4599"}],"version-history":[{"count":13,"href":"https:\/\/cerca.org.mx\/en\/wp-json\/wp\/v2\/pages\/4599\/revisions"}],"predecessor-version":[{"id":4678,"href":"https:\/\/cerca.org.mx\/en\/wp-json\/wp\/v2\/pages\/4599\/revisions\/4678"}],"wp:attachment":[{"href":"https:\/\/cerca.org.mx\/en\/wp-json\/wp\/v2\/media?parent=4599"}],"curies":[{"name":"wp","href":"https:\/\/api.w.org\/{rel}","templated":true}]}}