{"id":4701,"date":"2023-02-22T19:03:32","date_gmt":"2023-02-22T23:03:32","guid":{"rendered":"https:\/\/cerca.org.mx\/?page_id=4701"},"modified":"2023-02-23T15:32:47","modified_gmt":"2023-02-23T19:32:47","slug":"nora-white","status":"publish","type":"page","link":"https:\/\/cerca.org.mx\/en\/nora-white\/","title":{"rendered":"Nora White"},"content":{"rendered":"<div id=\"pl-4701\"  class=\"panel-layout\" ><div id=\"pg-4701-0\"  class=\"panel-grid panel-has-style\" ><div class=\"panel-row-style panel-row-style-for-4701-0\" ><div id=\"pgc-4701-0-0\"  class=\"panel-grid-cell\" ><div id=\"panel-4701-0-0-0\" class=\"so-panel widget widget_sow-editor panel-first-child\" data-index=\"0\" ><div\n\t\t\t\n\t\t\tclass=\"so-widget-sow-editor so-widget-sow-editor-base\"\n\t\t\t\n\t\t>\n<div class=\"siteorigin-widget-tinymce textwidget\">\n\t<p style=\"text-align: center;\"><img loading=\"lazy\" decoding=\"async\" class=\"wp-image-4748 size-full\" style=\"border-radius: 50%;\" src=\"https:\/\/cerca.org.mx\/wp-content\/uploads\/2023\/02\/sx8xgorr8rpgcppbtatg-e1677179674910.jpg\" alt=\"\" width=\"250\" height=\"250\" srcset=\"https:\/\/cerca.org.mx\/wp-content\/uploads\/2023\/02\/sx8xgorr8rpgcppbtatg-e1677179674910.jpg 250w, https:\/\/cerca.org.mx\/wp-content\/uploads\/2023\/02\/sx8xgorr8rpgcppbtatg-e1677179674910-150x150.jpg 150w, https:\/\/cerca.org.mx\/wp-content\/uploads\/2023\/02\/sx8xgorr8rpgcppbtatg-e1677179674910-12x12.jpg 12w\" sizes=\"auto, (max-width: 250px) 100vw, 250px\" \/><\/p>\n<\/div>\n<\/div><\/div><div id=\"panel-4701-0-0-1\" class=\"so-panel widget widget_sow-editor\" data-index=\"1\" ><div\n\t\t\t\n\t\t\tclass=\"so-widget-sow-editor so-widget-sow-editor-base\"\n\t\t\t\n\t\t>\n<div class=\"siteorigin-widget-tinymce textwidget\">\n\t<hr \/>\n<h2 style=\"text-align: center;\"><span style=\"color: #2aa5d6;\">Nora White<br \/>\n<\/span><\/h2>\n<hr \/>\n<\/div>\n<\/div><\/div><div id=\"panel-4701-0-0-2\" class=\"so-panel widget widget_sow-editor panel-last-child\" data-index=\"2\" ><div\n\t\t\t\n\t\t\tclass=\"so-widget-sow-editor so-widget-sow-editor-base\"\n\t\t\t\n\t\t>\n<div class=\"siteorigin-widget-tinymce textwidget\">\n\t<h3><strong>Conceptual Justification<\/strong><\/h3>\n<p>For me there is nothing better than being in the sea surrounded by a school of fish. I hold my breath and dive between them. My dream is to have gills. I arrived in La Paz in 1976 and since then I have seen a huge decline in the fish population. This year I had an experience that I thought I would never live again. In Cabo Pulmo I saw a school of hundreds of Bigeye Jacks (mackerel) , something I saw regularly on Las \u00c1nimas Island in the 80's. I was filled with joy and hope. The Cabo Pulmo marine park is a true refuge for these fish and a great achievement in environmental protection.<\/p>\n<h3><strong>Curriculum Summary<\/strong><\/h3>\n<h4>Born<\/h4>\n<p>1953, Washington DC, USA<\/p>\n<h4>Studies<\/h4>\n<p>B.A. in geology, UC Santa Barbara<\/p>\n<h4>Trades<\/h4>\n<ol>\n<li>Baja Expeditions Tour Guide, UABCS English Teacher<\/li>\n<li>Group Exhibitions 1995-2021: La Paz, Todos Santos, Santa Barbara.<\/li>\n<li>Solo Exhibitions 1993-2007: La Paz, Todos Santos, San Miguel de Allende, D.F., San Diego CA, Yuma AZ<\/li>\n<\/ol>\n<h4>Acknowledgments and Certificates<\/h4>\n<ol>\n<li>2022 - Winner of the Call for Rock Art of\nthe MUABCS<\/li>\n<li>2005 - Acquisition Award of the Second BCS Biennial<\/li>\n<li>2015 - Mention Honorary BCS Biennial<\/li>\n<li>2021 - Honorable Mention<\/li>\n<\/ol>\n<h4>Scholarships<\/h4>\n<p>1999, 1998 Mexico\/USA Trust for Culture, \u201cSculpture, Drawing and Painting: Utah-La Paz Binational Exchange\u201d Project Director Project Director<\/p>\n<\/div>\n<\/div><\/div><\/div><\/div><\/div><div id=\"pg-4701-1\"  class=\"panel-grid panel-has-style\" ><div class=\"panel-row-style panel-row-style-for-4701-1\" ><div id=\"pgc-4701-1-0\"  class=\"panel-grid-cell\" ><div id=\"panel-4701-1-0-0\" class=\"so-panel widget widget_sow-features panel-first-child panel-last-child\" data-index=\"3\" ><div\n\t\t\t\n\t\t\tclass=\"so-widget-sow-features so-widget-sow-features-default-c09f2d03c604-4701\"\n\t\t\t\n\t\t>\n<div class=\"sow-features-list sow-features-responsive\">\n\n\t\t\t\t\t\t\t\t\t<div\n\t\t\t\tclass=\"sow-features-feature sow-icon-container-position-top sow-features-feature-last-row\"\n\t\t\t\tstyle=\"display: flex; flex-direction: column; width: 100%;\"\n\t\t\t>\n\t\t\t\n\t\t\t\t\t\t\t\t<div\n\t\t\t\t\tclass=\"sow-icon-container sow-container-round\"\n\t\t\t\t\tstyle=\"color: #ffffff; \"\n\t\t\t\t\t>\n\t\t\t\t\t<div class=\"sow-icon-image\" style=\"background-image: url(https:\/\/cerca.org.mx\/wp-content\/uploads\/2023\/02\/w9z8qfxf8izvm2mdzj8f_002.png); font-size: 100px\"><\/div>\t\t\t\t<\/div>\n\t\t\t\t\n\t\t\t\t<div class=\"textwidget\">\n\t\t\t\t\t\n\t\t\t\t\t\n\t\t\t\t\t\t\t\t\t\t\t<p style=\"text-align: center; margin: 1px;\"><strong>Website<br \/>\n<\/strong><\/p>\n<p style=\"text-align: center; margin: 1px;\"><a href=\"https:\/\/www.artwithnorawhite.com\">Art with Nora Inc.<\/a><\/p>\n\t\t\t\t\t\n\t\t\t\t\t\t\t\t\t<\/div>\n\t\t\t\t\t\t\t\t\n\t\t\t\t\t\t\t<\/div>\n\n\t\t\t\n<\/div>\n<\/div><\/div><\/div><\/div><\/div><\/div>","protected":false},"excerpt":{"rendered":"<p>Nora White Justificaci\u00f3n Conceptual Para m\u00ed no hay nada mejor que estar en el mar rodeado por un cardumen de peces. Aguanto la respiraci\u00f3n y me sumerjo entre ellas. Mi sue\u00f1o es tener branquias. Llegue a La Paz en 1976 y desde entonces he visto un gran disminuci\u00f3n en la poblaci\u00f3n de peces. Este a\u00f1o &hellip;<\/p>\n<p class=\"read-more\"> <a class=\"\" href=\"https:\/\/cerca.org.mx\/en\/nora-white\/\"> <span class=\"screen-reader-text\">Nora White<\/span> Read More &raquo;<\/a><\/p>","protected":false},"author":1,"featured_media":0,"parent":0,"menu_order":0,"comment_status":"closed","ping_status":"closed","template":"","meta":{"footnotes":""},"class_list":["post-4701","page","type-page","status-publish","hentry"],"_links":{"self":[{"href":"https:\/\/cerca.org.mx\/en\/wp-json\/wp\/v2\/pages\/4701","targetHints":{"allow":["GET"]}}],"collection":[{"href":"https:\/\/cerca.org.mx\/en\/wp-json\/wp\/v2\/pages"}],"about":[{"href":"https:\/\/cerca.org.mx\/en\/wp-json\/wp\/v2\/types\/page"}],"author":[{"embeddable":true,"href":"https:\/\/cerca.org.mx\/en\/wp-json\/wp\/v2\/users\/1"}],"replies":[{"embeddable":true,"href":"https:\/\/cerca.org.mx\/en\/wp-json\/wp\/v2\/comments?post=4701"}],"version-history":[{"count":10,"href":"https:\/\/cerca.org.mx\/en\/wp-json\/wp\/v2\/pages\/4701\/revisions"}],"predecessor-version":[{"id":4752,"href":"https:\/\/cerca.org.mx\/en\/wp-json\/wp\/v2\/pages\/4701\/revisions\/4752"}],"wp:attachment":[{"href":"https:\/\/cerca.org.mx\/en\/wp-json\/wp\/v2\/media?parent=4701"}],"curies":[{"name":"wp","href":"https:\/\/api.w.org\/{rel}","templated":true}]}}