{"id":4727,"date":"2023-02-22T20:04:39","date_gmt":"2023-02-23T00:04:39","guid":{"rendered":"https:\/\/cerca.org.mx\/?page_id=4727"},"modified":"2023-02-23T15:49:22","modified_gmt":"2023-02-23T19:49:22","slug":"alfredo-alvarez","status":"publish","type":"page","link":"https:\/\/cerca.org.mx\/en\/alfredo-alvarez\/","title":{"rendered":"Alfredo \u00c1lvarez"},"content":{"rendered":"<div id=\"pl-4727\"  class=\"panel-layout\" ><div id=\"pg-4727-0\"  class=\"panel-grid panel-has-style\" ><div class=\"panel-row-style panel-row-style-for-4727-0\" ><div id=\"pgc-4727-0-0\"  class=\"panel-grid-cell\" ><div id=\"panel-4727-0-0-0\" class=\"so-panel widget widget_sow-editor panel-first-child\" data-index=\"0\" ><div\n\t\t\t\n\t\t\tclass=\"so-widget-sow-editor so-widget-sow-editor-base\"\n\t\t\t\n\t\t>\n<div class=\"siteorigin-widget-tinymce textwidget\">\n\t<p style=\"text-align: center;\"><img loading=\"lazy\" decoding=\"async\" class=\"wp-image-4728 size-full aligncenter\" style=\"border-radius: 50%;\" src=\"https:\/\/cerca.org.mx\/wp-content\/uploads\/2023\/02\/image2-4-e1677110610272.jpg\" alt=\"\" width=\"250\" height=\"250\" srcset=\"https:\/\/cerca.org.mx\/wp-content\/uploads\/2023\/02\/image2-4-e1677110610272.jpg 250w, https:\/\/cerca.org.mx\/wp-content\/uploads\/2023\/02\/image2-4-e1677110610272-150x150.jpg 150w, https:\/\/cerca.org.mx\/wp-content\/uploads\/2023\/02\/image2-4-e1677110610272-12x12.jpg 12w\" sizes=\"auto, (max-width: 250px) 100vw, 250px\" \/><\/p>\n<\/div>\n<\/div><\/div><div id=\"panel-4727-0-0-1\" class=\"so-panel widget widget_sow-editor\" data-index=\"1\" ><div\n\t\t\t\n\t\t\tclass=\"so-widget-sow-editor so-widget-sow-editor-base\"\n\t\t\t\n\t\t>\n<div class=\"siteorigin-widget-tinymce textwidget\">\n\t<hr \/>\n<h2 style=\"text-align: center;\"><span style=\"color: #2aa5d6;\">Alfredo \u00c1lvarez<br \/>\n<\/span><\/h2>\n<hr \/>\n<\/div>\n<\/div><\/div><div id=\"panel-4727-0-0-2\" class=\"so-panel widget widget_sow-editor panel-last-child\" data-index=\"2\" ><div\n\t\t\t\n\t\t\tclass=\"so-widget-sow-editor so-widget-sow-editor-base\"\n\t\t\t\n\t\t>\n<div class=\"siteorigin-widget-tinymce textwidget\">\n\t<p>He was born in Mexico City, has an academic background in marine sciences, his training in photography is from various courses and workshops, which have allowed him to know different techniques and styles within photography. He started as a photographer in August 2018. He has participated in different contests that have led to show his photographic proposal in group exhibitions at the Cultural Center and Carlos Olachea Gallery, in La Paz, BCS., as well as in the Regional Historical Museum of Cove, BC.<\/p>\n<p>Among his achievements, two honorable mentions stand out, one from of the Ministry of Tourism of Baja California Sur (2019) and another by the Community Photographic Mexican Nature (2020), as well as a first place, awarded by the Municipal Institute of Culture of La Paz (2020), and a second place by the Directorate General and Economic Development and Municipal Directorate of Culture (2022). In 2022 he presents his first individual photographic exhibitions at Casa de la Cultura de BCS., and in General Manuel M\u00e1rquez de Le\u00f3n Cinema Theater, Todos Santos, BCS., cataloging it as a visual artist in photography.<\/p>\n<\/div>\n<\/div><\/div><\/div><\/div><\/div><div id=\"pg-4727-1\"  class=\"panel-grid panel-has-style\" ><div class=\"panel-row-style panel-row-style-for-4727-1\" ><div id=\"pgc-4727-1-0\"  class=\"panel-grid-cell\" ><div id=\"panel-4727-1-0-0\" class=\"so-panel widget widget_sow-features panel-first-child panel-last-child\" data-index=\"3\" ><div\n\t\t\t\n\t\t\tclass=\"so-widget-sow-features so-widget-sow-features-default-c09f2d03c604-4727\"\n\t\t\t\n\t\t>\n<div class=\"sow-features-list sow-features-responsive\">\n\n\t\t\t\t\t\t\t\t\t<div\n\t\t\t\tclass=\"sow-features-feature sow-icon-container-position-top sow-features-feature-last-row\"\n\t\t\t\tstyle=\"display: flex; flex-direction: column; width: 100%;\"\n\t\t\t>\n\t\t\t\n\t\t\t\t\t\t\t\t<div\n\t\t\t\t\tclass=\"sow-icon-container sow-container-round\"\n\t\t\t\t\tstyle=\"color: #ffffff; \"\n\t\t\t\t\t>\n\t\t\t\t\t<div class=\"sow-icon-image\" style=\"background-image: url(https:\/\/cerca.org.mx\/wp-content\/uploads\/2023\/02\/Instagram_logo_2016.svg_.png); font-size: 100px\"><\/div>\t\t\t\t<\/div>\n\t\t\t\t\n\t\t\t\t<div class=\"textwidget\">\n\t\t\t\t\t\n\t\t\t\t\t\n\t\t\t\t\t\t\t\t\t\t\t<p style=\"text-align: center; margin: 1px;\"><strong>Instagram<\/strong><\/p>\n<p class=\"x1lliihq x1plvlek xryxfnj x1n2onr6 x193iq5w xeuugli x1fj9vlw x13faqbe x1vvkbs x1s928wv xhkezso x1gmr53x x1cpjm7i x1fgarty x1943h6x x1i0vuye x1ms8i2q xo1l8bm x5n08af x10wh9bi x1wdrske x8viiok x18hxmgj\" style=\"text-align: center;\"><a href=\"https:\/\/www.instagram.com\/alfredo_z_alvarez\">@alfredo_z_alvarez<\/a><\/p>\n\t\t\t\t\t\n\t\t\t\t\t\t\t\t\t<\/div>\n\t\t\t\t\t\t\t\t\n\t\t\t\t\t\t\t<\/div>\n\n\t\t\t\n<\/div>\n<\/div><\/div><\/div><\/div><\/div><\/div>","protected":false},"excerpt":{"rendered":"<p>Alfredo \u00c1lvarez Naci\u00f3 en la Ciudad de M\u00e9xico, tiene una formaci\u00f3n acad\u00e9mica en ciencias marinas, su capacitaci\u00f3n en fotograf\u00eda es a partir de diversos cursos y talleres, que le han permitido conocer diferentes t\u00e9cnicas y estilos dentro de la fotograf\u00eda. Su trayectoria como fot\u00f3grafo inici\u00f3 en agosto de 2018. Ha participado en diferentes concursos que &hellip;<\/p>\n<p class=\"read-more\"> <a class=\"\" href=\"https:\/\/cerca.org.mx\/en\/alfredo-alvarez\/\"> <span class=\"screen-reader-text\">Alfredo \u00c1lvarez<\/span> Read More &raquo;<\/a><\/p>","protected":false},"author":1,"featured_media":0,"parent":0,"menu_order":0,"comment_status":"closed","ping_status":"closed","template":"","meta":{"footnotes":""},"class_list":["post-4727","page","type-page","status-publish","hentry"],"_links":{"self":[{"href":"https:\/\/cerca.org.mx\/en\/wp-json\/wp\/v2\/pages\/4727","targetHints":{"allow":["GET"]}}],"collection":[{"href":"https:\/\/cerca.org.mx\/en\/wp-json\/wp\/v2\/pages"}],"about":[{"href":"https:\/\/cerca.org.mx\/en\/wp-json\/wp\/v2\/types\/page"}],"author":[{"embeddable":true,"href":"https:\/\/cerca.org.mx\/en\/wp-json\/wp\/v2\/users\/1"}],"replies":[{"embeddable":true,"href":"https:\/\/cerca.org.mx\/en\/wp-json\/wp\/v2\/comments?post=4727"}],"version-history":[{"count":4,"href":"https:\/\/cerca.org.mx\/en\/wp-json\/wp\/v2\/pages\/4727\/revisions"}],"predecessor-version":[{"id":4755,"href":"https:\/\/cerca.org.mx\/en\/wp-json\/wp\/v2\/pages\/4727\/revisions\/4755"}],"wp:attachment":[{"href":"https:\/\/cerca.org.mx\/en\/wp-json\/wp\/v2\/media?parent=4727"}],"curies":[{"name":"wp","href":"https:\/\/api.w.org\/{rel}","templated":true}]}}