{"id":5139,"date":"2023-08-11T12:22:31","date_gmt":"2023-08-11T16:22:31","guid":{"rendered":"https:\/\/cerca.org.mx\/?page_id=5139"},"modified":"2023-08-11T12:22:55","modified_gmt":"2023-08-11T16:22:55","slug":"mauricio-tellez","status":"publish","type":"page","link":"https:\/\/cerca.org.mx\/en\/mauricio-tellez\/","title":{"rendered":"Miembro STAFF Mauricio"},"content":{"rendered":"<div id=\"pl-5139\"  class=\"panel-layout\" ><div id=\"pg-5139-0\"  class=\"panel-grid panel-has-style\" ><div class=\"panel-row-style panel-row-style-for-5139-0\" ><div id=\"pgc-5139-0-0\"  class=\"panel-grid-cell\" ><div class=\"panel-cell-style panel-cell-style-for-5139-0-0\" ><div id=\"panel-5139-0-0-0\" class=\"so-panel widget widget_sow-editor panel-first-child panel-last-child\" data-index=\"0\" ><div\n\t\t\t\n\t\t\tclass=\"so-widget-sow-editor so-widget-sow-editor-base\"\n\t\t\t\n\t\t>\n<div class=\"siteorigin-widget-tinymce textwidget\">\n\t<p style=\"text-align: center;\"><img loading=\"lazy\" decoding=\"async\" class=\"wp-image-5140 aligncenter\" style=\"border-radius: 50%;\" src=\"https:\/\/cerca.org.mx\/wp-content\/uploads\/2023\/08\/foto-curriculum-Mauricio-Tellez-Mendoza-e1691770557171.jpg\" alt=\"\" width=\"450\" height=\"450\" srcset=\"https:\/\/cerca.org.mx\/wp-content\/uploads\/2023\/08\/foto-curriculum-Mauricio-Tellez-Mendoza-e1691770557171.jpg 1454w, https:\/\/cerca.org.mx\/wp-content\/uploads\/2023\/08\/foto-curriculum-Mauricio-Tellez-Mendoza-e1691770557171-300x300.jpg 300w, https:\/\/cerca.org.mx\/wp-content\/uploads\/2023\/08\/foto-curriculum-Mauricio-Tellez-Mendoza-e1691770557171-1024x1024.jpg 1024w, https:\/\/cerca.org.mx\/wp-content\/uploads\/2023\/08\/foto-curriculum-Mauricio-Tellez-Mendoza-e1691770557171-150x150.jpg 150w, https:\/\/cerca.org.mx\/wp-content\/uploads\/2023\/08\/foto-curriculum-Mauricio-Tellez-Mendoza-e1691770557171-768x768.jpg 768w, https:\/\/cerca.org.mx\/wp-content\/uploads\/2023\/08\/foto-curriculum-Mauricio-Tellez-Mendoza-e1691770557171-12x12.jpg 12w\" sizes=\"auto, (max-width: 450px) 100vw, 450px\" \/><\/p>\n<\/div>\n<\/div><\/div><\/div><\/div><div id=\"pgc-5139-0-1\"  class=\"panel-grid-cell\" ><div id=\"panel-5139-0-1-0\" class=\"so-panel widget widget_sow-editor panel-first-child\" data-index=\"1\" ><div\n\t\t\t\n\t\t\tclass=\"so-widget-sow-editor so-widget-sow-editor-base\"\n\t\t\t\n\t\t>\n<div class=\"siteorigin-widget-tinymce textwidget\">\n\t<hr \/>\n\n<h2 style=\"text-align: center;\"><span style=\"color: #2aa5d6;\">Mauricio Tellez Mendoza<\/span><\/h2>\n\n<hr \/><\/div>\n<\/div><\/div><div id=\"panel-5139-0-1-1\" class=\"so-panel widget widget_sow-editor panel-last-child\" data-index=\"2\" ><div\n\t\t\t\n\t\t\tclass=\"so-widget-sow-editor so-widget-sow-editor-base\"\n\t\t\t\n\t\t>\n<div class=\"siteorigin-widget-tinymce textwidget\">\n\t<h4>Mechanical Engineer specialized in Renewable Energies <\/h4>\n<p>Graduated from TecNM Campus Morelia, cyclist, interested in the environment from an early age, I have participated in several projects related to the use of solar energy, as well as design and manufacturing projects with 3D printing.<\/p>\n<h5 style=\"color: #2aa5d6;\">Energy Liaison \/ 2023-Present<\/h5>\n<ul>\n<li><strong>Description:<\/strong> Liaison of the energy department at CERCA, working in coordination with the Head of Department to develop activities related to renewable energy.<\/li>\n<li><strong>Activities performed:<\/strong> Linkage to energy efficiency projects, investigation of electric power production conditions in the state of Baja California State.<\/li>\n<li><strong>Applied skills:<\/strong> Teamwork, willingness to learn, prototype design, research.<\/li>\n<\/ul>\n<\/div>\n<\/div><\/div><\/div><\/div><\/div><\/div>","protected":false},"excerpt":{"rendered":"<p>Mauricio Tellez Mendoza Ingeniero Mec\u00e1nico con especialidad en Energ\u00edas Renovables Titulado del TecNM Campus Morelia, ciclista, interesado por el medio ambiente desde temprana edad, he participado en diversos proyectos relacionados con aprovechamiento de la energ\u00eda solar, as\u00ed como proyectos de dise\u00f1o y manufactura con impresi\u00f3n 3D. Enlace de Energ\u00eda \/ 2023-Actualidad Descripci\u00f3n: Enlace del departamento &hellip;<\/p>\n<p class=\"read-more\"> <a class=\"\" href=\"https:\/\/cerca.org.mx\/en\/mauricio-tellez\/\"> <span class=\"screen-reader-text\">Miembro STAFF Mauricio<\/span> Read More &raquo;<\/a><\/p>","protected":false},"author":1,"featured_media":0,"parent":0,"menu_order":0,"comment_status":"closed","ping_status":"closed","template":"","meta":{"footnotes":""},"class_list":["post-5139","page","type-page","status-publish","hentry"],"_links":{"self":[{"href":"https:\/\/cerca.org.mx\/en\/wp-json\/wp\/v2\/pages\/5139","targetHints":{"allow":["GET"]}}],"collection":[{"href":"https:\/\/cerca.org.mx\/en\/wp-json\/wp\/v2\/pages"}],"about":[{"href":"https:\/\/cerca.org.mx\/en\/wp-json\/wp\/v2\/types\/page"}],"author":[{"embeddable":true,"href":"https:\/\/cerca.org.mx\/en\/wp-json\/wp\/v2\/users\/1"}],"replies":[{"embeddable":true,"href":"https:\/\/cerca.org.mx\/en\/wp-json\/wp\/v2\/comments?post=5139"}],"version-history":[{"count":3,"href":"https:\/\/cerca.org.mx\/en\/wp-json\/wp\/v2\/pages\/5139\/revisions"}],"predecessor-version":[{"id":5143,"href":"https:\/\/cerca.org.mx\/en\/wp-json\/wp\/v2\/pages\/5139\/revisions\/5143"}],"wp:attachment":[{"href":"https:\/\/cerca.org.mx\/en\/wp-json\/wp\/v2\/media?parent=5139"}],"curies":[{"name":"wp","href":"https:\/\/api.w.org\/{rel}","templated":true}]}}