{"id":5365,"date":"2023-11-08T17:46:11","date_gmt":"2023-11-08T21:46:11","guid":{"rendered":"https:\/\/cerca.org.mx\/?page_id=5365"},"modified":"2023-11-08T17:47:20","modified_gmt":"2023-11-08T21:47:20","slug":"socios-corporativos","status":"publish","type":"page","link":"https:\/\/cerca.org.mx\/en\/socios-corporativos\/","title":{"rendered":"Socios Corporativos"},"content":{"rendered":"<div id=\"pl-5365\"  class=\"panel-layout\" ><div id=\"pg-5365-0\"  class=\"panel-grid panel-has-style\" ><div class=\"panel-row-style panel-row-style-for-5365-0\" ><div id=\"pgc-5365-0-0\"  class=\"panel-grid-cell\" ><div id=\"panel-5365-0-0-0\" class=\"so-panel widget widget_sow-headline panel-first-child\" data-index=\"0\" ><div\n\t\t\t\n\t\t\tclass=\"so-widget-sow-headline so-widget-sow-headline-default-9c78e2e9eb6a-5365\"\n\t\t\t\n\t\t><div class=\"sow-headline-container\">\n\t<h2 class='sow-headline'>Socios Corporativos<\/h2>\t\t\t\t\t<div class=\"decoration\">\n\t\t\t\t\t\t<div class=\"decoration-inside\"><\/div>\n\t\t\t\t\t<\/div>\n\t\t\t\t\t<\/div>\n<\/div><\/div><div id=\"panel-5365-0-0-1\" class=\"so-panel widget widget_sow-editor panel-last-child\" data-index=\"1\" ><div\n\t\t\t\n\t\t\tclass=\"so-widget-sow-editor so-widget-sow-editor-base\"\n\t\t\t\n\t\t>\n<div class=\"siteorigin-widget-tinymce textwidget\">\n\t<section class=\"wp-block-uagb-section uagb-section__wrap uagb-section__background-color uagb-block-a25ac488 ticss-389056d0\">\n<div class=\"uagb-section__inner-wrap\">\n<div class=\"wp-block-uagb-advanced-heading uagb-block-1093cfa3 uagb-heading-text\">\n<h2 class=\"uagb-heading-text\"><img loading=\"lazy\" decoding=\"async\" class=\"aligncenter wp-image-5357\" src=\"https:\/\/cerca.org.mx\/wp-content\/uploads\/2023\/10\/line-chart_126425-300x300.png\" alt=\"\" width=\"200\" height=\"200\" srcset=\"https:\/\/cerca.org.mx\/wp-content\/uploads\/2023\/10\/line-chart_126425-300x300.png 300w, https:\/\/cerca.org.mx\/wp-content\/uploads\/2023\/10\/line-chart_126425-150x150.png 150w, https:\/\/cerca.org.mx\/wp-content\/uploads\/2023\/10\/line-chart_126425-12x12.png 12w, https:\/\/cerca.org.mx\/wp-content\/uploads\/2023\/10\/line-chart_126425.png 512w\" sizes=\"auto, (max-width: 200px) 100vw, 200px\" \/><\/h2>\n<p>&nbsp;<\/p>\n<p class=\"has-text-align-center\" style=\"text-align: center;\">Colaboraci\u00f3n con personas morales que representan a empresas grandes y<br \/>\ntransnacionales que operan en Baja California Sur y se suman a la<br \/>\niniciativa con la intenci\u00f3n de apoyar los esfuerzos en la causa en com\u00fan.<\/p>\n<h1 style=\"text-align: center;\">Causas<\/h1>\n<p class=\"uagb-desc-text\">\n<\/div>\n<p><!-- \/wp:uagb\/advanced-heading --><\/p>\n<p><!-- wp:columns {\"hasCustomCSS\":true} --><\/p>\n<div class=\"wp-block-columns\">\n<p><!-- wp:column --><\/p>\n<div class=\"wp-block-column\">\n<p><!-- wp:uagb\/advanced-heading {\"block_id\":\"3db06207\",\"classMigrate\":true,\"headingColor\":\"#000000\",\"subHeadingColor\":\"#000000\",\"separatorColor\":\"#000000\",\"headingTag\":\"h1\",\"level\":1,\"headFontFamily\":\"Roboto\",\"headFontWeight\":\"300\",\"headFontSubset\":\"latin\",\"headFontSize\":25,\"headLoadGoogleFonts\":true,\"className\":\"uagb-heading-text\"} --><\/p>\n<div class=\"wp-block-uagb-advanced-heading uagb-block-3db06207 uagb-heading-text\">\n<h1 class=\"uagb-heading-text\" style=\"text-align: center;\"><strong>Educaci\u00f3n para el empoderamiento<\/strong><\/h1>\n<div class=\"uagb-separator-wrap\" style=\"text-align: center;\">\n<div class=\"uagb-separator\"><\/div>\n<\/div>\n<p class=\"uagb-desc-text\" style=\"text-align: center;\">J\u00f3venes locales con proyectos<br \/>\nde emprendimiento para mejorar<br \/>\nla calidad de vida y el socio ambiente,<br \/>\ntalleres de educaci\u00f3n ambiental,<br \/>\nvoluntariado juvenil activista,<br \/>\nrealizaci\u00f3n de foros, charlas y ponencias.<\/p>\n<\/div>\n<p style=\"text-align: center;\"><!-- \/wp:uagb\/advanced-heading --><\/p>\n<\/div>\n<p style=\"text-align: center;\"><!-- \/wp:column --><\/p>\n<p style=\"text-align: center;\"><!-- wp:column --><\/p>\n<div class=\"wp-block-column\" style=\"text-align: center;\">\n<p><!-- wp:uagb\/advanced-heading {\"block_id\":\"aa9768ee\",\"classMigrate\":true,\"headingColor\":\"#000000\",\"subHeadingColor\":\"#000000\",\"separatorColor\":\"#000000\",\"headingTag\":\"h1\",\"level\":1,\"headFontWeight\":\"300\",\"headFontSize\":25,\"className\":\"uagb-heading-text\"} --><\/p>\n<div class=\"wp-block-uagb-advanced-heading uagb-block-aa9768ee uagb-heading-text\">\n<h1 class=\"uagb-heading-text\"><strong>Calidad Ambiental<\/strong><\/h1>\n<div class=\"uagb-separator-wrap\">\n<div class=\"uagb-separator\"><\/div>\n<\/div>\n<p class=\"uagb-desc-text\">Monitoreo del aire, vigilancia<br \/>\nante las amenazas al aire y<br \/>\nsalud de los sudcalifornianos y<br \/>\nexigencia de medidas para<br \/>\nmejorar la calidad de aire<br \/>\nactual en BCS.<\/p>\n<\/div>\n<p><!-- \/wp:uagb\/advanced-heading --><\/p>\n<\/div>\n<p style=\"text-align: center;\"><!-- \/wp:column --><\/p>\n<p style=\"text-align: center;\"><!-- wp:column --><\/p>\n<div class=\"wp-block-column\">\n<p style=\"text-align: center;\"><!-- wp:uagb\/advanced-heading {\"block_id\":\"2761f90f\",\"classMigrate\":true,\"headingColor\":\"#000000\",\"subHeadingColor\":\"#000000\",\"separatorColor\":\"#000000\",\"headingTag\":\"h1\",\"level\":1,\"headFontWeight\":\"300\",\"headFontSize\":25,\"className\":\"uagb-heading-text\",\"hasCustomCSS\":true} --><\/p>\n<div class=\"wp-block-uagb-advanced-heading uagb-block-2761f90f uagb-heading-text\">\n<h1 class=\"uagb-heading-text\" style=\"text-align: center;\"><strong>Energ\u00eda limpia BCS<\/strong><\/h1>\n<div class=\"uagb-separator-wrap\" style=\"text-align: center;\">\n<div class=\"uagb-separator\"><\/div>\n<\/div>\n<p class=\"uagb-desc-text\" style=\"text-align: center;\">Electrificaci\u00f3n rural y urbana<br \/>\nde la mano de la eficiencia energ\u00e9tica<br \/>\npara nuestras comunidades.<\/p>\n<\/div>\n<p><!-- \/wp:uagb\/advanced-heading --><\/p>\n<p><!-- wp:paragraph --><\/p>\n<p><!-- \/wp:paragraph --><\/p>\n<\/div>\n<p><!-- \/wp:column --><\/p>\n<\/div>\n<p><!-- \/wp:columns --><\/p>\n<p><!-- wp:paragraph --><\/p>\n<p><!-- \/wp:paragraph --><\/p>\n<p><!-- wp:paragraph --><\/p>\n<p><!-- \/wp:paragraph --><\/p>\n<\/div>\n<\/section>\n<\/div>\n<\/div><\/div><\/div><\/div><\/div><div id=\"pg-5365-1\"  class=\"panel-grid panel-has-style\" ><div class=\"panel-row-style panel-row-style-for-5365-1\" ><div id=\"pgc-5365-1-0\"  class=\"panel-grid-cell\" ><div id=\"panel-5365-1-0-0\" class=\"so-panel widget widget_sow-headline panel-first-child\" data-index=\"2\" ><div\n\t\t\t\n\t\t\tclass=\"so-widget-sow-headline so-widget-sow-headline-default-9c78e2e9eb6a-5365\"\n\t\t\t\n\t\t><div class=\"sow-headline-container\">\n\t<h2 class='sow-headline'>Nuestros Socios Corporativos<\/h2>\t\t\t\t\t<div class=\"decoration\">\n\t\t\t\t\t\t<div class=\"decoration-inside\"><\/div>\n\t\t\t\t\t<\/div>\n\t\t\t\t\t<\/div>\n<\/div><\/div><div id=\"panel-5365-1-0-1\" class=\"so-panel widget widget_sow-features panel-last-child\" data-index=\"3\" ><div\n\t\t\t\n\t\t\tclass=\"so-widget-sow-features so-widget-sow-features-default-048262d302aa-5365\"\n\t\t\t\n\t\t>\n<div class=\"sow-features-list sow-features-responsive\">\n\n\t\t\t\t\t\t\t\t\t<div\n\t\t\t\tclass=\"sow-features-feature sow-icon-container-position-top sow-features-feature-last-row\"\n\t\t\t\tstyle=\"display: flex; flex-direction: column; width: 50%;\"\n\t\t\t>\n\t\t\t\n\t\t\t\t\t\t\t\t<div\n\t\t\t\t\tclass=\"sow-icon-container sow-container-round\"\n\t\t\t\t\tstyle=\"color: #ffffff; \"\n\t\t\t\t\t>\n\t\t\t\t\t<div class=\"sow-icon-image\" style=\"background-image: url(https:\/\/cerca.org.mx\/wp-content\/uploads\/2023\/10\/PuertaCortes-300x300.png); font-size: 200px\"><\/div>\t\t\t\t<\/div>\n\t\t\t\t\n\t\t\t\t<div class=\"textwidget\">\n\t\t\t\t\t\n\t\t\t\t\t\t\t\t\t\t\t<h4>\n\t\t\t\t\t\t\t\n\t\t\t\t\t\t\tPuerta Cort\u00e9s\t\t\t\t\t\t\t\t\t\t\t\t\t<\/h4>\n\t\t\t\t\t\n\t\t\t\t\t\t\t\t\t\t\t<p>Socio Corporativo<\/p>\n\t\t\t\t\t\n\t\t\t\t\t\t\t\t\t<\/div>\n\t\t\t\t\t\t\t\t\n\t\t\t\t\t\t\t<\/div>\n\n\t\t\t\t\t\t\t\t<div\n\t\t\t\tclass=\"sow-features-feature sow-icon-container-position-top sow-features-feature-last-row\"\n\t\t\t\tstyle=\"display: flex; flex-direction: column; width: 50%;\"\n\t\t\t>\n\t\t\t\n\t\t\t\t\t\t\t\t<div\n\t\t\t\t\tclass=\"sow-icon-container sow-container-round\"\n\t\t\t\t\tstyle=\"color: #ffffff; \"\n\t\t\t\t\t>\n\t\t\t\t\t<div class=\"sow-icon-image\" style=\"background-image: url(https:\/\/cerca.org.mx\/wp-content\/uploads\/2023\/10\/Solmar.png); font-size: 200px\"><\/div>\t\t\t\t<\/div>\n\t\t\t\t\n\t\t\t\t<div class=\"textwidget\">\n\t\t\t\t\t\n\t\t\t\t\t\t\t\t\t\t\t<h4>\n\t\t\t\t\t\t\t\n\t\t\t\t\t\t\tSolmar\t\t\t\t\t\t\t\t\t\t\t\t\t<\/h4>\n\t\t\t\t\t\n\t\t\t\t\t\t\t\t\t\t\t<p>Socio Corporativo<\/p>\n\t\t\t\t\t\n\t\t\t\t\t\t\t\t\t<\/div>\n\t\t\t\t\t\t\t\t\n\t\t\t\t\t\t\t<\/div>\n\n\t\t\t\n<\/div>\n<\/div><\/div><\/div><\/div><\/div><\/div>","protected":false},"excerpt":{"rendered":"<p>&nbsp; Colaboraci\u00f3n con personas morales que representan a empresas grandes y transnacionales que operan en Baja California Sur y se suman a la iniciativa con la intenci\u00f3n de apoyar los esfuerzos en la causa en com\u00fan. Causas Educaci\u00f3n para el empoderamiento J\u00f3venes locales con proyectos de emprendimiento para mejorar la calidad de vida y el &hellip;<\/p>\n<p class=\"read-more\"> <a class=\"\" href=\"https:\/\/cerca.org.mx\/en\/socios-corporativos\/\"> <span class=\"screen-reader-text\">Socios Corporativos<\/span> Read More &raquo;<\/a><\/p>","protected":false},"author":1,"featured_media":0,"parent":0,"menu_order":0,"comment_status":"closed","ping_status":"closed","template":"","meta":{"footnotes":""},"class_list":["post-5365","page","type-page","status-publish","hentry"],"_links":{"self":[{"href":"https:\/\/cerca.org.mx\/en\/wp-json\/wp\/v2\/pages\/5365","targetHints":{"allow":["GET"]}}],"collection":[{"href":"https:\/\/cerca.org.mx\/en\/wp-json\/wp\/v2\/pages"}],"about":[{"href":"https:\/\/cerca.org.mx\/en\/wp-json\/wp\/v2\/types\/page"}],"author":[{"embeddable":true,"href":"https:\/\/cerca.org.mx\/en\/wp-json\/wp\/v2\/users\/1"}],"replies":[{"embeddable":true,"href":"https:\/\/cerca.org.mx\/en\/wp-json\/wp\/v2\/comments?post=5365"}],"version-history":[{"count":4,"href":"https:\/\/cerca.org.mx\/en\/wp-json\/wp\/v2\/pages\/5365\/revisions"}],"predecessor-version":[{"id":5369,"href":"https:\/\/cerca.org.mx\/en\/wp-json\/wp\/v2\/pages\/5365\/revisions\/5369"}],"wp:attachment":[{"href":"https:\/\/cerca.org.mx\/en\/wp-json\/wp\/v2\/media?parent=5365"}],"curies":[{"name":"wp","href":"https:\/\/api.w.org\/{rel}","templated":true}]}}