{"id":5370,"date":"2023-11-08T17:54:56","date_gmt":"2023-11-08T21:54:56","guid":{"rendered":"https:\/\/cerca.org.mx\/?page_id=5370"},"modified":"2024-05-20T03:14:49","modified_gmt":"2024-05-20T07:14:49","slug":"socios-comunitarios","status":"publish","type":"page","link":"https:\/\/cerca.org.mx\/en\/socios-comunitarios\/","title":{"rendered":"Socios Comunitarios"},"content":{"rendered":"<div id=\"pl-5370\"  class=\"panel-layout\" ><div id=\"pg-5370-0\"  class=\"panel-grid panel-has-style\" ><div class=\"panel-row-style panel-row-style-for-5370-0\" ><div id=\"pgc-5370-0-0\"  class=\"panel-grid-cell\" ><div id=\"panel-5370-0-0-0\" class=\"so-panel widget widget_sow-headline panel-first-child\" data-index=\"0\" ><div\n\t\t\t\n\t\t\tclass=\"so-widget-sow-headline so-widget-sow-headline-default-9c78e2e9eb6a-5370\"\n\t\t\t\n\t\t><div class=\"sow-headline-container\">\n\t<h2 class='sow-headline'>Socios Comunitarios<\/h2>\t\t\t\t\t<div class=\"decoration\">\n\t\t\t\t\t\t<div class=\"decoration-inside\"><\/div>\n\t\t\t\t\t<\/div>\n\t\t\t\t\t<\/div>\n<\/div><\/div><div id=\"panel-5370-0-0-1\" class=\"so-panel widget widget_sow-image\" data-index=\"1\" ><div\n\t\t\t\n\t\t\tclass=\"so-widget-sow-image so-widget-sow-image-default-8b5b6f678277-5370\"\n\t\t\t\n\t\t>\n\n<div class=\"sow-image-container\">\n\t\t<img decoding=\"async\" src=\"https:\/\/cerca.org.mx\/wp-content\/uploads\/2023\/12\/LONA-CERCA-socios_2-scaled.jpg\" width=\"2560\" height=\"1195\" srcset=\"https:\/\/cerca.org.mx\/wp-content\/uploads\/2023\/12\/LONA-CERCA-socios_2-scaled.jpg 2560w, https:\/\/cerca.org.mx\/wp-content\/uploads\/2023\/12\/LONA-CERCA-socios_2-300x140.jpg 300w, https:\/\/cerca.org.mx\/wp-content\/uploads\/2023\/12\/LONA-CERCA-socios_2-1024x478.jpg 1024w, https:\/\/cerca.org.mx\/wp-content\/uploads\/2023\/12\/LONA-CERCA-socios_2-768x358.jpg 768w, https:\/\/cerca.org.mx\/wp-content\/uploads\/2023\/12\/LONA-CERCA-socios_2-1536x717.jpg 1536w, https:\/\/cerca.org.mx\/wp-content\/uploads\/2023\/12\/LONA-CERCA-socios_2-2048x956.jpg 2048w, https:\/\/cerca.org.mx\/wp-content\/uploads\/2023\/12\/LONA-CERCA-socios_2-18x8.jpg 18w\" sizes=\"auto, (max-width: 2560px) 100vw, 2560px\" title=\"LONA CERCA.pdf\" alt=\"\" loading=\"lazy\" \t\tclass=\"so-widget-image\"\/>\n\t<\/div>\n\n<\/div><\/div><div id=\"panel-5370-0-0-2\" class=\"so-panel widget widget_sow-editor panel-last-child\" data-index=\"2\" ><div\n\t\t\t\n\t\t\tclass=\"so-widget-sow-editor so-widget-sow-editor-base\"\n\t\t\t\n\t\t>\n<div class=\"siteorigin-widget-tinymce textwidget\">\n\t<section class=\"wp-block-uagb-section uagb-section__wrap uagb-section__background-color uagb-block-a25ac488 ticss-389056d0\">\n<div class=\"uagb-section__inner-wrap\">\n<div class=\"wp-block-uagb-advanced-heading uagb-block-1093cfa3 uagb-heading-text\">\n<h2 class=\"uagb-heading-text\" style=\"text-align: center;\"><img loading=\"lazy\" decoding=\"async\" class=\"aligncenter wp-image-5358\" src=\"https:\/\/cerca.org.mx\/wp-content\/uploads\/2023\/10\/group_681494.png\" alt=\"\" width=\"200\" height=\"200\" srcset=\"https:\/\/cerca.org.mx\/wp-content\/uploads\/2023\/10\/group_681494.png 512w, https:\/\/cerca.org.mx\/wp-content\/uploads\/2023\/10\/group_681494-300x300.png 300w, https:\/\/cerca.org.mx\/wp-content\/uploads\/2023\/10\/group_681494-150x150.png 150w, https:\/\/cerca.org.mx\/wp-content\/uploads\/2023\/10\/group_681494-12x12.png 12w\" sizes=\"auto, (max-width: 200px) 100vw, 200px\" \/><\/h2>\n<p>&nbsp;<\/p>\n<p class=\"has-text-align-center\" style=\"text-align: center;\">Colaboraci\u00f3n con personas morales o f\u00edsicas que representan a peque\u00f1as o medianas empresas ubicadas en<br \/>\nBaja California Sur que se suman a la iniciativa con la intenci\u00f3n de sumar esfuerzos a la causa en com\u00fan.<\/p>\n<h1 style=\"text-align: center;\">Causas<\/h1>\n<p class=\"uagb-desc-text\">\n<\/div>\n<p><!-- \/wp:uagb\/advanced-heading --><\/p>\n<p><!-- wp:columns {\"hasCustomCSS\":true} --><\/p>\n<div class=\"wp-block-columns\">\n<p><!-- wp:column --><\/p>\n<div class=\"wp-block-column\">\n<p><!-- wp:uagb\/advanced-heading {\"block_id\":\"3db06207\",\"classMigrate\":true,\"headingColor\":\"#000000\",\"subHeadingColor\":\"#000000\",\"separatorColor\":\"#000000\",\"headingTag\":\"h1\",\"level\":1,\"headFontFamily\":\"Roboto\",\"headFontWeight\":\"300\",\"headFontSubset\":\"latin\",\"headFontSize\":25,\"headLoadGoogleFonts\":true,\"className\":\"uagb-heading-text\"} --><\/p>\n<div class=\"wp-block-uagb-advanced-heading uagb-block-3db06207 uagb-heading-text\">\n<h1 class=\"uagb-heading-text\" style=\"text-align: center;\"><strong>CERCA de la comunidad<\/strong><\/h1>\n<div class=\"uagb-separator-wrap\" style=\"text-align: center;\">\n<div class=\"uagb-separator\"><\/div>\n<\/div>\n<p class=\"uagb-desc-text\" style=\"text-align: center;\">S\u00famate a las actividades, digitales y<br \/>\npresenciales, para sensibilizar a la<br \/>\npoblaci\u00f3n sobre los da\u00f1os a la calidad<br \/>\ndel ambiente y como nos afectan.<\/p>\n<\/div>\n<p style=\"text-align: center;\"><!-- \/wp:uagb\/advanced-heading --><\/p>\n<\/div>\n<p style=\"text-align: center;\"><!-- \/wp:column --><\/p>\n<p style=\"text-align: center;\"><!-- wp:column --><\/p>\n<div class=\"wp-block-column\" style=\"text-align: center;\">\n<p><!-- wp:uagb\/advanced-heading {\"block_id\":\"aa9768ee\",\"classMigrate\":true,\"headingColor\":\"#000000\",\"subHeadingColor\":\"#000000\",\"separatorColor\":\"#000000\",\"headingTag\":\"h1\",\"level\":1,\"headFontWeight\":\"300\",\"headFontSize\":25,\"className\":\"uagb-heading-text\"} --><\/p>\n<div class=\"wp-block-uagb-advanced-heading uagb-block-aa9768ee uagb-heading-text\">\n<h1 class=\"uagb-heading-text\"><strong>El Aire que respiro<\/strong><\/h1>\n<div class=\"uagb-separator-wrap\">\n<div class=\"uagb-separator\"><\/div>\n<\/div>\n<p class=\"uagb-desc-text\">S\u00famate a la red de monitoreo ciudadano del aire y al posicionamiento de la<br \/>\ninformaci\u00f3n sobre las condiciones<br \/>\nactuales del aire que todos respiramos.<\/p>\n<\/div>\n<\/div>\n<\/div>\n<\/div>\n<\/section>\n<\/div>\n<\/div><\/div><\/div><\/div><\/div><div id=\"pg-5370-1\"  class=\"panel-grid panel-has-style\" ><div class=\"panel-row-style panel-row-style-for-5370-1\" ><div id=\"pgc-5370-1-0\"  class=\"panel-grid-cell\" ><div id=\"panel-5370-1-0-0\" class=\"so-panel widget widget_sow-headline panel-first-child\" data-index=\"3\" ><div\n\t\t\t\n\t\t\tclass=\"so-widget-sow-headline so-widget-sow-headline-default-9c78e2e9eb6a-5370\"\n\t\t\t\n\t\t><div class=\"sow-headline-container\">\n\t<h2 class='sow-headline'>Nuestros Socios Comunitarios<\/h2>\t\t\t\t\t<div class=\"decoration\">\n\t\t\t\t\t\t<div class=\"decoration-inside\"><\/div>\n\t\t\t\t\t<\/div>\n\t\t\t\t\t<\/div>\n<\/div><\/div><div id=\"panel-5370-1-0-1\" class=\"so-panel widget widget_sow-features\" data-index=\"4\" ><div\n\t\t\t\n\t\t\tclass=\"so-widget-sow-features so-widget-sow-features-default-43490acf94f6-5370\"\n\t\t\t\n\t\t>\n<div class=\"sow-features-list sow-features-responsive\">\n\n\t\t\t\t\t\t\t\t\t<div\n\t\t\t\tclass=\"sow-features-feature sow-icon-container-position-top sow-features-feature-last-row\"\n\t\t\t\tstyle=\"display: flex; flex-direction: column; width: 33.333%;\"\n\t\t\t>\n\t\t\t\n\t\t\t\t\t\t\t\t<div\n\t\t\t\t\tclass=\"sow-icon-container sow-container-round\"\n\t\t\t\t\tstyle=\"color: #ffffff; \"\n\t\t\t\t\t>\n\t\t\t\t\t<div class=\"sow-icon-image\" style=\"background-image: url(https:\/\/cerca.org.mx\/wp-content\/uploads\/2023\/10\/273040499_4797807360300864_8888688415477903086_n-300x300.jpg); font-size: 200px\"><\/div>\t\t\t\t<\/div>\n\t\t\t\t\n\t\t\t\t<div class=\"textwidget\">\n\t\t\t\t\t\n\t\t\t\t\t\t\t\t\t\t\t<h4>\n\t\t\t\t\t\t\t\n\t\t\t\t\t\t\tBaja Digital\t\t\t\t\t\t\t\t\t\t\t\t\t<\/h4>\n\t\t\t\t\t\n\t\t\t\t\t\t\t\t\t\t\t<p>Socio Comunitario<\/p>\n\t\t\t\t\t\n\t\t\t\t\t\t\t\t\t<\/div>\n\t\t\t\t\t\t\t\t\n\t\t\t\t\t\t\t<\/div>\n\n\t\t\t\t\t\t\t\t<div\n\t\t\t\tclass=\"sow-features-feature sow-icon-container-position-top sow-features-feature-last-row\"\n\t\t\t\tstyle=\"display: flex; flex-direction: column; width: 33.333%;\"\n\t\t\t>\n\t\t\t\n\t\t\t\t\t\t\t\t<div\n\t\t\t\t\tclass=\"sow-icon-container sow-container-round\"\n\t\t\t\t\tstyle=\"color: #ffffff; \"\n\t\t\t\t\t>\n\t\t\t\t\t<div class=\"sow-icon-image\" style=\"background-image: url(https:\/\/cerca.org.mx\/wp-content\/uploads\/2023\/10\/Casper.png); font-size: 200px\"><\/div>\t\t\t\t<\/div>\n\t\t\t\t\n\t\t\t\t<div class=\"textwidget\">\n\t\t\t\t\t\n\t\t\t\t\t\t\t\t\t\t\t<h4>\n\t\t\t\t\t\t\t\n\t\t\t\t\t\t\tFerreter\u00edas Casper\t\t\t\t\t\t\t\t\t\t\t\t\t<\/h4>\n\t\t\t\t\t\n\t\t\t\t\t\t\t\t\t\t\t<p>Socio Comunitario<\/p>\n\t\t\t\t\t\n\t\t\t\t\t\t\t\t\t<\/div>\n\t\t\t\t\t\t\t\t\n\t\t\t\t\t\t\t<\/div>\n\n\t\t\t\t\t\t\t\t<div\n\t\t\t\tclass=\"sow-features-feature sow-icon-container-position-top sow-features-feature-last-row\"\n\t\t\t\tstyle=\"display: flex; flex-direction: column; width: 33.333%;\"\n\t\t\t>\n\t\t\t\n\t\t\t\t\t\t\t\t<div\n\t\t\t\t\tclass=\"sow-icon-container sow-container-round\"\n\t\t\t\t\tstyle=\"color: #ffffff; \"\n\t\t\t\t\t>\n\t\t\t\t\t<div class=\"sow-icon-image\" style=\"background-image: url(https:\/\/cerca.org.mx\/wp-content\/uploads\/2023\/10\/Interceramic.png); font-size: 200px\"><\/div>\t\t\t\t<\/div>\n\t\t\t\t\n\t\t\t\t<div class=\"textwidget\">\n\t\t\t\t\t\n\t\t\t\t\t\t\t\t\t\t\t<h4>\n\t\t\t\t\t\t\t\n\t\t\t\t\t\t\tInterceramic Los Cabos\t\t\t\t\t\t\t\t\t\t\t\t\t<\/h4>\n\t\t\t\t\t\n\t\t\t\t\t\t\t\t\t\t\t<p>Socio Comunitario<\/p>\n\t\t\t\t\t\n\t\t\t\t\t\t\t\t\t<\/div>\n\t\t\t\t\t\t\t\t\n\t\t\t\t\t\t\t<\/div>\n\n\t\t\t\n<\/div>\n<\/div><\/div><div id=\"panel-5370-1-0-2\" class=\"so-panel widget widget_sow-features\" data-index=\"5\" ><div\n\t\t\t\n\t\t\tclass=\"so-widget-sow-features so-widget-sow-features-default-43490acf94f6-5370\"\n\t\t\t\n\t\t>\n<div class=\"sow-features-list sow-features-responsive\">\n\n\t\t\t\t\t\t\t\t\t<div\n\t\t\t\tclass=\"sow-features-feature sow-icon-container-position-top sow-features-feature-last-row\"\n\t\t\t\tstyle=\"display: flex; flex-direction: column; width: 33.333%;\"\n\t\t\t>\n\t\t\t\n\t\t\t\t\t\t\t\t<div\n\t\t\t\t\tclass=\"sow-icon-container sow-container-round\"\n\t\t\t\t\tstyle=\"color: #ffffff; \"\n\t\t\t\t\t>\n\t\t\t\t\t<div class=\"sow-icon-image\" style=\"background-image: url(https:\/\/cerca.org.mx\/wp-content\/uploads\/2023\/10\/caboinsurance-300x300.png); font-size: 200px\"><\/div>\t\t\t\t<\/div>\n\t\t\t\t\n\t\t\t\t<div class=\"textwidget\">\n\t\t\t\t\t\n\t\t\t\t\t\t\t\t\t\t\t<h4>\n\t\t\t\t\t\t\t\n\t\t\t\t\t\t\tCabo Insurance\t\t\t\t\t\t\t\t\t\t\t\t\t<\/h4>\n\t\t\t\t\t\n\t\t\t\t\t\t\t\t\t\t\t<p>Socio Comunitario<\/p>\n\t\t\t\t\t\n\t\t\t\t\t\t\t\t\t<\/div>\n\t\t\t\t\t\t\t\t\n\t\t\t\t\t\t\t<\/div>\n\n\t\t\t\t\t\t\t\t<div\n\t\t\t\tclass=\"sow-features-feature sow-icon-container-position-top sow-features-feature-last-row\"\n\t\t\t\tstyle=\"display: flex; flex-direction: column; width: 33.333%;\"\n\t\t\t>\n\t\t\t\n\t\t\t\t\t\t\t\t<div\n\t\t\t\t\tclass=\"sow-icon-container sow-container-round\"\n\t\t\t\t\tstyle=\"color: #ffffff; \"\n\t\t\t\t\t>\n\t\t\t\t\t<div class=\"sow-icon-image\" style=\"background-image: url(https:\/\/cerca.org.mx\/wp-content\/uploads\/2023\/10\/Morenna.png); font-size: 200px\"><\/div>\t\t\t\t<\/div>\n\t\t\t\t\n\t\t\t\t<div class=\"textwidget\">\n\t\t\t\t\t\n\t\t\t\t\t\t\t\t\t\t\t<h4>\n\t\t\t\t\t\t\t\n\t\t\t\t\t\t\tMorenna Swimwear\t\t\t\t\t\t\t\t\t\t\t\t\t<\/h4>\n\t\t\t\t\t\n\t\t\t\t\t\t\t\t\t\t\t<p>Socio Comunitario<\/p>\n\t\t\t\t\t\n\t\t\t\t\t\t\t\t\t<\/div>\n\t\t\t\t\t\t\t\t\n\t\t\t\t\t\t\t<\/div>\n\n\t\t\t\t\t\t\t\t<div\n\t\t\t\tclass=\"sow-features-feature sow-icon-container-position-top sow-features-feature-last-row\"\n\t\t\t\tstyle=\"display: flex; flex-direction: column; width: 33.333%;\"\n\t\t\t>\n\t\t\t\n\t\t\t\t\t\t\t\t<div\n\t\t\t\t\tclass=\"sow-icon-container sow-container-round\"\n\t\t\t\t\tstyle=\"color: #ffffff; \"\n\t\t\t\t\t>\n\t\t\t\t\t<div class=\"sow-icon-image\" style=\"background-image: url(https:\/\/cerca.org.mx\/wp-content\/uploads\/2023\/10\/Marlini.png); font-size: 200px\"><\/div>\t\t\t\t<\/div>\n\t\t\t\t\n\t\t\t\t<div class=\"textwidget\">\n\t\t\t\t\t\n\t\t\t\t\t\t\t\t\t\t\t<h4>\n\t\t\t\t\t\t\t\n\t\t\t\t\t\t\tMarlini Capital\t\t\t\t\t\t\t\t\t\t\t\t\t<\/h4>\n\t\t\t\t\t\n\t\t\t\t\t\t\t\t\t\t\t<p>Socio Comunitario<\/p>\n\t\t\t\t\t\n\t\t\t\t\t\t\t\t\t<\/div>\n\t\t\t\t\t\t\t\t\n\t\t\t\t\t\t\t<\/div>\n\n\t\t\t\n<\/div>\n<\/div><\/div><div id=\"panel-5370-1-0-3\" class=\"so-panel widget widget_sow-features\" data-index=\"6\" ><div\n\t\t\t\n\t\t\tclass=\"so-widget-sow-features so-widget-sow-features-default-43490acf94f6-5370\"\n\t\t\t\n\t\t>\n<div class=\"sow-features-list sow-features-responsive\">\n\n\t\t\t\t\t\t\t\t\t<div\n\t\t\t\tclass=\"sow-features-feature sow-icon-container-position-top\"\n\t\t\t\tstyle=\"display: flex; flex-direction: column; width: 33.333%;\"\n\t\t\t>\n\t\t\t\n\t\t\t\t\t\t\t\t<div\n\t\t\t\t\tclass=\"sow-icon-container sow-container-round\"\n\t\t\t\t\tstyle=\"color: #ffffff; \"\n\t\t\t\t\t>\n\t\t\t\t\t<div class=\"sow-icon-image\" style=\"background-image: url(https:\/\/cerca.org.mx\/wp-content\/uploads\/2023\/10\/CityExpress-300x300.png); font-size: 200px\"><\/div>\t\t\t\t<\/div>\n\t\t\t\t\n\t\t\t\t<div class=\"textwidget\">\n\t\t\t\t\t\n\t\t\t\t\t\t\t\t\t\t\t<h4>\n\t\t\t\t\t\t\t\n\t\t\t\t\t\t\tCity Express La Paz\t\t\t\t\t\t\t\t\t\t\t\t\t<\/h4>\n\t\t\t\t\t\n\t\t\t\t\t\t\t\t\t\t\t<p>Socio Comunitario<\/p>\n\t\t\t\t\t\n\t\t\t\t\t\t\t\t\t<\/div>\n\t\t\t\t\t\t\t\t\n\t\t\t\t\t\t\t<\/div>\n\n\t\t\t\t\t\t\t\t<div\n\t\t\t\tclass=\"sow-features-feature sow-icon-container-position-top\"\n\t\t\t\tstyle=\"display: flex; flex-direction: column; width: 33.333%;\"\n\t\t\t>\n\t\t\t\n\t\t\t\t\t\t\t\t<div\n\t\t\t\t\tclass=\"sow-icon-container sow-container-round\"\n\t\t\t\t\tstyle=\"color: #ffffff; \"\n\t\t\t\t\t>\n\t\t\t\t\t<div class=\"sow-icon-image\" style=\"background-image: url(https:\/\/cerca.org.mx\/wp-content\/uploads\/2023\/10\/Capuchino.png); font-size: 200px\"><\/div>\t\t\t\t<\/div>\n\t\t\t\t\n\t\t\t\t<div class=\"textwidget\">\n\t\t\t\t\t\n\t\t\t\t\t\t\t\t\t\t\t<h4>\n\t\t\t\t\t\t\t\n\t\t\t\t\t\t\tCapuchino Caf\u00e9\t\t\t\t\t\t\t\t\t\t\t\t\t<\/h4>\n\t\t\t\t\t\n\t\t\t\t\t\t\t\t\t\t\t<p>Socio Comunitario<\/p>\n\t\t\t\t\t\n\t\t\t\t\t\t\t\t\t<\/div>\n\t\t\t\t\t\t\t\t\n\t\t\t\t\t\t\t<\/div>\n\n\t\t\t\t\t\t\t\t<div\n\t\t\t\tclass=\"sow-features-feature sow-icon-container-position-top\"\n\t\t\t\tstyle=\"display: flex; flex-direction: column; width: 33.333%;\"\n\t\t\t>\n\t\t\t\n\t\t\t\t\t\t\t\t<div\n\t\t\t\t\tclass=\"sow-icon-container sow-container-round\"\n\t\t\t\t\tstyle=\"color: #ffffff; \"\n\t\t\t\t\t>\n\t\t\t\t\t<div class=\"sow-icon-image\" style=\"background-image: url(https:\/\/cerca.org.mx\/wp-content\/uploads\/2023\/10\/DoceCuarenta.png); font-size: 200px\"><\/div>\t\t\t\t<\/div>\n\t\t\t\t\n\t\t\t\t<div class=\"textwidget\">\n\t\t\t\t\t\n\t\t\t\t\t\t\t\t\t\t\t<h4>\n\t\t\t\t\t\t\t\n\t\t\t\t\t\t\tCafeter\u00eda DoceCuarenta\t\t\t\t\t\t\t\t\t\t\t\t\t<\/h4>\n\t\t\t\t\t\n\t\t\t\t\t\t\t\t\t\t\t<p>Socio Comunitario<\/p>\n\t\t\t\t\t\n\t\t\t\t\t\t\t\t\t<\/div>\n\t\t\t\t\t\t\t\t\n\t\t\t\t\t\t\t<\/div>\n\n\t\t\t\t\t\t\t\t<div\n\t\t\t\tclass=\"sow-features-feature sow-icon-container-position-top sow-features-feature-last-row\"\n\t\t\t\tstyle=\"display: flex; flex-direction: column; width: 33.333%;\"\n\t\t\t>\n\t\t\t\n\t\t\t\t\t\t\t\t<div\n\t\t\t\t\tclass=\"sow-icon-container sow-container-round\"\n\t\t\t\t\tstyle=\"color: #ffffff; \"\n\t\t\t\t\ttitle=\"Hotel La Concha\">\n\t\t\t\t\t<div class=\"sow-icon-image\" style=\"background-image: url(https:\/\/cerca.org.mx\/wp-content\/uploads\/2024\/05\/hotel_laconcha.jpg); font-size: 200px\"><\/div>\t\t\t\t<\/div>\n\t\t\t\t\n\t\t\t\t<div class=\"textwidget\">\n\t\t\t\t\t\n\t\t\t\t\t\t\t\t\t\t\t<h4>\n\t\t\t\t\t\t\t\n\t\t\t\t\t\t\tSocio Comunitario\t\t\t\t\t\t\t\t\t\t\t\t\t<\/h4>\n\t\t\t\t\t\n\t\t\t\t\t\n\t\t\t\t\t\t\t\t\t<\/div>\n\t\t\t\t\t\t\t\t\n\t\t\t\t\t\t\t<\/div>\n\n\t\t\t\n<\/div>\n<\/div><\/div><div id=\"panel-5370-1-0-4\" class=\"so-panel widget widget_sow-features panel-last-child\" data-index=\"7\" ><div\n\t\t\t\n\t\t\tclass=\"so-widget-sow-features so-widget-sow-features-default-2d47700efa81-5370\"\n\t\t\t\n\t\t>\n<div class=\"sow-features-list sow-features-responsive\">\n\n\t\t\t\t\t\t\t\t\t<div\n\t\t\t\tclass=\"sow-features-feature sow-icon-container-position-top sow-features-feature-last-row\"\n\t\t\t\tstyle=\"display: flex; flex-direction: column; width: 100%;\"\n\t\t\t>\n\t\t\t\n\t\t\t\t\t\t\t\t<div\n\t\t\t\t\tclass=\"sow-icon-container sow-container-round\"\n\t\t\t\t\tstyle=\"color: #ffffff; \"\n\t\t\t\t\t>\n\t\t\t\t\t<div class=\"sow-icon-image\" style=\"background-image: url(https:\/\/cerca.org.mx\/wp-content\/uploads\/2023\/11\/Untitled-design.jpg); font-size: 200px\"><\/div>\t\t\t\t<\/div>\n\t\t\t\t\n\t\t\t\t<div class=\"textwidget\">\n\t\t\t\t\t\n\t\t\t\t\t\t\t\t\t\t\t<h4>\n\t\t\t\t\t\t\t\n\t\t\t\t\t\t\tVivero Loma Linda\t\t\t\t\t\t\t\t\t\t\t\t\t<\/h4>\n\t\t\t\t\t\n\t\t\t\t\t\t\t\t\t\t\t<p>Socio Comunitario<\/p>\n\t\t\t\t\t\n\t\t\t\t\t\t\t\t\t<\/div>\n\t\t\t\t\t\t\t\t\n\t\t\t\t\t\t\t<\/div>\n\n\t\t\t\n<\/div>\n<\/div><\/div><\/div><\/div><\/div><\/div>","protected":false},"excerpt":{"rendered":"<p>&nbsp; Colaboraci\u00f3n con personas morales o f\u00edsicas que representan a peque\u00f1as o medianas empresas ubicadas en Baja California Sur que se suman a la iniciativa con la intenci\u00f3n de sumar esfuerzos a la causa en com\u00fan. Causas CERCA de la comunidad S\u00famate a las actividades, digitales y presenciales, para sensibilizar a la poblaci\u00f3n sobre los &hellip;<\/p>\n<p class=\"read-more\"> <a class=\"\" href=\"https:\/\/cerca.org.mx\/en\/socios-comunitarios\/\"> <span class=\"screen-reader-text\">Socios Comunitarios<\/span> Read More &raquo;<\/a><\/p>","protected":false},"author":1,"featured_media":0,"parent":0,"menu_order":0,"comment_status":"closed","ping_status":"closed","template":"","meta":{"footnotes":""},"class_list":["post-5370","page","type-page","status-publish","hentry"],"_links":{"self":[{"href":"https:\/\/cerca.org.mx\/en\/wp-json\/wp\/v2\/pages\/5370","targetHints":{"allow":["GET"]}}],"collection":[{"href":"https:\/\/cerca.org.mx\/en\/wp-json\/wp\/v2\/pages"}],"about":[{"href":"https:\/\/cerca.org.mx\/en\/wp-json\/wp\/v2\/types\/page"}],"author":[{"embeddable":true,"href":"https:\/\/cerca.org.mx\/en\/wp-json\/wp\/v2\/users\/1"}],"replies":[{"embeddable":true,"href":"https:\/\/cerca.org.mx\/en\/wp-json\/wp\/v2\/comments?post=5370"}],"version-history":[{"count":10,"href":"https:\/\/cerca.org.mx\/en\/wp-json\/wp\/v2\/pages\/5370\/revisions"}],"predecessor-version":[{"id":5388,"href":"https:\/\/cerca.org.mx\/en\/wp-json\/wp\/v2\/pages\/5370\/revisions\/5388"}],"wp:attachment":[{"href":"https:\/\/cerca.org.mx\/en\/wp-json\/wp\/v2\/media?parent=5370"}],"curies":[{"name":"wp","href":"https:\/\/api.w.org\/{rel}","templated":true}]}}